{"id":64750,"date":"2026-05-17T09:57:13","date_gmt":"2026-05-17T09:57:13","guid":{"rendered":"https:\/\/senabel.com\/?post_type=product&#038;p=64750"},"modified":"2026-05-17T09:57:14","modified_gmt":"2026-05-17T09:57:14","slug":"almond-harissa-lozina","status":"publish","type":"product","link":"https:\/\/senabel.com\/sv\/product\/almond-harissa-lozina\/","title":{"rendered":"\u0647\u0631\u064a\u0633\u0629 \u0627\u0644\u0644\u0648\u0632 \u0644\u0648\u0632\u064a\u0646\u0627 \u2013 500\u063a"},"content":{"rendered":"<p data-start=\"31\" data-end=\"168\">\u062d\u0644\u0648\u0649 \u0647\u0631\u064a\u0633\u0629 \u0627\u0644\u0644\u0648\u0632 \u0628\u0637\u0628\u0642\u0627\u062a \u0646\u0627\u0639\u0645\u0629 \u0648\u063a\u0646\u064a\u0629\u060c \u0645\u063a\u0637\u0627\u0629 \u0628\u0637\u0628\u0642\u0629 \u0643\u0631\u064a\u0645\u064a\u0629 \u0645\u0632\u064a\u0646\u0629 \u0628\u062d\u0628\u0627\u062a \u0627\u0644\u0641\u0633\u062a\u0642\u060c \u062a\u0642\u062f\u0645 \u0645\u0630\u0627\u0642\u064b\u0627 \u0641\u0627\u062e\u0631\u064b\u0627 \u064a\u062c\u0645\u0639 \u0628\u064a\u0646 \u0646\u0639\u0648\u0645\u0629 \u0627\u0644\u0644\u0648\u0632 \u0648\u0627\u0644\u0637\u0639\u0645 \u0627\u0644\u0634\u0631\u0642\u064a \u0627\u0644\u0623\u0635\u064a\u0644.<\/p>\n<p data-start=\"170\" data-end=\"187\"><strong data-start=\"170\" data-end=\"187\">Produktfunktioner<\/strong><\/p>\n<ul data-start=\"189\" data-end=\"361\">\n<li data-section-id=\"mpkcjh\" data-start=\"189\" data-end=\"217\">\u0642\u0648\u0627\u0645 \u0646\u0627\u0639\u0645 \u0628\u0637\u0628\u0642\u0627\u062a \u0645\u062a\u062c\u0627\u0646\u0633\u0629<\/li>\n<li data-section-id=\"1szc5zp\" data-start=\"218\" data-end=\"251\">\u0645\u062d\u0636\u0631\u0629 \u0645\u0646 \u0627\u0644\u0644\u0648\u0632 \u0628\u0637\u0639\u0645 \u063a\u0646\u064a \u0648\u0645\u0645\u064a\u0632<\/li>\n<li data-section-id=\"1n780w\" data-start=\"252\" data-end=\"292\">\u0645\u0632\u064a\u0646\u0629 \u0628\u062d\u0628\u0627\u062a \u0627\u0644\u0641\u0633\u062a\u0642 \u0644\u0625\u0636\u0627\u0641\u0629 \u0646\u0643\u0647\u0629 \u0641\u0627\u062e\u0631\u0629<\/li>\n<li data-section-id=\"1gsr61i\" data-start=\"293\" data-end=\"331\">Individuellt f\u00f6rpackade f\u00f6r att bevara f\u00e4rskheten<\/li>\n<li data-section-id=\"1fw6d1w\" data-start=\"332\" data-end=\"361\">\u0645\u0646\u0627\u0633\u0628\u0629 \u0644\u0644\u0636\u064a\u0627\u0641\u0629 \u0648\u0627\u0644\u0645\u0646\u0627\u0633\u0628\u0627\u062a<\/li>\n<\/ul>\n<p data-start=\"363\" data-end=\"380\"><strong data-start=\"363\" data-end=\"380\">Produktinformation<\/strong><\/p>\n<ul data-start=\"382\" data-end=\"560\">\n<li data-section-id=\"nytci7\" data-start=\"382\" data-end=\"405\">\u0627\u0644\u0645\u0646\u062a\u062c: \u0647\u0631\u064a\u0633\u0629 \u0627\u0644\u0644\u0648\u0632<\/li>\n<li data-section-id=\"187zvf6\" data-start=\"406\" data-end=\"425\">\u0627\u0644\u0639\u0644\u0627\u0645\u0629: \u0644\u0648\u0632\u064a\u0646\u0627<\/li>\n<li data-section-id=\"1my5sua\" data-start=\"426\" data-end=\"441\">Vikt: 500g<\/li>\n<li data-section-id=\"fvq7fd\" data-start=\"442\" data-end=\"469\">\u0627\u0644\u0646\u0648\u0639: \u062d\u0644\u0648\u0649 \u0634\u0631\u0642\u064a\u0629 \u0645\u063a\u0644\u0641\u0629<\/li>\n<li data-section-id=\"1vm491c\" data-start=\"470\" data-end=\"560\">Till\u00e4mpar:\n<ul data-start=\"483\" data-end=\"560\">\n<li data-section-id=\"1e71pjs\" data-start=\"483\" data-end=\"492\">\u0627\u0644\u0636\u064a\u0627\u0641\u0629<\/li>\n<li data-section-id=\"1x3cpdl\" data-start=\"495\" data-end=\"506\">\u0627\u0644\u0645\u0646\u0627\u0633\u0628\u0627\u062a<\/li>\n<li data-section-id=\"1nm4z9o\" data-start=\"509\" data-end=\"527\">\u0628\u0648\u0641\u064a\u0647\u0627\u062a \u0627\u0644\u062d\u0644\u0648\u064a\u0627\u062a<\/li>\n<li data-section-id=\"1ayldlg\" data-start=\"530\" data-end=\"560\">\u0627\u0644\u0647\u062f\u0627\u064a\u0627 \u0648\u0627\u0644\u062a\u0642\u062f\u064a\u0645\u0627\u062a \u0627\u0644\u0641\u0627\u062e\u0631\u0629<\/li>\n<\/ul>\n<\/li>\n<\/ul>\n<p data-start=\"562\" data-end=\"579\"><strong data-start=\"562\" data-end=\"579\">\u062a\u0639\u0644\u064a\u0645\u0627\u062a \u0627\u0644\u062d\u0641\u0638<\/strong><\/p>\n<ul data-start=\"581\" data-end=\"702\" data-is-last-node=\"\" data-is-only-node=\"\">\n<li data-section-id=\"1p32yzt\" data-start=\"581\" data-end=\"607\">F\u00f6rvaras p\u00e5 en sval och torr plats<\/li>\n<li data-section-id=\"1suw98h\" data-start=\"608\" data-end=\"641\">\u0628\u0639\u064a\u062f\u064b\u0627 \u0639\u0646 \u0627\u0644\u062d\u0631\u0627\u0631\u0629 \u0648\u0623\u0634\u0639\u0629 \u0627\u0644\u0634\u0645\u0633<\/li>\n<li data-section-id=\"gnk8oe\" data-start=\"642\" data-end=\"702\" data-is-last-node=\"\">\u064a\u0641\u0636\u0644 \u0625\u063a\u0644\u0627\u0642 \u0627\u0644\u0639\u0628\u0648\u0629 \u062c\u064a\u062f\u064b\u0627 \u0628\u0639\u062f \u0627\u0644\u0641\u062a\u062d \u0644\u0644\u062d\u0641\u0627\u0638 \u0639\u0644\u0649 \u0627\u0644\u0637\u0639\u0645 \u0648\u0627\u0644\u0642\u0648\u0627\u0645<\/li>\n<\/ul>","protected":false},"excerpt":{"rendered":"<p>\u062d\u0644\u0648\u0649 \u0647\u0631\u064a\u0633\u0629 \u0627\u0644\u0644\u0648\u0632 \u0628\u0637\u0628\u0642\u0627\u062a \u0646\u0627\u0639\u0645\u0629 \u0648\u063a\u0646\u064a\u0629\u060c \u0645\u063a\u0637\u0627\u0629 \u0628\u0637\u0628\u0642\u0629 \u0643\u0631\u064a\u0645\u064a\u0629 \u0645\u0632\u064a\u0646\u0629 \u0628\u062d\u0628\u0627\u062a \u0627\u0644\u0641\u0633\u062a\u0642\u060c \u062a\u0642\u062f\u0645 \u0645\u0630\u0627\u0642\u064b\u0627 \u0641\u0627\u062e\u0631\u064b\u0627 \u064a\u062c\u0645\u0639 \u0628\u064a\u0646 \u0646\u0639\u0648\u0645\u0629 \u0627\u0644\u0644\u0648\u0632 \u0648\u0627\u0644\u0637\u0639\u0645 \u0627\u0644\u0634\u0631\u0642\u064a \u0627\u0644\u0623\u0635\u064a\u0644.<\/p>","protected":false},"featured_media":64751,"template":"","meta":[],"product_brand":[],"product_cat":[299,227],"product_tag":[],"class_list":{"0":"post-64750","1":"product","2":"type-product","3":"status-publish","4":"has-post-thumbnail","6":"product_cat-299","7":"product_cat-227","9":"first","10":"instock","11":"sale","12":"taxable","13":"shipping-taxable","14":"purchasable","15":"product-type-simple"},"_links":{"self":[{"href":"https:\/\/senabel.com\/sv\/wp-json\/wp\/v2\/product\/64750","targetHints":{"allow":["GET"]}}],"collection":[{"href":"https:\/\/senabel.com\/sv\/wp-json\/wp\/v2\/product"}],"about":[{"href":"https:\/\/senabel.com\/sv\/wp-json\/wp\/v2\/types\/product"}],"version-history":[{"count":1,"href":"https:\/\/senabel.com\/sv\/wp-json\/wp\/v2\/product\/64750\/revisions"}],"predecessor-version":[{"id":64752,"href":"https:\/\/senabel.com\/sv\/wp-json\/wp\/v2\/product\/64750\/revisions\/64752"}],"wp:featuredmedia":[{"embeddable":true,"href":"https:\/\/senabel.com\/sv\/wp-json\/wp\/v2\/media\/64751"}],"wp:attachment":[{"href":"https:\/\/senabel.com\/sv\/wp-json\/wp\/v2\/media?parent=64750"}],"wp:term":[{"taxonomy":"product_brand","embeddable":true,"href":"https:\/\/senabel.com\/sv\/wp-json\/wp\/v2\/product_brand?post=64750"},{"taxonomy":"product_cat","embeddable":true,"href":"https:\/\/senabel.com\/sv\/wp-json\/wp\/v2\/product_cat?post=64750"},{"taxonomy":"product_tag","embeddable":true,"href":"https:\/\/senabel.com\/sv\/wp-json\/wp\/v2\/product_tag?post=64750"}],"curies":[{"name":"wp","href":"https:\/\/api.w.org\/{rel}","templated":true}]}}