{"id":64048,"date":"2026-04-26T12:30:11","date_gmt":"2026-04-26T12:30:11","guid":{"rendered":"https:\/\/senabel.com\/?post_type=product&#038;p=64048"},"modified":"2026-04-26T12:30:12","modified_gmt":"2026-04-26T12:30:12","slug":"freeze-dried-lemon-slices","status":"publish","type":"product","link":"https:\/\/senabel.com\/sv\/product\/freeze-dried-lemon-slices\/","title":{"rendered":"\u0634\u0631\u0627\u0626\u062d \u0644\u064a\u0645\u0648\u0646 \u0645\u062c\u0641\u0641\u0629 \u0628\u0627\u0644\u062a\u0628\u0631\u064a\u062f &#8211; 70\u063a"},"content":{"rendered":"<p data-start=\"39\" data-end=\"156\">\u0633\u0646\u0627\u0643 \u0637\u0628\u064a\u0639\u064a \u0628\u0646\u0643\u0647\u0629 \u0627\u0644\u0644\u064a\u0645\u0648\u0646 \u0627\u0644\u0645\u0646\u0639\u0634\u0629 \u0648\u0627\u0644\u062d\u0627\u0645\u0636\u0629\u060c \u0645\u062c\u0641\u0641 \u0628\u062a\u0642\u0646\u064a\u0629 \u0627\u0644\u062a\u062c\u0645\u064a\u062f \u0644\u0644\u062d\u0641\u0627\u0638 \u0639\u0644\u0649 \u0627\u0644\u0637\u0639\u0645 \u0648\u0627\u0644\u0642\u064a\u0645\u0629 \u0627\u0644\u063a\u0630\u0627\u0626\u064a\u0629 \u0645\u0639 \u0642\u0648\u0627\u0645 \u0645\u0642\u0631\u0645\u0634 \u0648\u062e\u0641\u064a\u0641.<\/p>\n<p data-start=\"158\" data-end=\"175\"><strong data-start=\"158\" data-end=\"175\">Produktfunktioner<\/strong><\/p>\n<ul data-start=\"177\" data-end=\"330\">\n<li data-section-id=\"1vuoz2\" data-start=\"177\" data-end=\"201\">\u0637\u0639\u0645 \u0644\u064a\u0645\u0648\u0646 \u0637\u0628\u064a\u0639\u064a \u0645\u0646\u0639\u0634<\/li>\n<li data-section-id=\"hxu04m\" data-start=\"202\" data-end=\"246\">\u0645\u062c\u0641\u0641 \u0628\u062a\u0642\u0646\u064a\u0629 Freeze Dry \u0644\u0644\u062d\u0641\u0627\u0638 \u0639\u0644\u0649 \u0627\u0644\u062c\u0648\u062f\u0629<\/li>\n<li data-section-id=\"qxjzvv\" data-start=\"247\" data-end=\"267\">Krispig och l\u00e4tt konsistens<\/li>\n<li data-section-id=\"4ntmfq\" data-start=\"268\" data-end=\"309\">\u0645\u0646\u0627\u0633\u0628 \u0643\u0633\u0646\u0627\u0643 \u0623\u0648 \u0644\u0644\u0627\u0633\u062a\u062e\u062f\u0627\u0645 \u0641\u064a \u0627\u0644\u0645\u0634\u0631\u0648\u0628\u0627\u062a<\/li>\n<li data-section-id=\"1qfx72n\" data-start=\"310\" data-end=\"330\">\u0646\u0643\u0647\u0629 \u062d\u0645\u0636\u064a\u0629 \u0645\u0645\u064a\u0632\u0629<\/li>\n<\/ul>\n<p data-start=\"332\" data-end=\"349\"><strong data-start=\"332\" data-end=\"349\">Produktinformation<\/strong><\/p>\n<ul data-start=\"351\" data-end=\"466\">\n<li data-section-id=\"1xorvco\" data-start=\"351\" data-end=\"380\">\u0627\u0644\u0645\u0646\u062a\u062c: \u0634\u0631\u0627\u0626\u062d \u0644\u064a\u0645\u0648\u0646 \u0645\u062c\u0641\u0641\u0629<\/li>\n<li data-section-id=\"eqy168\" data-start=\"381\" data-end=\"395\">\u0627\u0644\u0648\u0632\u0646: 70\u063a<\/li>\n<li data-section-id=\"9okuuh\" data-start=\"396\" data-end=\"431\">\u0627\u0644\u0646\u0648\u0639: \u0641\u0648\u0627\u0643\u0647 \u0645\u062c\u0641\u0641\u0629 (Freeze Dry)<\/li>\n<li data-section-id=\"7a1dfi\" data-start=\"432\" data-end=\"449\">Texturer: Krispig<\/li>\n<li data-section-id=\"1084ej\" data-start=\"450\" data-end=\"466\">\u0627\u0644\u0634\u0643\u0644: \u0634\u0631\u0627\u0626\u062d<\/li>\n<\/ul>\n<p data-start=\"468\" data-end=\"487\"><strong data-start=\"468\" data-end=\"487\">\u062a\u0639\u0644\u064a\u0645\u0627\u062a \u0627\u0644\u062a\u062e\u0632\u064a\u0646<\/strong><\/p>\n<ul data-start=\"489\" data-end=\"581\" data-is-last-node=\"\" data-is-only-node=\"\">\n<li data-section-id=\"185xg09\" data-start=\"489\" data-end=\"515\">F\u00f6rvaras p\u00e5 en sval och torr plats<\/li>\n<li data-section-id=\"8jpmkn\" data-start=\"516\" data-end=\"544\">\u0628\u0639\u064a\u062f \u0639\u0646 \u0627\u0644\u0631\u0637\u0648\u0628\u0629 \u0648\u0627\u0644\u062d\u0631\u0627\u0631\u0629<\/li>\n<li data-section-id=\"1ri00me\" data-start=\"545\" data-end=\"581\" data-is-last-node=\"\">Var noga med att st\u00e4nga f\u00f6rpackningen ordentligt efter \u00f6ppnandet<\/li>\n<\/ul>","protected":false},"excerpt":{"rendered":"<p>\u0633\u0646\u0627\u0643 \u0637\u0628\u064a\u0639\u064a \u0628\u0646\u0643\u0647\u0629 \u0627\u0644\u0644\u064a\u0645\u0648\u0646 \u0627\u0644\u0645\u0646\u0639\u0634\u0629 \u0648\u0627\u0644\u062d\u0627\u0645\u0636\u0629\u060c \u0645\u062c\u0641\u0641 \u0628\u062a\u0642\u0646\u064a\u0629 \u0627\u0644\u062a\u062c\u0645\u064a\u062f \u0644\u0644\u062d\u0641\u0627\u0638 \u0639\u0644\u0649 \u0627\u0644\u0637\u0639\u0645 \u0648\u0627\u0644\u0642\u064a\u0645\u0629 \u0627\u0644\u063a\u0630\u0627\u0626\u064a\u0629 \u0645\u0639 \u0642\u0648\u0627\u0645 \u0645\u0642\u0631\u0645\u0634 \u0648\u062e\u0641\u064a\u0641.<\/p>","protected":false},"featured_media":64049,"template":"","meta":[],"product_brand":[],"product_cat":[367],"product_tag":[],"class_list":{"0":"post-64048","1":"product","2":"type-product","3":"status-publish","4":"has-post-thumbnail","6":"product_cat-367","8":"first","9":"instock","10":"taxable","11":"shipping-taxable","12":"purchasable","13":"product-type-simple"},"_links":{"self":[{"href":"https:\/\/senabel.com\/sv\/wp-json\/wp\/v2\/product\/64048","targetHints":{"allow":["GET"]}}],"collection":[{"href":"https:\/\/senabel.com\/sv\/wp-json\/wp\/v2\/product"}],"about":[{"href":"https:\/\/senabel.com\/sv\/wp-json\/wp\/v2\/types\/product"}],"version-history":[{"count":2,"href":"https:\/\/senabel.com\/sv\/wp-json\/wp\/v2\/product\/64048\/revisions"}],"predecessor-version":[{"id":64051,"href":"https:\/\/senabel.com\/sv\/wp-json\/wp\/v2\/product\/64048\/revisions\/64051"}],"wp:featuredmedia":[{"embeddable":true,"href":"https:\/\/senabel.com\/sv\/wp-json\/wp\/v2\/media\/64049"}],"wp:attachment":[{"href":"https:\/\/senabel.com\/sv\/wp-json\/wp\/v2\/media?parent=64048"}],"wp:term":[{"taxonomy":"product_brand","embeddable":true,"href":"https:\/\/senabel.com\/sv\/wp-json\/wp\/v2\/product_brand?post=64048"},{"taxonomy":"product_cat","embeddable":true,"href":"https:\/\/senabel.com\/sv\/wp-json\/wp\/v2\/product_cat?post=64048"},{"taxonomy":"product_tag","embeddable":true,"href":"https:\/\/senabel.com\/sv\/wp-json\/wp\/v2\/product_tag?post=64048"}],"curies":[{"name":"wp","href":"https:\/\/api.w.org\/{rel}","templated":true}]}}