{"id":64037,"date":"2026-04-26T12:30:44","date_gmt":"2026-04-26T12:30:44","guid":{"rendered":"https:\/\/senabel.com\/?post_type=product&#038;p=64037"},"modified":"2026-04-26T12:30:44","modified_gmt":"2026-04-26T12:30:44","slug":"freeze-dried-kumquat-slices","status":"publish","type":"product","link":"https:\/\/senabel.com\/sv\/product\/freeze-dried-kumquat-slices\/","title":{"rendered":"\u0634\u0631\u0627\u0626\u062d \u0643\u0645\u0643\u0648\u0627\u062a \u0645\u062c\u0641\u0641\u0629 \u0628\u0627\u0644\u062a\u0628\u0631\u064a\u062f &#8211; 45\u063a"},"content":{"rendered":"<p data-start=\"40\" data-end=\"181\">\u0633\u0646\u0627\u0643 \u0637\u0628\u064a\u0639\u064a \u0628\u0646\u0643\u0647\u0629 \u0627\u0644\u0643\u0645\u0643\u0648\u0627\u062a \u0627\u0644\u0645\u0646\u0639\u0634\u0629 \u0648\u0627\u0644\u0645\u062a\u0648\u0627\u0632\u0646\u0629 \u0628\u064a\u0646 \u0627\u0644\u062d\u0644\u0627\u0648\u0629 \u0648\u0627\u0644\u062d\u0645\u0648\u0636\u0629\u060c \u0645\u062c\u0641\u0641 \u0628\u062a\u0642\u0646\u064a\u0629 \u0627\u0644\u062a\u062c\u0645\u064a\u062f \u0644\u0644\u062d\u0641\u0627\u0638 \u0639\u0644\u0649 \u0627\u0644\u0637\u0639\u0645 \u0648\u0627\u0644\u0642\u064a\u0645\u0629 \u0627\u0644\u063a\u0630\u0627\u0626\u064a\u0629 \u0645\u0639 \u0642\u0648\u0627\u0645 \u0645\u0642\u0631\u0645\u0634 \u0648\u062e\u0641\u064a\u0641.<\/p>\n<p data-start=\"183\" data-end=\"200\"><strong data-start=\"183\" data-end=\"200\">Produktfunktioner<\/strong><\/p>\n<ul data-start=\"202\" data-end=\"375\">\n<li data-section-id=\"k5dzi5\" data-start=\"202\" data-end=\"240\">\u0637\u0639\u0645 \u0645\u0645\u064a\u0632 \u064a\u062c\u0645\u0639 \u0628\u064a\u0646 \u0627\u0644\u062d\u0644\u0627\u0648\u0629 \u0648\u0627\u0644\u062d\u0645\u0648\u0636\u0629<\/li>\n<li data-section-id=\"hxu04m\" data-start=\"241\" data-end=\"285\">\u0645\u062c\u0641\u0641 \u0628\u062a\u0642\u0646\u064a\u0629 Freeze Dry \u0644\u0644\u062d\u0641\u0627\u0638 \u0639\u0644\u0649 \u0627\u0644\u062c\u0648\u062f\u0629<\/li>\n<li data-section-id=\"qxjzvv\" data-start=\"286\" data-end=\"306\">Krispig och l\u00e4tt konsistens<\/li>\n<li data-section-id=\"mhobrp\" data-start=\"307\" data-end=\"336\">\u0645\u0646\u0627\u0633\u0628 \u0643\u0633\u0646\u0627\u0643 \u0635\u062d\u064a \u0641\u064a \u0623\u064a \u0648\u0642\u062a<\/li>\n<li data-section-id=\"p8pkp9\" data-start=\"337\" data-end=\"375\">\u062a\u062c\u0631\u0628\u0629 \u0645\u062e\u062a\u0644\u0641\u0629 \u0644\u0639\u0634\u0627\u0642 \u0627\u0644\u0646\u0643\u0647\u0627\u062a \u0627\u0644\u062d\u0645\u0636\u064a\u0629<\/li>\n<\/ul>\n<p data-start=\"377\" data-end=\"394\"><strong data-start=\"377\" data-end=\"394\">Produktinformation<\/strong><\/p>\n<ul data-start=\"396\" data-end=\"512\">\n<li data-section-id=\"1qja2yl\" data-start=\"396\" data-end=\"426\">\u0627\u0644\u0645\u0646\u062a\u062c: \u0634\u0631\u0627\u0626\u062d \u0643\u0645\u0643\u0648\u0627\u062a \u0645\u062c\u0641\u0641\u0629<\/li>\n<li data-section-id=\"eqb28m\" data-start=\"427\" data-end=\"441\">\u0627\u0644\u0648\u0632\u0646: 45\u063a<\/li>\n<li data-section-id=\"9okuuh\" data-start=\"442\" data-end=\"477\">\u0627\u0644\u0646\u0648\u0639: \u0641\u0648\u0627\u0643\u0647 \u0645\u062c\u0641\u0641\u0629 (Freeze Dry)<\/li>\n<li data-section-id=\"7a1dfi\" data-start=\"478\" data-end=\"495\">Texturer: Krispig<\/li>\n<li data-section-id=\"1084ej\" data-start=\"496\" data-end=\"512\">\u0627\u0644\u0634\u0643\u0644: \u0634\u0631\u0627\u0626\u062d<\/li>\n<\/ul>\n<p data-start=\"514\" data-end=\"533\"><strong data-start=\"514\" data-end=\"533\">\u062a\u0639\u0644\u064a\u0645\u0627\u062a \u0627\u0644\u062a\u062e\u0632\u064a\u0646<\/strong><\/p>\n<ul data-start=\"535\" data-end=\"627\" data-is-last-node=\"\" data-is-only-node=\"\">\n<li data-section-id=\"185xg09\" data-start=\"535\" data-end=\"561\">F\u00f6rvaras p\u00e5 en sval och torr plats<\/li>\n<li data-section-id=\"8jpmkn\" data-start=\"562\" data-end=\"590\">\u0628\u0639\u064a\u062f \u0639\u0646 \u0627\u0644\u0631\u0637\u0648\u0628\u0629 \u0648\u0627\u0644\u062d\u0631\u0627\u0631\u0629<\/li>\n<li data-section-id=\"1ri00me\" data-start=\"591\" data-end=\"627\" data-is-last-node=\"\">Var noga med att st\u00e4nga f\u00f6rpackningen ordentligt efter \u00f6ppnandet<\/li>\n<\/ul>","protected":false},"excerpt":{"rendered":"<p>\u0633\u0646\u0627\u0643 \u0637\u0628\u064a\u0639\u064a \u0628\u0646\u0643\u0647\u0629 \u0627\u0644\u0643\u0645\u0643\u0648\u0627\u062a \u0627\u0644\u0645\u0646\u0639\u0634\u0629 \u0648\u0627\u0644\u0645\u062a\u0648\u0627\u0632\u0646\u0629 \u0628\u064a\u0646 \u0627\u0644\u062d\u0644\u0627\u0648\u0629 \u0648\u0627\u0644\u062d\u0645\u0648\u0636\u0629\u060c \u0645\u062c\u0641\u0641 \u0628\u062a\u0642\u0646\u064a\u0629 \u0627\u0644\u062a\u062c\u0645\u064a\u062f \u0644\u0644\u062d\u0641\u0627\u0638 \u0639\u0644\u0649 \u0627\u0644\u0637\u0639\u0645 \u0648\u0627\u0644\u0642\u064a\u0645\u0629 \u0627\u0644\u063a\u0630\u0627\u0626\u064a\u0629 \u0645\u0639 \u0642\u0648\u0627\u0645 \u0645\u0642\u0631\u0645\u0634 \u0648\u062e\u0641\u064a\u0641.<\/p>","protected":false},"featured_media":64038,"template":"","meta":[],"product_brand":[],"product_cat":[367],"product_tag":[],"class_list":{"0":"post-64037","1":"product","2":"type-product","3":"status-publish","4":"has-post-thumbnail","6":"product_cat-367","8":"first","9":"instock","10":"taxable","11":"shipping-taxable","12":"purchasable","13":"product-type-simple"},"_links":{"self":[{"href":"https:\/\/senabel.com\/sv\/wp-json\/wp\/v2\/product\/64037","targetHints":{"allow":["GET"]}}],"collection":[{"href":"https:\/\/senabel.com\/sv\/wp-json\/wp\/v2\/product"}],"about":[{"href":"https:\/\/senabel.com\/sv\/wp-json\/wp\/v2\/types\/product"}],"version-history":[{"count":2,"href":"https:\/\/senabel.com\/sv\/wp-json\/wp\/v2\/product\/64037\/revisions"}],"predecessor-version":[{"id":64117,"href":"https:\/\/senabel.com\/sv\/wp-json\/wp\/v2\/product\/64037\/revisions\/64117"}],"wp:featuredmedia":[{"embeddable":true,"href":"https:\/\/senabel.com\/sv\/wp-json\/wp\/v2\/media\/64038"}],"wp:attachment":[{"href":"https:\/\/senabel.com\/sv\/wp-json\/wp\/v2\/media?parent=64037"}],"wp:term":[{"taxonomy":"product_brand","embeddable":true,"href":"https:\/\/senabel.com\/sv\/wp-json\/wp\/v2\/product_brand?post=64037"},{"taxonomy":"product_cat","embeddable":true,"href":"https:\/\/senabel.com\/sv\/wp-json\/wp\/v2\/product_cat?post=64037"},{"taxonomy":"product_tag","embeddable":true,"href":"https:\/\/senabel.com\/sv\/wp-json\/wp\/v2\/product_tag?post=64037"}],"curies":[{"name":"wp","href":"https:\/\/api.w.org\/{rel}","templated":true}]}}