{"id":64034,"date":"2026-04-26T12:34:48","date_gmt":"2026-04-26T12:34:48","guid":{"rendered":"https:\/\/senabel.com\/?post_type=product&#038;p=64034"},"modified":"2026-04-26T12:34:49","modified_gmt":"2026-04-26T12:34:49","slug":"freeze-dried-mixed-fruit-slices","status":"publish","type":"product","link":"https:\/\/senabel.com\/sv\/product\/freeze-dried-mixed-fruit-slices\/","title":{"rendered":"\u0634\u0631\u0627\u0626\u062d \u0641\u0648\u0627\u0643\u0647 \u0645\u0634\u0643\u0644\u0629 \u0645\u062c\u0641\u0641\u0629 \u0628\u0627\u0644\u062a\u0628\u0631\u064a\u062f &#8211; 70\u063a"},"content":{"rendered":"<p data-start=\"45\" data-end=\"163\">\u0645\u0632\u064a\u062c \u0644\u0630\u064a\u0630 \u0645\u0646 \u0627\u0644\u0641\u0648\u0627\u0643\u0647 \u0627\u0644\u0637\u0628\u064a\u0639\u064a\u0629 \u0628\u0646\u0643\u0647\u0629 \u0645\u062a\u0646\u0648\u0639\u0629\u060c \u0645\u062c\u0641\u0641 \u0628\u062a\u0642\u0646\u064a\u0629 \u0627\u0644\u062a\u062c\u0645\u064a\u062f \u0644\u0644\u062d\u0641\u0627\u0638 \u0639\u0644\u0649 \u0627\u0644\u0637\u0639\u0645 \u0648\u0627\u0644\u0642\u064a\u0645\u0629 \u0627\u0644\u063a\u0630\u0627\u0626\u064a\u0629 \u0645\u0639 \u0642\u0648\u0627\u0645 \u0645\u0642\u0631\u0645\u0634 \u0648\u062e\u0641\u064a\u0641.<\/p>\n<p data-start=\"165\" data-end=\"182\"><strong data-start=\"165\" data-end=\"182\">Produktfunktioner<\/strong><\/p>\n<ul data-start=\"184\" data-end=\"336\">\n<li data-section-id=\"e8zlym\" data-start=\"184\" data-end=\"214\">\u062a\u0634\u0643\u064a\u0644\u0629 \u0641\u0648\u0627\u0643\u0647 \u0628\u0646\u0643\u0647\u0627\u062a \u0645\u062a\u0646\u0648\u0639\u0629<\/li>\n<li data-section-id=\"hxu04m\" data-start=\"215\" data-end=\"259\">\u0645\u062c\u0641\u0641 \u0628\u062a\u0642\u0646\u064a\u0629 Freeze Dry \u0644\u0644\u062d\u0641\u0627\u0638 \u0639\u0644\u0649 \u0627\u0644\u062c\u0648\u062f\u0629<\/li>\n<li data-section-id=\"qxjzvv\" data-start=\"260\" data-end=\"280\">Krispig och l\u00e4tt konsistens<\/li>\n<li data-section-id=\"6gyp6i\" data-start=\"281\" data-end=\"305\">\u0645\u0646\u0627\u0633\u0628 \u0643\u0633\u0646\u0627\u0643 \u0635\u062d\u064a \u064a\u0648\u0645\u064a<\/li>\n<li data-section-id=\"9lbtp5\" data-start=\"306\" data-end=\"336\">\u062a\u062c\u0631\u0628\u0629 \u063a\u0646\u064a\u0629 \u0648\u0645\u0645\u062a\u0639\u0629 \u0628\u0643\u0644 \u0642\u0637\u0639\u0629<\/li>\n<\/ul>\n<p data-start=\"338\" data-end=\"355\"><strong data-start=\"338\" data-end=\"355\">Produktinformation<\/strong><\/p>\n<ul data-start=\"357\" data-end=\"485\">\n<li data-section-id=\"1n492fc\" data-start=\"357\" data-end=\"392\">\u0627\u0644\u0645\u0646\u062a\u062c: \u0634\u0631\u0627\u0626\u062d \u0641\u0648\u0627\u0643\u0647 \u0645\u0634\u0643\u0644\u0629 \u0645\u062c\u0641\u0641\u0629<\/li>\n<li data-section-id=\"eqy168\" data-start=\"393\" data-end=\"407\">\u0627\u0644\u0648\u0632\u0646: 70\u063a<\/li>\n<li data-section-id=\"9okuuh\" data-start=\"408\" data-end=\"443\">\u0627\u0644\u0646\u0648\u0639: \u0641\u0648\u0627\u0643\u0647 \u0645\u062c\u0641\u0641\u0629 (Freeze Dry)<\/li>\n<li data-section-id=\"7a1dfi\" data-start=\"444\" data-end=\"461\">Texturer: Krispig<\/li>\n<li data-section-id=\"1lv6m4a\" data-start=\"462\" data-end=\"485\">\u0627\u0644\u0634\u0643\u0644: \u0634\u0631\u0627\u0626\u062d \u0645\u062a\u0646\u0648\u0639\u0629<\/li>\n<\/ul>\n<p data-start=\"487\" data-end=\"506\"><strong data-start=\"487\" data-end=\"506\">\u062a\u0639\u0644\u064a\u0645\u0627\u062a \u0627\u0644\u062a\u062e\u0632\u064a\u0646<\/strong><\/p>\n<ul data-start=\"508\" data-end=\"600\" data-is-last-node=\"\" data-is-only-node=\"\">\n<li data-section-id=\"185xg09\" data-start=\"508\" data-end=\"534\">F\u00f6rvaras p\u00e5 en sval och torr plats<\/li>\n<li data-section-id=\"8jpmkn\" data-start=\"535\" data-end=\"563\">\u0628\u0639\u064a\u062f \u0639\u0646 \u0627\u0644\u0631\u0637\u0648\u0628\u0629 \u0648\u0627\u0644\u062d\u0631\u0627\u0631\u0629<\/li>\n<li data-section-id=\"1ri00me\" data-start=\"564\" data-end=\"600\" data-is-last-node=\"\">Var noga med att st\u00e4nga f\u00f6rpackningen ordentligt efter \u00f6ppnandet<\/li>\n<\/ul>","protected":false},"excerpt":{"rendered":"<p>\u0645\u0632\u064a\u062c \u0644\u0630\u064a\u0630 \u0645\u0646 \u0627\u0644\u0641\u0648\u0627\u0643\u0647 \u0627\u0644\u0637\u0628\u064a\u0639\u064a\u0629 \u0628\u0646\u0643\u0647\u0629 \u0645\u062a\u0646\u0648\u0639\u0629\u060c \u0645\u062c\u0641\u0641 \u0628\u062a\u0642\u0646\u064a\u0629 \u0627\u0644\u062a\u062c\u0645\u064a\u062f \u0644\u0644\u062d\u0641\u0627\u0638 \u0639\u0644\u0649 \u0627\u0644\u0637\u0639\u0645 \u0648\u0627\u0644\u0642\u064a\u0645\u0629 \u0627\u0644\u063a\u0630\u0627\u0626\u064a\u0629 \u0645\u0639 \u0642\u0648\u0627\u0645 \u0645\u0642\u0631\u0645\u0634 \u0648\u062e\u0641\u064a\u0641.<\/p>","protected":false},"featured_media":64035,"template":"","meta":[],"product_brand":[],"product_cat":[367],"product_tag":[],"class_list":{"0":"post-64034","1":"product","2":"type-product","3":"status-publish","4":"has-post-thumbnail","6":"product_cat-367","8":"first","9":"instock","10":"taxable","11":"shipping-taxable","12":"purchasable","13":"product-type-simple"},"_links":{"self":[{"href":"https:\/\/senabel.com\/sv\/wp-json\/wp\/v2\/product\/64034","targetHints":{"allow":["GET"]}}],"collection":[{"href":"https:\/\/senabel.com\/sv\/wp-json\/wp\/v2\/product"}],"about":[{"href":"https:\/\/senabel.com\/sv\/wp-json\/wp\/v2\/types\/product"}],"version-history":[{"count":1,"href":"https:\/\/senabel.com\/sv\/wp-json\/wp\/v2\/product\/64034\/revisions"}],"predecessor-version":[{"id":64036,"href":"https:\/\/senabel.com\/sv\/wp-json\/wp\/v2\/product\/64034\/revisions\/64036"}],"wp:featuredmedia":[{"embeddable":true,"href":"https:\/\/senabel.com\/sv\/wp-json\/wp\/v2\/media\/64035"}],"wp:attachment":[{"href":"https:\/\/senabel.com\/sv\/wp-json\/wp\/v2\/media?parent=64034"}],"wp:term":[{"taxonomy":"product_brand","embeddable":true,"href":"https:\/\/senabel.com\/sv\/wp-json\/wp\/v2\/product_brand?post=64034"},{"taxonomy":"product_cat","embeddable":true,"href":"https:\/\/senabel.com\/sv\/wp-json\/wp\/v2\/product_cat?post=64034"},{"taxonomy":"product_tag","embeddable":true,"href":"https:\/\/senabel.com\/sv\/wp-json\/wp\/v2\/product_tag?post=64034"}],"curies":[{"name":"wp","href":"https:\/\/api.w.org\/{rel}","templated":true}]}}