{"id":64022,"date":"2026-04-26T12:36:35","date_gmt":"2026-04-26T12:36:35","guid":{"rendered":"https:\/\/senabel.com\/?post_type=product&#038;p=64022"},"modified":"2026-04-26T12:36:35","modified_gmt":"2026-04-26T12:36:35","slug":"freeze-dried-apple-slices","status":"publish","type":"product","link":"https:\/\/senabel.com\/sv\/product\/freeze-dried-apple-slices\/","title":{"rendered":"\u0634\u0631\u0627\u0626\u062d \u062a\u0641\u0627\u062d \u0645\u062c\u0641\u0641 \u0628\u0627\u0644\u062a\u0628\u0631\u064a\u062f &#8211; 35\u063a"},"content":{"rendered":"<p data-start=\"37\" data-end=\"150\">\u0633\u0646\u0627\u0643 \u0637\u0628\u064a\u0639\u064a \u0628\u0646\u0643\u0647\u0629 \u0627\u0644\u062a\u0641\u0627\u062d \u0627\u0644\u062d\u0644\u0648 \u0648\u0627\u0644\u0645\u0646\u0639\u0634\u060c \u0645\u062c\u0641\u0641 \u0628\u062a\u0642\u0646\u064a\u0629 \u0627\u0644\u062a\u062c\u0645\u064a\u062f \u0644\u0644\u062d\u0641\u0627\u0638 \u0639\u0644\u0649 \u0627\u0644\u0637\u0639\u0645 \u0648\u0627\u0644\u0642\u064a\u0645\u0629 \u0627\u0644\u063a\u0630\u0627\u0626\u064a\u0629 \u0645\u0639 \u0642\u0648\u0627\u0645 \u0645\u0642\u0631\u0645\u0634 \u0648\u062e\u0641\u064a\u0641.<\/p>\n<p data-start=\"152\" data-end=\"169\"><strong data-start=\"152\" data-end=\"169\">Produktfunktioner<\/strong><\/p>\n<ul data-start=\"171\" data-end=\"305\">\n<li data-section-id=\"1it80a\" data-start=\"171\" data-end=\"194\">\u0637\u0639\u0645 \u062a\u0641\u0627\u062d \u0637\u0628\u064a\u0639\u064a \u0644\u0630\u064a\u0630<\/li>\n<li data-section-id=\"hxu04m\" data-start=\"195\" data-end=\"239\">\u0645\u062c\u0641\u0641 \u0628\u062a\u0642\u0646\u064a\u0629 Freeze Dry \u0644\u0644\u062d\u0641\u0627\u0638 \u0639\u0644\u0649 \u0627\u0644\u062c\u0648\u062f\u0629<\/li>\n<li data-section-id=\"qxjzvv\" data-start=\"240\" data-end=\"260\">Krispig och l\u00e4tt konsistens<\/li>\n<li data-section-id=\"6gyp6i\" data-start=\"261\" data-end=\"285\">\u0645\u0646\u0627\u0633\u0628 \u0643\u0633\u0646\u0627\u0643 \u0635\u062d\u064a \u064a\u0648\u0645\u064a<\/li>\n<li data-section-id=\"1e88ptn\" data-start=\"286\" data-end=\"305\">\u062e\u0641\u064a\u0641 \u0648\u0633\u0647\u0644 \u0627\u0644\u062d\u0645\u0644<\/li>\n<\/ul>\n<p data-start=\"307\" data-end=\"324\"><strong data-start=\"307\" data-end=\"324\">Produktinformation<\/strong><\/p>\n<ul data-start=\"326\" data-end=\"439\">\n<li data-section-id=\"11g1ij9\" data-start=\"326\" data-end=\"353\">\u0627\u0644\u0645\u0646\u062a\u062c: \u0634\u0631\u0627\u0626\u062d \u062a\u0641\u0627\u062d \u0645\u062c\u0641\u0641<\/li>\n<li data-section-id=\"eudbf4\" data-start=\"354\" data-end=\"368\">\u0627\u0644\u0648\u0632\u0646: 35\u063a<\/li>\n<li data-section-id=\"9okuuh\" data-start=\"369\" data-end=\"404\">\u0627\u0644\u0646\u0648\u0639: \u0641\u0648\u0627\u0643\u0647 \u0645\u062c\u0641\u0641\u0629 (Freeze Dry)<\/li>\n<li data-section-id=\"7a1dfi\" data-start=\"405\" data-end=\"422\">Texturer: Krispig<\/li>\n<li data-section-id=\"1084ej\" data-start=\"423\" data-end=\"439\">\u0627\u0644\u0634\u0643\u0644: \u0634\u0631\u0627\u0626\u062d<\/li>\n<\/ul>\n<p data-start=\"441\" data-end=\"460\"><strong data-start=\"441\" data-end=\"460\">\u062a\u0639\u0644\u064a\u0645\u0627\u062a \u0627\u0644\u062a\u062e\u0632\u064a\u0646<\/strong><\/p>\n<ul data-start=\"462\" data-end=\"554\" data-is-last-node=\"\" data-is-only-node=\"\">\n<li data-section-id=\"185xg09\" data-start=\"462\" data-end=\"488\">F\u00f6rvaras p\u00e5 en sval och torr plats<\/li>\n<li data-section-id=\"8jpmkn\" data-start=\"489\" data-end=\"517\">\u0628\u0639\u064a\u062f \u0639\u0646 \u0627\u0644\u0631\u0637\u0648\u0628\u0629 \u0648\u0627\u0644\u062d\u0631\u0627\u0631\u0629<\/li>\n<li data-section-id=\"1ri00me\" data-start=\"518\" data-end=\"554\" data-is-last-node=\"\">Var noga med att st\u00e4nga f\u00f6rpackningen ordentligt efter \u00f6ppnandet<\/li>\n<\/ul>","protected":false},"excerpt":{"rendered":"<p>\u0633\u0646\u0627\u0643 \u0637\u0628\u064a\u0639\u064a \u0628\u0646\u0643\u0647\u0629 \u0627\u0644\u062a\u0641\u0627\u062d \u0627\u0644\u062d\u0644\u0648 \u0648\u0627\u0644\u0645\u0646\u0639\u0634\u060c \u0645\u062c\u0641\u0641 \u0628\u062a\u0642\u0646\u064a\u0629 \u0627\u0644\u062a\u062c\u0645\u064a\u062f \u0644\u0644\u062d\u0641\u0627\u0638 \u0639\u0644\u0649 \u0627\u0644\u0637\u0639\u0645 \u0648\u0627\u0644\u0642\u064a\u0645\u0629 \u0627\u0644\u063a\u0630\u0627\u0626\u064a\u0629 \u0645\u0639 \u0642\u0648\u0627\u0645 \u0645\u0642\u0631\u0645\u0634 \u0648\u062e\u0641\u064a\u0641.<\/p>","protected":false},"featured_media":64023,"template":"","meta":[],"product_brand":[],"product_cat":[367],"product_tag":[],"class_list":{"0":"post-64022","1":"product","2":"type-product","3":"status-publish","4":"has-post-thumbnail","6":"product_cat-367","8":"first","9":"instock","10":"taxable","11":"shipping-taxable","12":"purchasable","13":"product-type-simple"},"_links":{"self":[{"href":"https:\/\/senabel.com\/sv\/wp-json\/wp\/v2\/product\/64022","targetHints":{"allow":["GET"]}}],"collection":[{"href":"https:\/\/senabel.com\/sv\/wp-json\/wp\/v2\/product"}],"about":[{"href":"https:\/\/senabel.com\/sv\/wp-json\/wp\/v2\/types\/product"}],"version-history":[{"count":4,"href":"https:\/\/senabel.com\/sv\/wp-json\/wp\/v2\/product\/64022\/revisions"}],"predecessor-version":[{"id":64123,"href":"https:\/\/senabel.com\/sv\/wp-json\/wp\/v2\/product\/64022\/revisions\/64123"}],"wp:featuredmedia":[{"embeddable":true,"href":"https:\/\/senabel.com\/sv\/wp-json\/wp\/v2\/media\/64023"}],"wp:attachment":[{"href":"https:\/\/senabel.com\/sv\/wp-json\/wp\/v2\/media?parent=64022"}],"wp:term":[{"taxonomy":"product_brand","embeddable":true,"href":"https:\/\/senabel.com\/sv\/wp-json\/wp\/v2\/product_brand?post=64022"},{"taxonomy":"product_cat","embeddable":true,"href":"https:\/\/senabel.com\/sv\/wp-json\/wp\/v2\/product_cat?post=64022"},{"taxonomy":"product_tag","embeddable":true,"href":"https:\/\/senabel.com\/sv\/wp-json\/wp\/v2\/product_tag?post=64022"}],"curies":[{"name":"wp","href":"https:\/\/api.w.org\/{rel}","templated":true}]}}