{"id":64015,"date":"2026-04-26T12:37:43","date_gmt":"2026-04-26T12:37:43","guid":{"rendered":"https:\/\/senabel.com\/?post_type=product&#038;p=64015"},"modified":"2026-04-26T12:37:44","modified_gmt":"2026-04-26T12:37:44","slug":"freeze-dried-peach-slices","status":"publish","type":"product","link":"https:\/\/senabel.com\/sv\/product\/freeze-dried-peach-slices\/","title":{"rendered":"\u0634\u0631\u0627\u0626\u062d \u062e\u0648\u062e \u0645\u062c\u0641\u0641 \u0628\u0627\u0644\u062a\u0628\u0631\u064a\u062f &#8211; 90\u063a"},"content":{"rendered":"<p data-start=\"36\" data-end=\"148\">\u0633\u0646\u0627\u0643 \u0637\u0628\u064a\u0639\u064a \u0628\u0637\u0639\u0645 \u0627\u0644\u062e\u0648\u062e \u0627\u0644\u062d\u0644\u0648 \u0648\u0627\u0644\u0645\u0646\u0639\u0634\u060c \u0645\u062c\u0641\u0641 \u0628\u062a\u0642\u0646\u064a\u0629 \u0627\u0644\u062a\u062c\u0645\u064a\u062f \u0644\u0644\u062d\u0641\u0627\u0638 \u0639\u0644\u0649 \u0627\u0644\u0646\u0643\u0647\u0629 \u0648\u0627\u0644\u0642\u064a\u0645\u0629 \u0627\u0644\u063a\u0630\u0627\u0626\u064a\u0629 \u0645\u0639 \u0642\u0648\u0627\u0645 \u0645\u0642\u0631\u0645\u0634 \u0648\u062e\u0641\u064a\u0641.<\/p>\n<p data-start=\"150\" data-end=\"167\"><strong data-start=\"150\" data-end=\"167\">Produktfunktioner<\/strong><\/p>\n<ul data-start=\"169\" data-end=\"319\">\n<li data-section-id=\"1iohlaz\" data-start=\"169\" data-end=\"190\">\u0637\u0639\u0645 \u062e\u0648\u062e \u0637\u0628\u064a\u0639\u064a \u063a\u0646\u064a<\/li>\n<li data-section-id=\"hxu04m\" data-start=\"191\" data-end=\"235\">\u0645\u062c\u0641\u0641 \u0628\u062a\u0642\u0646\u064a\u0629 Freeze Dry \u0644\u0644\u062d\u0641\u0627\u0638 \u0639\u0644\u0649 \u0627\u0644\u062c\u0648\u062f\u0629<\/li>\n<li data-section-id=\"qxjzvv\" data-start=\"236\" data-end=\"256\">Krispig och l\u00e4tt konsistens<\/li>\n<li data-section-id=\"mhobrp\" data-start=\"257\" data-end=\"286\">\u0645\u0646\u0627\u0633\u0628 \u0643\u0633\u0646\u0627\u0643 \u0635\u062d\u064a \u0641\u064a \u0623\u064a \u0648\u0642\u062a<\/li>\n<li data-section-id=\"yi2xy9\" data-start=\"287\" data-end=\"319\">\u062e\u0627\u0644\u064a \u0645\u0646 \u0627\u0644\u0631\u0637\u0648\u0628\u0629 \u0648\u0633\u0647\u0644 \u0627\u0644\u062a\u062e\u0632\u064a\u0646<\/li>\n<\/ul>\n<p data-start=\"321\" data-end=\"338\"><strong data-start=\"321\" data-end=\"338\">Produktinformation<\/strong><\/p>\n<ul data-start=\"340\" data-end=\"452\">\n<li data-section-id=\"bonc7w\" data-start=\"340\" data-end=\"366\">\u0627\u0644\u0645\u0646\u062a\u062c: \u0634\u0631\u0627\u0626\u062d \u062e\u0648\u062e \u0645\u062c\u0641\u0641<\/li>\n<li data-section-id=\"endw1q\" data-start=\"367\" data-end=\"381\">\u0627\u0644\u0648\u0632\u0646: 90\u063a<\/li>\n<li data-section-id=\"9okuuh\" data-start=\"382\" data-end=\"417\">\u0627\u0644\u0646\u0648\u0639: \u0641\u0648\u0627\u0643\u0647 \u0645\u062c\u0641\u0641\u0629 (Freeze Dry)<\/li>\n<li data-section-id=\"7a1dfi\" data-start=\"418\" data-end=\"435\">Texturer: Krispig<\/li>\n<li data-section-id=\"1084ej\" data-start=\"436\" data-end=\"452\">\u0627\u0644\u0634\u0643\u0644: \u0634\u0631\u0627\u0626\u062d<\/li>\n<\/ul>\n<p data-start=\"454\" data-end=\"473\"><strong data-start=\"454\" data-end=\"473\">\u062a\u0639\u0644\u064a\u0645\u0627\u062a \u0627\u0644\u062a\u062e\u0632\u064a\u0646<\/strong><\/p>\n<ul data-start=\"475\" data-end=\"567\" data-is-last-node=\"\" data-is-only-node=\"\">\n<li data-section-id=\"185xg09\" data-start=\"475\" data-end=\"501\">F\u00f6rvaras p\u00e5 en sval och torr plats<\/li>\n<li data-section-id=\"8jpmkn\" data-start=\"502\" data-end=\"530\">\u0628\u0639\u064a\u062f \u0639\u0646 \u0627\u0644\u0631\u0637\u0648\u0628\u0629 \u0648\u0627\u0644\u062d\u0631\u0627\u0631\u0629<\/li>\n<li data-section-id=\"1ri00me\" data-start=\"531\" data-end=\"567\" data-is-last-node=\"\">Var noga med att st\u00e4nga f\u00f6rpackningen ordentligt efter \u00f6ppnandet<\/li>\n<\/ul>","protected":false},"excerpt":{"rendered":"<p>\u0633\u0646\u0627\u0643 \u0637\u0628\u064a\u0639\u064a \u0628\u0637\u0639\u0645 \u0627\u0644\u062e\u0648\u062e \u0627\u0644\u062d\u0644\u0648 \u0648\u0627\u0644\u0645\u0646\u0639\u0634\u060c \u0645\u062c\u0641\u0641 \u0628\u062a\u0642\u0646\u064a\u0629 \u0627\u0644\u062a\u062c\u0645\u064a\u062f \u0644\u0644\u062d\u0641\u0627\u0638 \u0639\u0644\u0649 \u0627\u0644\u0646\u0643\u0647\u0629 \u0648\u0627\u0644\u0642\u064a\u0645\u0629 \u0627\u0644\u063a\u0630\u0627\u0626\u064a\u0629 \u0645\u0639 \u0642\u0648\u0627\u0645 \u0645\u0642\u0631\u0645\u0634 \u0648\u062e\u0641\u064a\u0641.<\/p>","protected":false},"featured_media":64016,"template":"","meta":[],"product_brand":[],"product_cat":[367],"product_tag":[],"class_list":{"0":"post-64015","1":"product","2":"type-product","3":"status-publish","4":"has-post-thumbnail","6":"product_cat-367","8":"first","9":"instock","10":"taxable","11":"shipping-taxable","12":"purchasable","13":"product-type-simple"},"_links":{"self":[{"href":"https:\/\/senabel.com\/sv\/wp-json\/wp\/v2\/product\/64015","targetHints":{"allow":["GET"]}}],"collection":[{"href":"https:\/\/senabel.com\/sv\/wp-json\/wp\/v2\/product"}],"about":[{"href":"https:\/\/senabel.com\/sv\/wp-json\/wp\/v2\/types\/product"}],"version-history":[{"count":1,"href":"https:\/\/senabel.com\/sv\/wp-json\/wp\/v2\/product\/64015\/revisions"}],"predecessor-version":[{"id":64017,"href":"https:\/\/senabel.com\/sv\/wp-json\/wp\/v2\/product\/64015\/revisions\/64017"}],"wp:featuredmedia":[{"embeddable":true,"href":"https:\/\/senabel.com\/sv\/wp-json\/wp\/v2\/media\/64016"}],"wp:attachment":[{"href":"https:\/\/senabel.com\/sv\/wp-json\/wp\/v2\/media?parent=64015"}],"wp:term":[{"taxonomy":"product_brand","embeddable":true,"href":"https:\/\/senabel.com\/sv\/wp-json\/wp\/v2\/product_brand?post=64015"},{"taxonomy":"product_cat","embeddable":true,"href":"https:\/\/senabel.com\/sv\/wp-json\/wp\/v2\/product_cat?post=64015"},{"taxonomy":"product_tag","embeddable":true,"href":"https:\/\/senabel.com\/sv\/wp-json\/wp\/v2\/product_tag?post=64015"}],"curies":[{"name":"wp","href":"https:\/\/api.w.org\/{rel}","templated":true}]}}