{"id":63473,"date":"2026-03-31T11:55:01","date_gmt":"2026-03-31T11:55:01","guid":{"rendered":"https:\/\/senabel.com\/?post_type=product&#038;p=63473"},"modified":"2026-04-15T11:25:01","modified_gmt":"2026-04-15T11:25:01","slug":"elegant-chocolate-filled-with-nuts-per-piece","status":"publish","type":"product","link":"https:\/\/senabel.com\/sv\/product\/elegant-chocolate-filled-with-nuts-per-piece\/","title":{"rendered":"\u0644\u0648\u062d \u0634\u0648\u0643\u0648\u0644\u0627 \u0627\u0644\u064a\u062c\u0627\u0646\u062a"},"content":{"rendered":"<p data-start=\"77\" data-end=\"229\">\u0642\u0637\u0639\u0629 \u0634\u0648\u0643\u0648\u0644\u0627 \u0641\u0627\u062e\u0631\u0629 \u0628\u062d\u062c\u0645 \u0623\u0643\u0628\u0631\u060c \u0645\u063a\u0644\u0641\u0629 \u0628\u062a\u0635\u0645\u064a\u0645 \u0645\u0631\u0628\u0639 \u0628\u0627\u0644\u0644\u0648\u0646 \u0627\u0644\u0630\u0647\u0628\u064a \u0645\u0646 \u0639\u0644\u0627\u0645\u0629 <strong data-start=\"164\" data-end=\"175\">\u0627\u0644\u064a\u062c\u0627\u0646\u062a<\/strong>\u060c \u062e\u064a\u0627\u0631 \u0645\u062b\u0627\u0644\u064a \u0644\u0644\u062a\u0642\u062f\u064a\u0645 \u0627\u0644\u0641\u062e\u0645 \u0623\u0648 \u0627\u0644\u0647\u062f\u0627\u064a\u0627 \u0627\u0644\u0641\u0631\u062f\u064a\u0629 \u0627\u0644\u0645\u0645\u064a\u0632\u0629.<\/p>\n<p data-start=\"231\" data-end=\"248\"><strong data-start=\"231\" data-end=\"248\">Produktfunktioner<\/strong><\/p>\n<ul data-start=\"250\" data-end=\"396\">\n<li data-section-id=\"vtihrx\" data-start=\"279\" data-end=\"312\">\u062d\u062c\u0645 \u0643\u0628\u064a\u0631 \u0645\u0646\u0627\u0633\u0628 \u0644\u0644\u062a\u0642\u062f\u064a\u0645 \u0627\u0644\u0641\u0631\u062f\u064a<\/li>\n<li data-section-id=\"1egeo2k\" data-start=\"313\" data-end=\"342\">\u062a\u063a\u0644\u064a\u0641 \u0645\u0631\u0628\u0639 \u0628\u0644\u0648\u0646 \u0630\u0647\u0628\u064a \u0641\u0627\u062e\u0631<\/li>\n<li data-section-id=\"1ypcax6\" data-start=\"343\" data-end=\"368\">\u0637\u0639\u0645 \u0645\u062a\u0648\u0627\u0632\u0646 \u0648\u0642\u0648\u0627\u0645 \u0646\u0627\u0639\u0645<\/li>\n<li data-section-id=\"kenyxo\" data-start=\"369\" data-end=\"396\">Perfekt f\u00f6r g\u00e4stfrihet och g\u00e5vor<\/li>\n<\/ul>\n<p data-start=\"398\" data-end=\"415\"><strong data-start=\"398\" data-end=\"415\">Produktinformation<\/strong><\/p>\n<ul data-start=\"417\" data-end=\"610\">\n<li data-section-id=\"1d2t2pi\" data-start=\"417\" data-end=\"448\">\u0627\u0644\u0645\u0646\u062a\u062c: \u0634\u0648\u0643\u0648\u0644\u0627<\/li>\n<li data-section-id=\"c2q915\" data-start=\"449\" data-end=\"478\">\u0627\u0644\u0639\u0644\u0627\u0645\u0629 \u0627\u0644\u062a\u062c\u0627\u0631\u064a\u0629: \u0627\u0644\u064a\u062c\u0627\u0646\u062a<\/li>\n<li data-section-id=\"1qwntfy\" data-start=\"479\" data-end=\"494\">\u0627\u0644\u0644\u0648\u0646: \u0630\u0647\u0628\u064a<\/li>\n<li data-section-id=\"s61t9b\" data-start=\"495\" data-end=\"524\">\u0637\u0631\u064a\u0642\u0629 \u0627\u0644\u0628\u064a\u0639: \u062a\u0628\u0627\u0639 \u0628\u0627\u0644\u0642\u0637\u0639\u0629<\/li>\n<li data-section-id=\"17o3sml\" data-start=\"525\" data-end=\"548\">\u0627\u0644\u0646\u0648\u0639: \u0634\u0648\u0643\u0648\u0644\u0627<\/li>\n<li data-section-id=\"9ta37k\" data-start=\"549\" data-end=\"567\">\u0627\u0644\u062d\u0634\u0648\u0629: \u0633\u0627\u062f\u0629<\/li>\n<li data-section-id=\"1pp3esd\" data-start=\"568\" data-end=\"588\">\u0627\u0644\u0634\u0643\u0644: \u0645\u0631\u0628\u0639 \u0645\u063a\u0644\u0641<\/li>\n<li data-section-id=\"vwr822\" data-start=\"589\" data-end=\"610\">\u0627\u0644\u0623\u0628\u0639\u0627\u062f: 8 \u00d7 8 \u0633\u0645<\/li>\n<\/ul>\n<p data-start=\"612\" data-end=\"631\"><strong data-start=\"612\" data-end=\"631\">\u062a\u0639\u0644\u064a\u0645\u0627\u062a \u0627\u0644\u062a\u062e\u0632\u064a\u0646<\/strong><\/p>\n<ul data-start=\"633\" data-end=\"738\" data-is-last-node=\"\" data-is-only-node=\"\">\n<li data-section-id=\"185xg09\" data-start=\"633\" data-end=\"659\">F\u00f6rvaras p\u00e5 en sval och torr plats<\/li>\n<li data-section-id=\"exfjpj\" data-start=\"660\" data-end=\"688\">\u0628\u0639\u064a\u062f \u0639\u0646 \u0627\u0644\u062d\u0631\u0627\u0631\u0629 \u0648\u0627\u0644\u0631\u0637\u0648\u0628\u0629<\/li>\n<li data-section-id=\"1jlcaq2\" data-start=\"689\" data-end=\"738\" data-is-last-node=\"\">\u064a\u0641\u0636\u0644 \u062d\u0641\u0638\u0647 \u0628\u0639\u0644\u0628\u0629 \u0645\u062d\u0643\u0645\u0629 \u0627\u0644\u0625\u063a\u0644\u0627\u0642 \u0644\u0644\u062d\u0641\u0627\u0638 \u0639\u0644\u0649 \u0627\u0644\u062c\u0648\u062f\u0629<\/li>\n<\/ul>","protected":false},"excerpt":{"rendered":"<p>\u0642\u0637\u0639\u0629 \u0634\u0648\u0643\u0648\u0644\u0627 \u0641\u0627\u062e\u0631\u0629 \u0628\u062d\u062c\u0645 \u0623\u0643\u0628\u0631\u060c \u0645\u062d\u0634\u064a\u0629 \u0628\u0627\u0644\u0645\u0643\u0633\u0631\u0627\u062a \u0648\u0645\u063a\u0644\u0641\u0629 \u0628\u062a\u0635\u0645\u064a\u0645 \u0645\u0631\u0628\u0639 \u0628\u0627\u0644\u0644\u0648\u0646 \u0627\u0644\u0630\u0647\u0628\u064a \u0645\u0646 \u0639\u0644\u0627\u0645\u0629 <strong data-start=\"164\" data-end=\"175\">\u0627\u0644\u064a\u062c\u0627\u0646\u062a<\/strong>\u060c \u062e\u064a\u0627\u0631 \u0645\u062b\u0627\u0644\u064a \u0644\u0644\u062a\u0642\u062f\u064a\u0645 \u0627\u0644\u0641\u062e\u0645 \u0623\u0648 \u0627\u0644\u0647\u062f\u0627\u064a\u0627 \u0627\u0644\u0641\u0631\u062f\u064a\u0629 \u0627\u0644\u0645\u0645\u064a\u0632\u0629.<\/p>","protected":false},"featured_media":63474,"template":"","meta":[],"product_brand":[],"product_cat":[297,377,347],"product_tag":[],"class_list":{"0":"post-63473","1":"product","2":"type-product","3":"status-publish","4":"has-post-thumbnail","6":"product_cat-297","7":"product_cat-377","8":"product_cat-347","10":"first","11":"instock","12":"taxable","13":"shipping-taxable","14":"purchasable","15":"product-type-simple"},"_links":{"self":[{"href":"https:\/\/senabel.com\/sv\/wp-json\/wp\/v2\/product\/63473","targetHints":{"allow":["GET"]}}],"collection":[{"href":"https:\/\/senabel.com\/sv\/wp-json\/wp\/v2\/product"}],"about":[{"href":"https:\/\/senabel.com\/sv\/wp-json\/wp\/v2\/types\/product"}],"version-history":[{"count":5,"href":"https:\/\/senabel.com\/sv\/wp-json\/wp\/v2\/product\/63473\/revisions"}],"predecessor-version":[{"id":63736,"href":"https:\/\/senabel.com\/sv\/wp-json\/wp\/v2\/product\/63473\/revisions\/63736"}],"wp:featuredmedia":[{"embeddable":true,"href":"https:\/\/senabel.com\/sv\/wp-json\/wp\/v2\/media\/63474"}],"wp:attachment":[{"href":"https:\/\/senabel.com\/sv\/wp-json\/wp\/v2\/media?parent=63473"}],"wp:term":[{"taxonomy":"product_brand","embeddable":true,"href":"https:\/\/senabel.com\/sv\/wp-json\/wp\/v2\/product_brand?post=63473"},{"taxonomy":"product_cat","embeddable":true,"href":"https:\/\/senabel.com\/sv\/wp-json\/wp\/v2\/product_cat?post=63473"},{"taxonomy":"product_tag","embeddable":true,"href":"https:\/\/senabel.com\/sv\/wp-json\/wp\/v2\/product_tag?post=63473"}],"curies":[{"name":"wp","href":"https:\/\/api.w.org\/{rel}","templated":true}]}}