{"id":62508,"date":"2026-03-14T11:42:58","date_gmt":"2026-03-14T11:42:58","guid":{"rendered":"https:\/\/senabel.com\/?post_type=product&#038;p=62508"},"modified":"2026-04-25T15:36:21","modified_gmt":"2026-04-25T15:36:21","slug":"homsi-bread-sweet","status":"publish","type":"product","link":"https:\/\/senabel.com\/sv\/product\/homsi-bread-sweet\/","title":{"rendered":"\u062d\u0644\u0627\u0648\u0629 \u062d\u0645\u0635\u064a\u0629 \u062e\u0628\u0632\u064a\u0629 \u0645\u0646 \u0623\u0628\u0648 \u0627\u0644\u0644\u0628\u0646 \u2013 500\u063a"},"content":{"rendered":"<p data-start=\"53\" data-end=\"267\">\u062d\u0644\u0627\u0648\u0629 \u062d\u0645\u0635\u064a\u0629 \u062e\u0628\u0632\u064a\u0629 \u0645\u0645\u064a\u0632\u0629 \u0645\u0646 \u0623\u0628\u0648 \u0627\u0644\u0644\u0628\u0646\u060c \u062a\u062c\u0645\u0639 \u0628\u064a\u0646 \u0627\u0644\u0644\u0648\u0646\u064a\u0646 \u0627\u0644\u0632\u0647\u0631\u064a \u0648\u0627\u0644\u0633\u0643\u0651\u0631\u064a \u0641\u064a \u0645\u0632\u064a\u062c \u0644\u0630\u064a\u0630 \u0645\u0646 \u0627\u0644\u0642\u0631\u0645\u0634\u0629 \u0648\u0627\u0644\u0637\u0631\u0627\u0648\u0629. \u062a\u064f\u0639\u062f \u0645\u0646 \u0623\u0634\u0647\u0631 \u0627\u0644\u062d\u0644\u0648\u064a\u0627\u062a \u0627\u0644\u062a\u0642\u0644\u064a\u062f\u064a\u0629 \u0627\u0644\u0645\u062d\u0628\u0648\u0628\u0629\u060c \u0648\u062a\u0623\u062a\u064a \u0628\u0637\u0639\u0645 \u0645\u062a\u0648\u0627\u0632\u0646 \u064a\u0646\u0627\u0633\u0628 \u062c\u0645\u064a\u0639 \u0627\u0644\u0623\u0630\u0648\u0627\u0642.<\/p>\n<p data-start=\"269\" data-end=\"283\"><strong data-start=\"269\" data-end=\"281\">Funktioner<\/strong><\/p>\n<ul data-start=\"284\" data-end=\"455\">\n<li data-start=\"284\" data-end=\"318\">\n<p data-start=\"286\" data-end=\"318\">Autentisk traditionell smak med h\u00f6g kvalitet<\/p>\n<\/li>\n<li data-start=\"319\" data-end=\"378\">\n<p data-start=\"321\" data-end=\"378\">En vacker f\u00e4rgkombination (rosa + socker) uppmuntrar till servering och g\u00e4stfrihet.<\/p>\n<\/li>\n<li data-start=\"379\" data-end=\"399\">\n<p data-start=\"381\" data-end=\"399\">Krispig och l\u00e4tt konsistens<\/p>\n<\/li>\n<li data-start=\"400\" data-end=\"455\">\n<p data-start=\"402\" data-end=\"455\">\u0645\u0646 \u0623\u0628\u0648 \u0627\u0644\u0644\u0628\u0646 \u0627\u0644\u0645\u0634\u0647\u0648\u0631\u0629 \u0628\u062c\u0648\u062f\u0629 \u0645\u0646\u062a\u062c\u0627\u062a\u0647\u0627<\/p>\n<\/li>\n<\/ul>\n<p data-start=\"457\" data-end=\"476\"><strong data-start=\"457\" data-end=\"474\">Produktinformation<\/strong><\/p>\n<ul data-start=\"477\" data-end=\"563\">\n<li data-start=\"477\" data-end=\"496\">\n<p data-start=\"479\" data-end=\"496\">Vikt: 500 gram<\/p>\n<\/li>\n<li data-start=\"497\" data-end=\"525\">\n<p data-start=\"499\" data-end=\"525\">Typ: S\u00f6tt kik\u00e4rtsbr\u00f6d<\/p>\n<\/li>\n<li data-start=\"526\" data-end=\"563\">\n<p data-start=\"528\" data-end=\"563\">L\u00e4mplig f\u00f6r festliga tillf\u00e4llen eller vardagsbruk<\/p>\n<\/li>\n<\/ul>\n<p data-start=\"565\" data-end=\"582\"><strong data-start=\"565\" data-end=\"580\">Anv\u00e4ndningsomr\u00e5den<\/strong><\/p>\n<ul data-start=\"583\" data-end=\"677\">\n<li data-start=\"583\" data-end=\"612\">\n<p data-start=\"585\" data-end=\"612\">Perfekt till te eller kaffe<\/p>\n<\/li>\n<li data-start=\"613\" data-end=\"644\">\n<p data-start=\"615\" data-end=\"644\">L\u00e4mplig f\u00f6r g\u00e4stfrihet vid evenemang<\/p>\n<\/li>\n<li data-start=\"645\" data-end=\"677\">\n<p data-start=\"647\" data-end=\"677\">L\u00e4mplig f\u00f6r barn och vuxna<\/p>\n<\/li>\n<\/ul>\n<p data-start=\"679\" data-end=\"692\"><strong data-start=\"679\" data-end=\"690\">F\u00f6rvaring<\/strong><\/p>\n<ul data-start=\"693\" data-end=\"785\">\n<li data-start=\"693\" data-end=\"729\">\n<p data-start=\"695\" data-end=\"729\">F\u00f6rvara p\u00e5 en torr plats, skyddad fr\u00e5n solljus.<\/p>\n<\/li>\n<li data-start=\"730\" data-end=\"785\">\n<p data-start=\"732\" data-end=\"785\">St\u00e4ng locket ordentligt efter anv\u00e4ndning f\u00f6r att bibeh\u00e5lla krispigheten.<\/p>\n<\/li>\n<\/ul>","protected":false},"excerpt":{"rendered":"<p>\u062d\u0644\u0627\u0648\u0629 \u062d\u0645\u0635\u064a\u0629 \u062e\u0628\u0632\u064a\u0629 \u0645\u0645\u064a\u0632\u0629 \u0645\u0646 \u0623\u0628\u0648 \u0627\u0644\u0644\u0628\u0646\u060c \u062a\u062c\u0645\u0639 \u0628\u064a\u0646 \u0627\u0644\u0644\u0648\u0646\u064a\u0646 \u0627\u0644\u0632\u0647\u0631\u064a \u0648\u0627\u0644\u0633\u0643\u0651\u0631\u064a \u0641\u064a \u0645\u0632\u064a\u062c \u0644\u0630\u064a\u0630 \u0645\u0646 \u0627\u0644\u0642\u0631\u0645\u0634\u0629 \u0648\u0627\u0644\u0637\u0631\u0627\u0648\u0629. \u062a\u064f\u0639\u062f \u0645\u0646 \u0623\u0634\u0647\u0631 \u0627\u0644\u062d\u0644\u0648\u064a\u0627\u062a \u0627\u0644\u062a\u0642\u0644\u064a\u062f\u064a\u0629 \u0627\u0644\u0645\u062d\u0628\u0648\u0628\u0629\u060c \u0648\u062a\u0623\u062a\u064a \u0628\u0637\u0639\u0645 \u0645\u062a\u0648\u0627\u0632\u0646 \u064a\u0646\u0627\u0633\u0628 \u062c\u0645\u064a\u0639 \u0627\u0644\u0623\u0630\u0648\u0627\u0642.<\/p>","protected":false},"featured_media":62509,"template":"","meta":[],"product_brand":[],"product_cat":[220,347],"product_tag":[],"class_list":{"0":"post-62508","1":"product","2":"type-product","3":"status-publish","4":"has-post-thumbnail","6":"product_cat-220","7":"product_cat-347","9":"first","10":"instock","11":"taxable","12":"shipping-taxable","13":"purchasable","14":"product-type-simple"},"_links":{"self":[{"href":"https:\/\/senabel.com\/sv\/wp-json\/wp\/v2\/product\/62508","targetHints":{"allow":["GET"]}}],"collection":[{"href":"https:\/\/senabel.com\/sv\/wp-json\/wp\/v2\/product"}],"about":[{"href":"https:\/\/senabel.com\/sv\/wp-json\/wp\/v2\/types\/product"}],"version-history":[{"count":1,"href":"https:\/\/senabel.com\/sv\/wp-json\/wp\/v2\/product\/62508\/revisions"}],"predecessor-version":[{"id":62510,"href":"https:\/\/senabel.com\/sv\/wp-json\/wp\/v2\/product\/62508\/revisions\/62510"}],"wp:featuredmedia":[{"embeddable":true,"href":"https:\/\/senabel.com\/sv\/wp-json\/wp\/v2\/media\/62509"}],"wp:attachment":[{"href":"https:\/\/senabel.com\/sv\/wp-json\/wp\/v2\/media?parent=62508"}],"wp:term":[{"taxonomy":"product_brand","embeddable":true,"href":"https:\/\/senabel.com\/sv\/wp-json\/wp\/v2\/product_brand?post=62508"},{"taxonomy":"product_cat","embeddable":true,"href":"https:\/\/senabel.com\/sv\/wp-json\/wp\/v2\/product_cat?post=62508"},{"taxonomy":"product_tag","embeddable":true,"href":"https:\/\/senabel.com\/sv\/wp-json\/wp\/v2\/product_tag?post=62508"}],"curies":[{"name":"wp","href":"https:\/\/api.w.org\/{rel}","templated":true}]}}