{"id":61353,"date":"2026-02-24T21:02:18","date_gmt":"2026-02-24T21:02:18","guid":{"rendered":"https:\/\/senabel.com\/?post_type=product&#038;p=61353"},"modified":"2026-04-03T08:57:48","modified_gmt":"2026-04-03T08:57:48","slug":"mixed-baklava-box-400g","status":"publish","type":"product","link":"https:\/\/senabel.com\/sv\/product\/mixed-baklava-box-400g\/","title":{"rendered":"\u0639\u0644\u0628\u0629 \u0628\u0642\u0644\u0627\u0648\u0629 \u0645\u0634\u0643\u0644\u0629 \u2013  400\u063a"},"content":{"rendered":"<p data-start=\"42\" data-end=\"278\">\u062a\u0634\u0643\u064a\u0644\u0629 \u0641\u0627\u062e\u0631\u0629 \u0645\u0646 \u0627\u0644\u0628\u0642\u0644\u0627\u0648\u0629 \u0627\u0644\u0645\u0634\u0643\u0644\u0629 \u0645\u0646 \u0645\u0627\u0631\u0643\u0629 Redur \u060c \u062a\u0636\u0645 \u0645\u062c\u0645\u0648\u0639\u0629 \u0645\u062a\u0646\u0648\u0639\u0629 \u0645\u0646 \u0623\u0634\u0647\u0649 \u0627\u0644\u0642\u0637\u0639 \u0627\u0644\u0645\u062d\u0636\u0651\u0631\u0629 \u0628\u0639\u0646\u0627\u064a\u0629 \u0628\u0627\u0633\u062a\u062e\u062f\u0627\u0645 \u0623\u062c\u0648\u062f \u0627\u0644\u0645\u0643\u0648\u0646\u0627\u062a \u0645\u062b\u0644 \u0627\u0644\u0641\u0633\u062a\u0642 \u0648\u0627\u0644\u0645\u0643\u0633\u0631\u0627\u062a. \u062a\u062c\u0631\u0628\u0629 \u063a\u0646\u064a\u0629 \u0628\u0627\u0644\u0646\u0643\u0647\u0627\u062a \u0648\u0627\u0644\u0642\u0648\u0627\u0645 \u0627\u0644\u0645\u0642\u0631\u0645\u0634 \u0645\u0639 \u0644\u0645\u0633\u0629 \u0634\u0631\u0642\u064a\u0629 \u0623\u0635\u064a\u0644\u0629 \u062a\u0646\u0627\u0633\u0628 \u062c\u0645\u064a\u0639 \u0627\u0644\u0645\u0646\u0627\u0633\u0628\u0627\u062a.<\/p>\n<p data-start=\"280\" data-end=\"294\"><strong data-start=\"280\" data-end=\"292\">Funktioner<\/strong><\/p>\n<ul data-start=\"295\" data-end=\"470\">\n<li data-start=\"295\" data-end=\"332\">\n<p data-start=\"297\" data-end=\"332\">\u062a\u0634\u0643\u064a\u0644\u0629 \u0645\u062a\u0646\u0648\u0639\u0629 \u0645\u0646 \u0627\u0644\u0628\u0642\u0644\u0627\u0648\u0629 \u0627\u0644\u0634\u0631\u0642\u064a\u0629<\/p>\n<\/li>\n<li data-start=\"333\" data-end=\"373\">\n<p data-start=\"335\" data-end=\"373\">\u0645\u062d\u0634\u0648\u0629 \u0628\u0627\u0644\u0641\u0633\u062a\u0642 \u0648\u0627\u0644\u0645\u0643\u0633\u0631\u0627\u062a \u0639\u0627\u0644\u064a\u0629 \u0627\u0644\u062c\u0648\u062f\u0629<\/p>\n<\/li>\n<li data-start=\"374\" data-end=\"401\">\n<p data-start=\"376\" data-end=\"401\">\u0642\u0648\u0627\u0645 \u0645\u0642\u0631\u0645\u0634 \u0645\u0639 \u0637\u0628\u0642\u0627\u062a \u0647\u0634\u0629<\/p>\n<\/li>\n<li data-start=\"402\" data-end=\"429\">\n<p data-start=\"404\" data-end=\"429\">Perfekt f\u00f6r g\u00e4stfrihet och g\u00e5vor<\/p>\n<\/li>\n<li data-start=\"430\" data-end=\"470\">\n<p data-start=\"432\" data-end=\"470\">\u062a\u063a\u0644\u064a\u0641 \u0623\u0646\u064a\u0642 \u064a\u062d\u0627\u0641\u0638 \u0639\u0644\u0649 \u0627\u0644\u062c\u0648\u062f\u0629 \u0648\u0627\u0644\u0637\u0632\u0627\u062c\u0629<\/p>\n<\/li>\n<\/ul>\n<p data-start=\"472\" data-end=\"491\"><strong data-start=\"472\" data-end=\"489\">Produktinformation<\/strong><\/p>\n<ul data-start=\"492\" data-end=\"558\">\n<li data-start=\"492\" data-end=\"510\">\n<p data-start=\"494\" data-end=\"510\">\u0627\u0644\u0645\u0627\u0631\u0643\u0629: Redur<\/p>\n<\/li>\n<li data-start=\"511\" data-end=\"534\">\n<p data-start=\"513\" data-end=\"534\">\u0627\u0644\u0646\u0648\u0639: \u0628\u0642\u0644\u0627\u0648\u0629 \u0645\u0634\u0643\u0644\u0629<\/p>\n<\/li>\n<li data-start=\"535\" data-end=\"558\">\n<p data-start=\"537\" data-end=\"558\">\u0627\u0644\u0648\u0632\u0646 \u0627\u0644\u0635\u0627\u0641\u064a: 400 \u063a<\/p>\n<\/li>\n<\/ul>\n<p data-start=\"692\" data-end=\"705\"><strong data-start=\"692\" data-end=\"703\">F\u00f6rvaring<\/strong><\/p>\n<ul data-start=\"706\" data-end=\"817\" data-is-last-node=\"\" data-is-only-node=\"\">\n<li data-start=\"706\" data-end=\"733\">\n<p data-start=\"708\" data-end=\"733\">F\u00f6rvaras p\u00e5 en sval och torr plats<\/p>\n<\/li>\n<li data-start=\"734\" data-end=\"764\">\n<p data-start=\"736\" data-end=\"764\">\u0628\u0639\u064a\u062f\u0627\u064b \u0639\u0646 \u0627\u0644\u062d\u0631\u0627\u0631\u0629 \u0648\u0627\u0644\u0631\u0637\u0648\u0628\u0629<\/p>\n<\/li>\n<li data-start=\"765\" data-end=\"817\" data-is-last-node=\"\">\n<p data-start=\"767\" data-end=\"817\" data-is-last-node=\"\">\u064a\u064f\u063a\u0644\u0642 \u0628\u0625\u062d\u0643\u0627\u0645 \u0628\u0639\u062f \u0627\u0644\u0641\u062a\u062d \u0644\u0644\u062d\u0641\u0627\u0638 \u0639\u0644\u0649 \u0627\u0644\u0642\u0631\u0645\u0634\u0629 \u0648\u0627\u0644\u0637\u0639\u0645<\/p>\n<\/li>\n<\/ul>","protected":false},"excerpt":{"rendered":"<p>\u062a\u0634\u0643\u064a\u0644\u0629 \u0641\u0627\u062e\u0631\u0629 \u0645\u0646 \u0627\u0644\u0628\u0642\u0644\u0627\u0648\u0629 \u0627\u0644\u0645\u0634\u0643\u0644\u0629 \u0645\u0646 \u0645\u0627\u0631\u0643\u0629 Redur \u060c \u062a\u0636\u0645 \u0645\u062c\u0645\u0648\u0639\u0629 \u0645\u062a\u0646\u0648\u0639\u0629 \u0645\u0646 \u0623\u0634\u0647\u0649 \u0627\u0644\u0642\u0637\u0639 \u0627\u0644\u0645\u062d\u0636\u0651\u0631\u0629 \u0628\u0639\u0646\u0627\u064a\u0629 \u0628\u0627\u0633\u062a\u062e\u062f\u0627\u0645 \u0623\u062c\u0648\u062f \u0627\u0644\u0645\u0643\u0648\u0646\u0627\u062a \u0645\u062b\u0644 \u0627\u0644\u0641\u0633\u062a\u0642 \u0648\u0627\u0644\u0645\u0643\u0633\u0631\u0627\u062a. \u062a\u062c\u0631\u0628\u0629 \u063a\u0646\u064a\u0629 \u0628\u0627\u0644\u0646\u0643\u0647\u0627\u062a \u0648\u0627\u0644\u0642\u0648\u0627\u0645 \u0627\u0644\u0645\u0642\u0631\u0645\u0634 \u0645\u0639 \u0644\u0645\u0633\u0629 \u0634\u0631\u0642\u064a\u0629 \u0623\u0635\u064a\u0644\u0629 \u062a\u0646\u0627\u0633\u0628 \u062c\u0645\u064a\u0639 \u0627\u0644\u0645\u0646\u0627\u0633\u0628\u0627\u062a.<\/p>","protected":false},"featured_media":61354,"template":"","meta":[],"product_brand":[],"product_cat":[220,221,347],"product_tag":[],"class_list":{"0":"post-61353","1":"product","2":"type-product","3":"status-publish","4":"has-post-thumbnail","6":"product_cat-220","7":"product_cat-221","8":"product_cat-347","10":"first","11":"instock","12":"taxable","13":"shipping-taxable","14":"purchasable","15":"product-type-simple"},"_links":{"self":[{"href":"https:\/\/senabel.com\/sv\/wp-json\/wp\/v2\/product\/61353","targetHints":{"allow":["GET"]}}],"collection":[{"href":"https:\/\/senabel.com\/sv\/wp-json\/wp\/v2\/product"}],"about":[{"href":"https:\/\/senabel.com\/sv\/wp-json\/wp\/v2\/types\/product"}],"version-history":[{"count":3,"href":"https:\/\/senabel.com\/sv\/wp-json\/wp\/v2\/product\/61353\/revisions"}],"predecessor-version":[{"id":61408,"href":"https:\/\/senabel.com\/sv\/wp-json\/wp\/v2\/product\/61353\/revisions\/61408"}],"wp:featuredmedia":[{"embeddable":true,"href":"https:\/\/senabel.com\/sv\/wp-json\/wp\/v2\/media\/61354"}],"wp:attachment":[{"href":"https:\/\/senabel.com\/sv\/wp-json\/wp\/v2\/media?parent=61353"}],"wp:term":[{"taxonomy":"product_brand","embeddable":true,"href":"https:\/\/senabel.com\/sv\/wp-json\/wp\/v2\/product_brand?post=61353"},{"taxonomy":"product_cat","embeddable":true,"href":"https:\/\/senabel.com\/sv\/wp-json\/wp\/v2\/product_cat?post=61353"},{"taxonomy":"product_tag","embeddable":true,"href":"https:\/\/senabel.com\/sv\/wp-json\/wp\/v2\/product_tag?post=61353"}],"curies":[{"name":"wp","href":"https:\/\/api.w.org\/{rel}","templated":true}]}}