{"id":61349,"date":"2026-02-24T21:02:33","date_gmt":"2026-02-24T21:02:33","guid":{"rendered":"https:\/\/senabel.com\/?post_type=product&#038;p=61349"},"modified":"2026-04-06T17:09:02","modified_gmt":"2026-04-06T17:09:02","slug":"sesame-cookies-2","status":"publish","type":"product","link":"https:\/\/senabel.com\/sv\/product\/sesame-cookies-2\/","title":{"rendered":"\u0628\u0633\u0643\u0648\u064a\u062a \u0628\u0627\u0644\u0633\u0645\u0633\u0645 \u2013 400\u063a"},"content":{"rendered":"<p data-start=\"33\" data-end=\"211\">\u0628\u0633\u0643\u0648\u064a\u062a \u0628\u0627\u0644\u0633\u0645\u0633\u0645 \u0645\u0646 \u0645\u0627\u0631\u0643\u0629 Redur \u060c \u064a\u062a\u0645\u064a\u0632 \u0628\u0642\u0631\u0645\u0634\u0629 \u062e\u0641\u064a\u0641\u0629 \u0648\u0637\u0639\u0645 \u0645\u062a\u0648\u0627\u0632\u0646 \u064a\u062c\u0645\u0639 \u0628\u064a\u0646 \u062d\u0644\u0627\u0648\u0629 \u0627\u0644\u0628\u0633\u0643\u0648\u064a\u062a \u0648\u0646\u0643\u0647\u0629 \u0627\u0644\u0633\u0645\u0633\u0645 \u0627\u0644\u0645\u062d\u0645\u0651\u0635. \u062e\u064a\u0627\u0631 \u0645\u062b\u0627\u0644\u064a \u0644\u0645\u062d\u0628\u064a \u0627\u0644\u0633\u0646\u0627\u0643 \u0627\u0644\u062e\u0641\u064a\u0641 \u0645\u0639 \u0644\u0645\u0633\u0629 \u062a\u0642\u0644\u064a\u062f\u064a\u0629 \u0645\u0645\u064a\u0632\u0629.<\/p>\n<p data-start=\"213\" data-end=\"227\"><strong data-start=\"213\" data-end=\"225\">Funktioner<\/strong><\/p>\n<ul data-start=\"228\" data-end=\"399\">\n<li data-start=\"228\" data-end=\"257\">\n<p data-start=\"230\" data-end=\"257\">\u0628\u0633\u0643\u0648\u064a\u062a \u0645\u0642\u0631\u0645\u0634 \u0628\u0646\u0643\u0647\u0629 \u0627\u0644\u0633\u0645\u0633\u0645<\/p>\n<\/li>\n<li data-start=\"258\" data-end=\"299\">\n<p data-start=\"260\" data-end=\"299\">\u0637\u0639\u0645 \u0645\u062a\u0648\u0627\u0632\u0646 \u0628\u064a\u0646 \u0627\u0644\u062d\u0644\u0627\u0648\u0629 \u0648\u0627\u0644\u0633\u0645\u0633\u0645 \u0627\u0644\u0645\u062d\u0645\u0635<\/p>\n<\/li>\n<li data-start=\"300\" data-end=\"334\">\n<p data-start=\"302\" data-end=\"334\">\u0642\u0648\u0627\u0645 \u062e\u0641\u064a\u0641 \u0648\u0645\u0646\u0627\u0633\u0628 \u0644\u062c\u0645\u064a\u0639 \u0627\u0644\u0623\u0648\u0642\u0627\u062a<\/p>\n<\/li>\n<li data-start=\"335\" data-end=\"363\">\n<p data-start=\"337\" data-end=\"363\">\u0645\u062b\u0627\u0644\u064a \u0645\u0639 \u0627\u0644\u0642\u0647\u0648\u0629 \u0623\u0648 \u0627\u0644\u0634\u0627\u064a<\/p>\n<\/li>\n<li data-start=\"364\" data-end=\"399\">\n<p data-start=\"366\" data-end=\"399\">\u0645\u0646\u0627\u0633\u0628 \u0644\u0644\u062a\u0642\u062f\u064a\u0645 \u0627\u0644\u064a\u0648\u0645\u064a \u0623\u0648 \u0627\u0644\u0636\u064a\u0627\u0641\u0629<\/p>\n<\/li>\n<\/ul>\n<p data-start=\"401\" data-end=\"420\"><strong data-start=\"401\" data-end=\"418\">Produktinformation<\/strong><\/p>\n<ul data-start=\"421\" data-end=\"489\">\n<li data-start=\"421\" data-end=\"439\">\n<p data-start=\"423\" data-end=\"439\">\u0627\u0644\u0645\u0627\u0631\u0643\u0629: Redur<\/p>\n<\/li>\n<li data-start=\"440\" data-end=\"465\">\n<p data-start=\"442\" data-end=\"465\">\u0627\u0644\u0646\u0648\u0639: \u0628\u0633\u0643\u0648\u064a\u062a \u0628\u0627\u0644\u0633\u0645\u0633\u0645<\/p>\n<\/li>\n<li data-start=\"466\" data-end=\"489\">\n<p data-start=\"468\" data-end=\"489\">\u0627\u0644\u0648\u0632\u0646 \u0627\u0644\u0635\u0627\u0641\u064a: 400 \u063a<\/p>\n<\/li>\n<\/ul>\n<p data-start=\"608\" data-end=\"621\"><strong data-start=\"608\" data-end=\"619\">F\u00f6rvaring<\/strong><\/p>\n<ul data-start=\"622\" data-end=\"724\" data-is-last-node=\"\" data-is-only-node=\"\">\n<li data-start=\"622\" data-end=\"649\">\n<p data-start=\"624\" data-end=\"649\">F\u00f6rvaras p\u00e5 en sval och torr plats<\/p>\n<\/li>\n<li data-start=\"650\" data-end=\"680\">\n<p data-start=\"652\" data-end=\"680\">\u0628\u0639\u064a\u062f\u0627\u064b \u0639\u0646 \u0627\u0644\u0631\u0637\u0648\u0628\u0629 \u0648\u0627\u0644\u062d\u0631\u0627\u0631\u0629<\/p>\n<\/li>\n<li data-start=\"681\" data-end=\"724\" data-is-last-node=\"\">\n<p data-start=\"683\" data-end=\"724\" data-is-last-node=\"\">F\u00f6rslut t\u00e4tt efter \u00f6ppnandet f\u00f6r att bevara krispigheten<\/p>\n<\/li>\n<\/ul>","protected":false},"excerpt":{"rendered":"<p>\u0628\u0633\u0643\u0648\u064a\u062a \u0628\u0627\u0644\u0633\u0645\u0633\u0645 \u0645\u0646 \u0645\u0627\u0631\u0643\u0629 Redur \u060c \u064a\u062a\u0645\u064a\u0632 \u0628\u0642\u0631\u0645\u0634\u0629 \u062e\u0641\u064a\u0641\u0629 \u0648\u0637\u0639\u0645 \u0645\u062a\u0648\u0627\u0632\u0646 \u064a\u062c\u0645\u0639 \u0628\u064a\u0646 \u062d\u0644\u0627\u0648\u0629 \u0627\u0644\u0628\u0633\u0643\u0648\u064a\u062a \u0648\u0646\u0643\u0647\u0629 \u0627\u0644\u0633\u0645\u0633\u0645 \u0627\u0644\u0645\u062d\u0645\u0651\u0635. \u062e\u064a\u0627\u0631 \u0645\u062b\u0627\u0644\u064a \u0644\u0645\u062d\u0628\u064a \u0627\u0644\u0633\u0646\u0627\u0643 \u0627\u0644\u062e\u0641\u064a\u0641 \u0645\u0639 \u0644\u0645\u0633\u0629 \u062a\u0642\u0644\u064a\u062f\u064a\u0629 \u0645\u0645\u064a\u0632\u0629.<\/p>","protected":false},"featured_media":61350,"template":"","meta":[],"product_brand":[],"product_cat":[220,221,347],"product_tag":[],"class_list":{"0":"post-61349","1":"product","2":"type-product","3":"status-publish","4":"has-post-thumbnail","6":"product_cat-220","7":"product_cat-221","8":"product_cat-347","10":"first","11":"instock","12":"taxable","13":"shipping-taxable","14":"purchasable","15":"product-type-simple"},"_links":{"self":[{"href":"https:\/\/senabel.com\/sv\/wp-json\/wp\/v2\/product\/61349","targetHints":{"allow":["GET"]}}],"collection":[{"href":"https:\/\/senabel.com\/sv\/wp-json\/wp\/v2\/product"}],"about":[{"href":"https:\/\/senabel.com\/sv\/wp-json\/wp\/v2\/types\/product"}],"version-history":[{"count":4,"href":"https:\/\/senabel.com\/sv\/wp-json\/wp\/v2\/product\/61349\/revisions"}],"predecessor-version":[{"id":61406,"href":"https:\/\/senabel.com\/sv\/wp-json\/wp\/v2\/product\/61349\/revisions\/61406"}],"wp:featuredmedia":[{"embeddable":true,"href":"https:\/\/senabel.com\/sv\/wp-json\/wp\/v2\/media\/61350"}],"wp:attachment":[{"href":"https:\/\/senabel.com\/sv\/wp-json\/wp\/v2\/media?parent=61349"}],"wp:term":[{"taxonomy":"product_brand","embeddable":true,"href":"https:\/\/senabel.com\/sv\/wp-json\/wp\/v2\/product_brand?post=61349"},{"taxonomy":"product_cat","embeddable":true,"href":"https:\/\/senabel.com\/sv\/wp-json\/wp\/v2\/product_cat?post=61349"},{"taxonomy":"product_tag","embeddable":true,"href":"https:\/\/senabel.com\/sv\/wp-json\/wp\/v2\/product_tag?post=61349"}],"curies":[{"name":"wp","href":"https:\/\/api.w.org\/{rel}","templated":true}]}}