{"id":61327,"date":"2026-02-24T21:03:49","date_gmt":"2026-02-24T21:03:49","guid":{"rendered":"https:\/\/senabel.com\/?post_type=product&#038;p=61327"},"modified":"2026-04-10T05:21:58","modified_gmt":"2026-04-10T05:21:58","slug":"chocolate-cotton-candy","status":"publish","type":"product","link":"https:\/\/senabel.com\/sv\/product\/chocolate-cotton-candy\/","title":{"rendered":"\u063a\u0632\u0644 \u0627\u0644\u0628\u0646\u0627\u062a \u0628\u0627\u0644\u0634\u0648\u0643\u0648\u0644\u0627 \u2013 170\u063a"},"content":{"rendered":"<p data-start=\"39\" data-end=\"247\">\u063a\u0632\u0644 \u0627\u0644\u0628\u0646\u0627\u062a \u0627\u0644\u0641\u0627\u062e\u0631 \u0627\u0644\u0645\u063a\u0637\u0649 \u0628\u0627\u0644\u0634\u0648\u0643\u0648\u0644\u0627 \u0645\u0646 \u0645\u0627\u0631\u0643\u0629 Redur \u060c \u064a\u062c\u0645\u0639 \u0628\u064a\u0646 \u0627\u0644\u0642\u0648\u0627\u0645 \u0627\u0644\u062e\u0641\u064a\u0641 \u0627\u0644\u0647\u0634 \u0645\u0646 \u0627\u0644\u062f\u0627\u062e\u0644 \u0648\u0637\u0628\u0642\u0629 \u0627\u0644\u0634\u0648\u0643\u0648\u0644\u0627 \u0627\u0644\u063a\u0646\u064a\u0629 \u0645\u0646 \u0627\u0644\u062e\u0627\u0631\u062c. \u062a\u062c\u0631\u0628\u0629 \u0645\u0645\u064a\u0632\u0629 \u0644\u0639\u0634\u0627\u0642 \u0627\u0644\u062d\u0644\u0648\u064a\u0627\u062a \u062a\u062c\u0645\u0639 \u0628\u064a\u0646 \u0627\u0644\u0646\u0639\u0648\u0645\u0629 \u0648\u0627\u0644\u0637\u0639\u0645 \u0627\u0644\u0644\u0630\u064a\u0630 \u0641\u064a \u0643\u0644 \u0642\u0637\u0639\u0629.<\/p>\n<p data-start=\"249\" data-end=\"263\"><strong data-start=\"249\" data-end=\"261\">Funktioner<\/strong><\/p>\n<ul data-start=\"264\" data-end=\"423\">\n<li data-start=\"264\" data-end=\"294\">\n<p data-start=\"266\" data-end=\"294\">\u063a\u0632\u0644 \u0628\u0646\u0627\u062a \u0645\u063a\u0644\u0641 \u0628\u0637\u0628\u0642\u0629 \u0634\u0648\u0643\u0648\u0644\u0627<\/p>\n<\/li>\n<li data-start=\"295\" data-end=\"325\">\n<p data-start=\"297\" data-end=\"325\">\u0642\u0648\u0627\u0645 \u062e\u0641\u064a\u0641 \u0648\u0647\u0634 \u064a\u0630\u0648\u0628 \u0641\u064a \u0627\u0644\u0641\u0645<\/p>\n<\/li>\n<li data-start=\"326\" data-end=\"362\">\n<p data-start=\"328\" data-end=\"362\">\u0637\u0639\u0645 \u0645\u062a\u0648\u0627\u0632\u0646 \u0628\u064a\u0646 \u0627\u0644\u062d\u0644\u0627\u0648\u0629 \u0648\u0627\u0644\u0634\u0648\u0643\u0648\u0644\u0627<\/p>\n<\/li>\n<li data-start=\"363\" data-end=\"393\">\n<p data-start=\"365\" data-end=\"393\">\u0645\u0646\u0627\u0633\u0628 \u0644\u0644\u062a\u0642\u062f\u064a\u0645 \u0643\u0636\u064a\u0627\u0641\u0629 \u0645\u0645\u064a\u0632\u0629<\/p>\n<\/li>\n<li data-start=\"394\" data-end=\"423\">\n<p data-start=\"396\" data-end=\"423\">\u0639\u0628\u0648\u0629 \u0623\u0646\u064a\u0642\u0629 \u0645\u0646\u0627\u0633\u0628\u0629 \u0644\u0644\u0647\u062f\u0627\u064a\u0627<\/p>\n<\/li>\n<\/ul>\n<p data-start=\"425\" data-end=\"444\"><strong data-start=\"425\" data-end=\"442\">Produktinformation<\/strong><\/p>\n<ul data-start=\"445\" data-end=\"519\">\n<li data-start=\"445\" data-end=\"463\">\n<p data-start=\"447\" data-end=\"463\">\u0627\u0644\u0645\u0627\u0631\u0643\u0629: Redur<\/p>\n<\/li>\n<li data-start=\"464\" data-end=\"495\">\n<p data-start=\"466\" data-end=\"495\">\u0627\u0644\u0646\u0648\u0639: \u063a\u0632\u0644 \u0627\u0644\u0628\u0646\u0627\u062a \u0628\u0627\u0644\u0634\u0648\u0643\u0648\u0644\u0627<\/p>\n<\/li>\n<li data-start=\"496\" data-end=\"519\">\n<p data-start=\"498\" data-end=\"519\">\u0627\u0644\u0648\u0632\u0646 \u0627\u0644\u0635\u0627\u0641\u064a: 170 \u063a<\/p>\n<\/li>\n<\/ul>\n<p data-start=\"644\" data-end=\"657\"><strong data-start=\"644\" data-end=\"655\">F\u00f6rvaring<\/strong><\/p>\n<ul data-start=\"658\" data-end=\"759\" data-is-last-node=\"\" data-is-only-node=\"\">\n<li data-start=\"658\" data-end=\"685\">\n<p data-start=\"660\" data-end=\"685\">F\u00f6rvaras p\u00e5 en sval och torr plats<\/p>\n<\/li>\n<li data-start=\"686\" data-end=\"716\">\n<p data-start=\"688\" data-end=\"716\">\u0628\u0639\u064a\u062f\u0627\u064b \u0639\u0646 \u0627\u0644\u062d\u0631\u0627\u0631\u0629 \u0627\u0644\u0645\u0631\u062a\u0641\u0639\u0629<\/p>\n<\/li>\n<li data-start=\"717\" data-end=\"759\" data-is-last-node=\"\">\n<p data-start=\"719\" data-end=\"759\" data-is-last-node=\"\">F\u00f6rsluter t\u00e4tt efter \u00f6ppning f\u00f6r att bevara kvaliteten<\/p>\n<\/li>\n<\/ul>","protected":false},"excerpt":{"rendered":"<p>\u063a\u0632\u0644 \u0627\u0644\u0628\u0646\u0627\u062a \u0627\u0644\u0641\u0627\u062e\u0631 \u0627\u0644\u0645\u063a\u0637\u0649 \u0628\u0627\u0644\u0634\u0648\u0643\u0648\u0644\u0627 \u0645\u0646 \u0645\u0627\u0631\u0643\u0629 Redur \u060c \u064a\u062c\u0645\u0639 \u0628\u064a\u0646 \u0627\u0644\u0642\u0648\u0627\u0645 \u0627\u0644\u062e\u0641\u064a\u0641 \u0627\u0644\u0647\u0634 \u0645\u0646 \u0627\u0644\u062f\u0627\u062e\u0644 \u0648\u0637\u0628\u0642\u0629 \u0627\u0644\u0634\u0648\u0643\u0648\u0644\u0627 \u0627\u0644\u063a\u0646\u064a\u0629 \u0645\u0646 \u0627\u0644\u062e\u0627\u0631\u062c. \u062a\u062c\u0631\u0628\u0629 \u0645\u0645\u064a\u0632\u0629 \u0644\u0639\u0634\u0627\u0642 \u0627\u0644\u062d\u0644\u0648\u064a\u0627\u062a \u062a\u062c\u0645\u0639 \u0628\u064a\u0646 \u0627\u0644\u0646\u0639\u0648\u0645\u0629 \u0648\u0627\u0644\u0637\u0639\u0645 \u0627\u0644\u0644\u0630\u064a\u0630 \u0641\u064a \u0643\u0644 \u0642\u0637\u0639\u0629.<\/p>","protected":false},"featured_media":61328,"template":"","meta":[],"product_brand":[],"product_cat":[220,297,347],"product_tag":[],"class_list":{"0":"post-61327","1":"product","2":"type-product","3":"status-publish","4":"has-post-thumbnail","6":"product_cat-220","7":"product_cat-297","8":"product_cat-347","10":"first","11":"instock","12":"taxable","13":"shipping-taxable","14":"purchasable","15":"product-type-simple"},"_links":{"self":[{"href":"https:\/\/senabel.com\/sv\/wp-json\/wp\/v2\/product\/61327","targetHints":{"allow":["GET"]}}],"collection":[{"href":"https:\/\/senabel.com\/sv\/wp-json\/wp\/v2\/product"}],"about":[{"href":"https:\/\/senabel.com\/sv\/wp-json\/wp\/v2\/types\/product"}],"version-history":[{"count":6,"href":"https:\/\/senabel.com\/sv\/wp-json\/wp\/v2\/product\/61327\/revisions"}],"predecessor-version":[{"id":63265,"href":"https:\/\/senabel.com\/sv\/wp-json\/wp\/v2\/product\/61327\/revisions\/63265"}],"wp:featuredmedia":[{"embeddable":true,"href":"https:\/\/senabel.com\/sv\/wp-json\/wp\/v2\/media\/61328"}],"wp:attachment":[{"href":"https:\/\/senabel.com\/sv\/wp-json\/wp\/v2\/media?parent=61327"}],"wp:term":[{"taxonomy":"product_brand","embeddable":true,"href":"https:\/\/senabel.com\/sv\/wp-json\/wp\/v2\/product_brand?post=61327"},{"taxonomy":"product_cat","embeddable":true,"href":"https:\/\/senabel.com\/sv\/wp-json\/wp\/v2\/product_cat?post=61327"},{"taxonomy":"product_tag","embeddable":true,"href":"https:\/\/senabel.com\/sv\/wp-json\/wp\/v2\/product_tag?post=61327"}],"curies":[{"name":"wp","href":"https:\/\/api.w.org\/{rel}","templated":true}]}}