{"id":61323,"date":"2026-02-24T21:04:09","date_gmt":"2026-02-24T21:04:09","guid":{"rendered":"https:\/\/senabel.com\/?post_type=product&#038;p=61323"},"modified":"2026-04-04T19:11:53","modified_gmt":"2026-04-04T19:11:53","slug":"chocolate-petit-fours","status":"publish","type":"product","link":"https:\/\/senabel.com\/sv\/product\/chocolate-petit-fours\/","title":{"rendered":"\u0628\u064a\u062a\u064a\u0641\u0648\u0631 \u0644\u0627\u062a\u0627\u0631 \u0628\u0627\u0644\u0634\u0648\u0643\u0648\u0644\u0627 Redur \u2013 400\u063a"},"content":{"rendered":"<p data-start=\"42\" data-end=\"241\">\u0628\u064a\u062a\u064a\u0641\u0648\u0631 \u0641\u0627\u062e\u0631 \u0628\u0627\u0644\u0634\u0648\u0643\u0648\u0644\u0627 \u0645\u0646 \u0645\u0627\u0631\u0643\u0629 Redur \u060c \u064a\u062a\u0645\u064a\u0632 \u0628\u062a\u0635\u0645\u064a\u0645\u0647 \u0627\u0644\u062c\u0630\u0627\u0628 \u0648\u0646\u0643\u0647\u062a\u0647 \u0627\u0644\u063a\u0646\u064a\u0629 \u0627\u0644\u062a\u064a \u062a\u062c\u0645\u0639 \u0628\u064a\u0646 \u0637\u0631\u0627\u0648\u0629 \u0627\u0644\u0639\u062c\u064a\u0646 \u0648\u0637\u0639\u0645 \u0627\u0644\u0634\u0648\u0643\u0648\u0644\u0627 \u0627\u0644\u0644\u0630\u064a\u0630. \u062e\u064a\u0627\u0631 \u0645\u062b\u0627\u0644\u064a \u0644\u0639\u0634\u0627\u0642 \u0627\u0644\u062d\u0644\u0648\u064a\u0627\u062a \u0627\u0644\u062e\u0641\u064a\u0641\u0629 \u0645\u0639 \u0644\u0645\u0633\u0629 \u0641\u0627\u062e\u0631\u0629 \u0641\u064a \u0643\u0644 \u0642\u0637\u0639\u0629.<\/p>\n<p data-start=\"243\" data-end=\"257\"><strong data-start=\"243\" data-end=\"255\">Funktioner<\/strong><\/p>\n<ul data-start=\"258\" data-end=\"410\">\n<li data-start=\"258\" data-end=\"291\">\n<p data-start=\"260\" data-end=\"291\">\u0628\u064a\u062a\u064a\u0641\u0648\u0631 \u0628\u0646\u0643\u0647\u0629 \u0627\u0644\u0634\u0648\u0643\u0648\u0644\u0627 \u0627\u0644\u063a\u0646\u064a\u0629<\/p>\n<\/li>\n<li data-start=\"292\" data-end=\"325\">\n<p data-start=\"294\" data-end=\"325\">\u0642\u0648\u0627\u0645 \u0646\u0627\u0639\u0645 \u0648\u0637\u0631\u064a \u0645\u0639 \u0642\u0631\u0645\u0634\u0629 \u062e\u0641\u064a\u0641\u0629<\/p>\n<\/li>\n<li data-start=\"326\" data-end=\"352\">\n<p data-start=\"328\" data-end=\"352\">\u0634\u0643\u0644 \u0645\u0645\u064a\u0632 \u0645\u0646\u0627\u0633\u0628 \u0644\u0644\u062a\u0642\u062f\u064a\u0645<\/p>\n<\/li>\n<li data-start=\"353\" data-end=\"381\">\n<p data-start=\"355\" data-end=\"381\">\u0645\u062b\u0627\u0644\u064a \u0645\u0639 \u0627\u0644\u0642\u0647\u0648\u0629 \u0623\u0648 \u0627\u0644\u0634\u0627\u064a<\/p>\n<\/li>\n<li data-start=\"382\" data-end=\"410\">\n<p data-start=\"384\" data-end=\"410\">L\u00e4mplig f\u00f6r hotell- och restaurangbranschen och evenemang<\/p>\n<\/li>\n<\/ul>\n<p data-start=\"412\" data-end=\"431\"><strong data-start=\"412\" data-end=\"429\">Produktinformation<\/strong><\/p>\n<ul data-start=\"432\" data-end=\"503\">\n<li data-start=\"432\" data-end=\"450\">\n<p data-start=\"434\" data-end=\"450\">\u0627\u0644\u0645\u0627\u0631\u0643\u0629: Redur<\/p>\n<\/li>\n<li data-start=\"451\" data-end=\"479\">\n<p data-start=\"453\" data-end=\"479\">\u0627\u0644\u0646\u0648\u0639: \u0628\u064a\u062a\u064a\u0641\u0648\u0631 \u0628\u0627\u0644\u0634\u0648\u0643\u0648\u0644\u0627<\/p>\n<\/li>\n<li data-start=\"480\" data-end=\"503\">\n<p data-start=\"482\" data-end=\"503\">\u0627\u0644\u0648\u0632\u0646 \u0627\u0644\u0635\u0627\u0641\u064a: 400 \u063a<\/p>\n<\/li>\n<\/ul>\n<p data-start=\"634\" data-end=\"647\"><strong data-start=\"634\" data-end=\"645\">F\u00f6rvaring<\/strong><\/p>\n<ul data-start=\"648\" data-end=\"750\" data-is-last-node=\"\" data-is-only-node=\"\">\n<li data-start=\"648\" data-end=\"675\">\n<p data-start=\"650\" data-end=\"675\">F\u00f6rvaras p\u00e5 en sval och torr plats<\/p>\n<\/li>\n<li data-start=\"676\" data-end=\"706\">\n<p data-start=\"678\" data-end=\"706\">\u0628\u0639\u064a\u062f\u0627\u064b \u0639\u0646 \u0627\u0644\u0631\u0637\u0648\u0628\u0629 \u0648\u0627\u0644\u062d\u0631\u0627\u0631\u0629<\/p>\n<\/li>\n<li data-start=\"707\" data-end=\"750\" data-is-last-node=\"\">\n<p data-start=\"709\" data-end=\"750\" data-is-last-node=\"\">F\u00f6rslut t\u00e4tt efter \u00f6ppnandet f\u00f6r att bevara f\u00e4rskheten<\/p>\n<\/li>\n<\/ul>","protected":false},"excerpt":{"rendered":"<p>\u0628\u064a\u062a\u064a\u0641\u0648\u0631 \u0641\u0627\u062e\u0631 \u0628\u0627\u0644\u0634\u0648\u0643\u0648\u0644\u0627 \u0645\u0646 \u0645\u0627\u0631\u0643\u0629 Redur \u060c \u064a\u062a\u0645\u064a\u0632 \u0628\u062a\u0635\u0645\u064a\u0645\u0647 \u0627\u0644\u062c\u0630\u0627\u0628 \u0648\u0646\u0643\u0647\u062a\u0647 \u0627\u0644\u063a\u0646\u064a\u0629 \u0627\u0644\u062a\u064a \u062a\u062c\u0645\u0639 \u0628\u064a\u0646 \u0637\u0631\u0627\u0648\u0629 \u0627\u0644\u0639\u062c\u064a\u0646 \u0648\u0637\u0639\u0645 \u0627\u0644\u0634\u0648\u0643\u0648\u0644\u0627 \u0627\u0644\u0644\u0630\u064a\u0630. \u062e\u064a\u0627\u0631 \u0645\u062b\u0627\u0644\u064a \u0644\u0639\u0634\u0627\u0642 \u0627\u0644\u062d\u0644\u0648\u064a\u0627\u062a \u0627\u0644\u062e\u0641\u064a\u0641\u0629 \u0645\u0639 \u0644\u0645\u0633\u0629 \u0641\u0627\u062e\u0631\u0629 \u0641\u064a \u0643\u0644 \u0642\u0637\u0639\u0629.<\/p>","protected":false},"featured_media":61324,"template":"","meta":[],"product_brand":[],"product_cat":[220,221],"product_tag":[],"class_list":{"0":"post-61323","1":"product","2":"type-product","3":"status-publish","4":"has-post-thumbnail","6":"product_cat-220","7":"product_cat-221","9":"first","10":"instock","11":"taxable","12":"shipping-taxable","13":"purchasable","14":"product-type-simple"},"_links":{"self":[{"href":"https:\/\/senabel.com\/sv\/wp-json\/wp\/v2\/product\/61323","targetHints":{"allow":["GET"]}}],"collection":[{"href":"https:\/\/senabel.com\/sv\/wp-json\/wp\/v2\/product"}],"about":[{"href":"https:\/\/senabel.com\/sv\/wp-json\/wp\/v2\/types\/product"}],"version-history":[{"count":3,"href":"https:\/\/senabel.com\/sv\/wp-json\/wp\/v2\/product\/61323\/revisions"}],"predecessor-version":[{"id":61394,"href":"https:\/\/senabel.com\/sv\/wp-json\/wp\/v2\/product\/61323\/revisions\/61394"}],"wp:featuredmedia":[{"embeddable":true,"href":"https:\/\/senabel.com\/sv\/wp-json\/wp\/v2\/media\/61324"}],"wp:attachment":[{"href":"https:\/\/senabel.com\/sv\/wp-json\/wp\/v2\/media?parent=61323"}],"wp:term":[{"taxonomy":"product_brand","embeddable":true,"href":"https:\/\/senabel.com\/sv\/wp-json\/wp\/v2\/product_brand?post=61323"},{"taxonomy":"product_cat","embeddable":true,"href":"https:\/\/senabel.com\/sv\/wp-json\/wp\/v2\/product_cat?post=61323"},{"taxonomy":"product_tag","embeddable":true,"href":"https:\/\/senabel.com\/sv\/wp-json\/wp\/v2\/product_tag?post=61323"}],"curies":[{"name":"wp","href":"https:\/\/api.w.org\/{rel}","templated":true}]}}