{"id":61312,"date":"2026-02-24T21:05:33","date_gmt":"2026-02-24T21:05:33","guid":{"rendered":"https:\/\/senabel.com\/?post_type=product&#038;p=61312"},"modified":"2026-04-10T21:06:12","modified_gmt":"2026-04-10T21:06:12","slug":"sukkari-dates-2","status":"publish","type":"product","link":"https:\/\/senabel.com\/sv\/product\/sukkari-dates-2\/","title":{"rendered":"\u062a\u0645\u0631 \u0633\u0643\u0631\u064a \u0631\u0637\u0628 \u2013 \u062e\u0644\u0627\u0635 1000\u063a"},"content":{"rendered":"<p data-start=\"38\" data-end=\"234\">\u062a\u0645\u0631 \u0633\u0643\u0631\u064a \u0631\u0637\u0628 \u0641\u0627\u062e\u0631 \u0645\u0646 \u062e\u0644\u0627\u0635 \u0627\u0644\u062a\u0645\u0648\u0631\u060c \u064a\u062a\u0645\u064a\u0632 \u0628\u062d\u0644\u0627\u0648\u062a\u0647 \u0627\u0644\u0637\u0628\u064a\u0639\u064a\u0629 \u0648\u0642\u0648\u0627\u0645\u0647 \u0627\u0644\u0637\u0631\u064a \u0627\u0644\u063a\u0646\u064a\u060c \u0644\u064a\u0645\u0646\u062d\u0643 \u062a\u062c\u0631\u0628\u0629 \u0645\u0645\u064a\u0632\u0629 \u0644\u0639\u0634\u0627\u0642 \u0627\u0644\u062a\u0645\u0648\u0631 \u0627\u0644\u0637\u0627\u0632\u062c\u0629. \u0645\u062b\u0627\u0644\u064a \u0644\u0644\u062a\u0646\u0627\u0648\u0644 \u0627\u0644\u064a\u0648\u0645\u064a \u0623\u0648 \u0644\u0644\u062a\u0642\u062f\u064a\u0645 \u0641\u064a \u0627\u0644\u0636\u064a\u0627\u0641\u0629 \u0645\u0639 \u0627\u0644\u0642\u0647\u0648\u0629 \u0627\u0644\u0639\u0631\u0628\u064a\u0629.<\/p>\n<p data-start=\"236\" data-end=\"250\"><strong data-start=\"236\" data-end=\"248\">Funktioner<\/strong><\/p>\n<ul data-start=\"251\" data-end=\"412\">\n<li data-start=\"251\" data-end=\"279\">\n<p data-start=\"253\" data-end=\"279\">\u062a\u0645\u0631 \u0633\u0643\u0631\u064a \u0631\u0637\u0628 \u0639\u0627\u0644\u064a \u0627\u0644\u062c\u0648\u062f\u0629<\/p>\n<\/li>\n<li data-start=\"280\" data-end=\"310\">\n<p data-start=\"282\" data-end=\"310\">\u0642\u0648\u0627\u0645 \u0637\u0631\u064a \u0648\u0646\u0643\u0647\u0629 \u062d\u0644\u0648\u0629 \u0637\u0628\u064a\u0639\u064a\u0629<\/p>\n<\/li>\n<li data-start=\"311\" data-end=\"344\">\n<p data-start=\"313\" data-end=\"344\">\u063a\u0646\u064a \u0628\u0627\u0644\u0637\u0627\u0642\u0629 \u0648\u0627\u0644\u0639\u0646\u0627\u0635\u0631 \u0627\u0644\u063a\u0630\u0627\u0626\u064a\u0629<\/p>\n<\/li>\n<li data-start=\"345\" data-end=\"382\">\n<p data-start=\"347\" data-end=\"382\">\u0645\u0646\u0627\u0633\u0628 \u0644\u0644\u062a\u0642\u062f\u064a\u0645 \u0627\u0644\u064a\u0648\u0645\u064a \u0623\u0648 \u0627\u0644\u0645\u0646\u0627\u0633\u0628\u0627\u062a<\/p>\n<\/li>\n<li data-start=\"383\" data-end=\"412\">\n<p data-start=\"385\" data-end=\"412\">\u062d\u062c\u0645 \u0627\u0642\u062a\u0635\u0627\u062f\u064a \u0645\u0646\u0627\u0633\u0628 \u0644\u0644\u0639\u0627\u0626\u0644\u0629<\/p>\n<\/li>\n<\/ul>\n<p data-start=\"414\" data-end=\"433\"><strong data-start=\"414\" data-end=\"431\">Produktinformation<\/strong><\/p>\n<ul data-start=\"434\" data-end=\"532\">\n<li data-start=\"434\" data-end=\"457\">\n<p data-start=\"436\" data-end=\"457\">Typ av dadlar: Fuktade sockerdadlar<\/p>\n<\/li>\n<li data-start=\"458\" data-end=\"482\">\n<p data-start=\"460\" data-end=\"482\">\u0627\u0644\u0648\u0632\u0646 \u0627\u0644\u0635\u0627\u0641\u064a: 1000 \u063a<\/p>\n<\/li>\n<li data-start=\"483\" data-end=\"507\">\n<p data-start=\"485\" data-end=\"507\">\u0627\u0644\u0645\u0627\u0631\u0643\u0629: \u062e\u0644\u0627\u0635 \u0627\u0644\u062a\u0645\u0648\u0631<\/p>\n<\/li>\n<li data-start=\"508\" data-end=\"532\">\n<p data-start=\"510\" data-end=\"532\">Land av ursprung: Saudiarabien<\/p>\n<\/li>\n<\/ul>\n<p data-start=\"648\" data-end=\"661\"><strong data-start=\"648\" data-end=\"659\">F\u00f6rvaring<\/strong><\/p>\n<ul data-start=\"662\" data-end=\"772\" data-is-last-node=\"\" data-is-only-node=\"\">\n<li data-start=\"662\" data-end=\"701\">\n<p data-start=\"664\" data-end=\"701\">\u064a\u064f\u062d\u0641\u0638 \u0641\u064a \u0627\u0644\u062b\u0644\u0627\u062c\u0629 \u0644\u0644\u062d\u0641\u0627\u0638 \u0639\u0644\u0649 \u0627\u0644\u0637\u0631\u0627\u0648\u0629<\/p>\n<\/li>\n<li data-start=\"702\" data-end=\"728\">\n<p data-start=\"704\" data-end=\"728\">St\u00e4nger t\u00e4tt efter \u00f6ppning<\/p>\n<\/li>\n<li data-start=\"729\" data-end=\"772\" data-is-last-node=\"\">\n<p data-start=\"731\" data-end=\"772\" data-is-last-node=\"\">\u064a\u064f\u0641\u0636\u0644 \u0627\u0633\u062a\u0647\u0644\u0627\u0643\u0647 \u062e\u0644\u0627\u0644 \u0641\u062a\u0631\u0629 \u0645\u0646\u0627\u0633\u0628\u0629 \u0628\u0639\u062f \u0627\u0644\u0641\u062a\u062d<\/p>\n<\/li>\n<\/ul>","protected":false},"excerpt":{"rendered":"<p>\u062a\u0645\u0631 \u0633\u0643\u0631\u064a \u0631\u0637\u0628 \u0641\u0627\u062e\u0631 \u0645\u0646 \u062e\u0644\u0627\u0635 \u0627\u0644\u062a\u0645\u0648\u0631\u060c \u064a\u062a\u0645\u064a\u0632 \u0628\u062d\u0644\u0627\u0648\u062a\u0647 \u0627\u0644\u0637\u0628\u064a\u0639\u064a\u0629 \u0648\u0642\u0648\u0627\u0645\u0647 \u0627\u0644\u0637\u0631\u064a \u0627\u0644\u063a\u0646\u064a\u060c \u0644\u064a\u0645\u0646\u062d\u0643 \u062a\u062c\u0631\u0628\u0629 \u0645\u0645\u064a\u0632\u0629 \u0644\u0639\u0634\u0627\u0642 \u0627\u0644\u062a\u0645\u0648\u0631 \u0627\u0644\u0637\u0627\u0632\u062c\u0629. \u0645\u062b\u0627\u0644\u064a \u0644\u0644\u062a\u0646\u0627\u0648\u0644 \u0627\u0644\u064a\u0648\u0645\u064a \u0623\u0648 \u0644\u0644\u062a\u0642\u062f\u064a\u0645 \u0641\u064a \u0627\u0644\u0636\u064a\u0627\u0641\u0629 \u0645\u0639 \u0627\u0644\u0642\u0647\u0648\u0629 \u0627\u0644\u0639\u0631\u0628\u064a\u0629.<\/p>","protected":false},"featured_media":61313,"template":"","meta":[],"product_brand":[],"product_cat":[309],"product_tag":[],"class_list":{"0":"post-61312","1":"product","2":"type-product","3":"status-publish","4":"has-post-thumbnail","6":"product_cat-309","8":"first","9":"instock","10":"taxable","11":"shipping-taxable","12":"purchasable","13":"product-type-simple"},"_links":{"self":[{"href":"https:\/\/senabel.com\/sv\/wp-json\/wp\/v2\/product\/61312","targetHints":{"allow":["GET"]}}],"collection":[{"href":"https:\/\/senabel.com\/sv\/wp-json\/wp\/v2\/product"}],"about":[{"href":"https:\/\/senabel.com\/sv\/wp-json\/wp\/v2\/types\/product"}],"version-history":[{"count":1,"href":"https:\/\/senabel.com\/sv\/wp-json\/wp\/v2\/product\/61312\/revisions"}],"predecessor-version":[{"id":61314,"href":"https:\/\/senabel.com\/sv\/wp-json\/wp\/v2\/product\/61312\/revisions\/61314"}],"wp:featuredmedia":[{"embeddable":true,"href":"https:\/\/senabel.com\/sv\/wp-json\/wp\/v2\/media\/61313"}],"wp:attachment":[{"href":"https:\/\/senabel.com\/sv\/wp-json\/wp\/v2\/media?parent=61312"}],"wp:term":[{"taxonomy":"product_brand","embeddable":true,"href":"https:\/\/senabel.com\/sv\/wp-json\/wp\/v2\/product_brand?post=61312"},{"taxonomy":"product_cat","embeddable":true,"href":"https:\/\/senabel.com\/sv\/wp-json\/wp\/v2\/product_cat?post=61312"},{"taxonomy":"product_tag","embeddable":true,"href":"https:\/\/senabel.com\/sv\/wp-json\/wp\/v2\/product_tag?post=61312"}],"curies":[{"name":"wp","href":"https:\/\/api.w.org\/{rel}","templated":true}]}}