{"id":61309,"date":"2026-02-24T21:06:01","date_gmt":"2026-02-24T21:06:01","guid":{"rendered":"https:\/\/senabel.com\/?post_type=product&#038;p=61309"},"modified":"2026-03-12T15:48:15","modified_gmt":"2026-03-12T15:48:15","slug":"sukkari-dates","status":"publish","type":"product","link":"https:\/\/senabel.com\/sv\/product\/sukkari-dates\/","title":{"rendered":"\u062a\u0645\u0631 \u0633\u0643\u0631\u064a \u0631\u0637\u0628 \u2013 \u062e\u0644\u0627\u0635 500\u063a"},"content":{"rendered":"<p data-start=\"37\" data-end=\"225\">\u062a\u0645\u0631 \u0633\u0643\u0631\u064a \u0631\u0637\u0628 \u0641\u0627\u062e\u0631 \u0645\u0646 \u062e\u0644\u0627\u0635 \u0627\u0644\u062a\u0645\u0648\u0631\u060c \u064a\u062a\u0645\u064a\u0632 \u0628\u062d\u0644\u0627\u0648\u062a\u0647 \u0627\u0644\u0637\u0628\u064a\u0639\u064a\u0629 \u0648\u0642\u0648\u0627\u0645\u0647 \u0627\u0644\u0637\u0631\u064a \u0627\u0644\u063a\u0646\u064a \u0628\u0627\u0644\u0639\u0635\u0627\u0631\u0629. \u062e\u064a\u0627\u0631 \u0645\u062b\u0627\u0644\u064a \u0644\u0639\u0634\u0627\u0642 \u0627\u0644\u062a\u0645\u0648\u0631 \u0627\u0644\u0637\u0627\u0632\u062c\u0629\u060c \u062d\u064a\u062b \u064a\u0645\u0646\u062d\u0643 \u0637\u0639\u0645\u0627\u064b \u0644\u0630\u064a\u0630\u0627\u064b \u0648\u0642\u064a\u0645\u0629 \u063a\u0630\u0627\u0626\u064a\u0629 \u0639\u0627\u0644\u064a\u0629 \u0641\u064a \u0643\u0644 \u062d\u0628\u0629.<\/p>\n<p data-start=\"227\" data-end=\"241\"><strong data-start=\"227\" data-end=\"239\">Funktioner<\/strong><\/p>\n<ul data-start=\"242\" data-end=\"396\">\n<li data-start=\"242\" data-end=\"270\">\n<p data-start=\"244\" data-end=\"270\">\u062a\u0645\u0631 \u0633\u0643\u0631\u064a \u0631\u0637\u0628 \u0639\u0627\u0644\u064a \u0627\u0644\u062c\u0648\u062f\u0629<\/p>\n<\/li>\n<li data-start=\"271\" data-end=\"301\">\n<p data-start=\"273\" data-end=\"301\">\u0642\u0648\u0627\u0645 \u0637\u0631\u064a \u0648\u0646\u0643\u0647\u0629 \u062d\u0644\u0648\u0629 \u0637\u0628\u064a\u0639\u064a\u0629<\/p>\n<\/li>\n<li data-start=\"302\" data-end=\"335\">\n<p data-start=\"304\" data-end=\"335\">\u063a\u0646\u064a \u0628\u0627\u0644\u0637\u0627\u0642\u0629 \u0648\u0627\u0644\u0639\u0646\u0627\u0635\u0631 \u0627\u0644\u063a\u0630\u0627\u0626\u064a\u0629<\/p>\n<\/li>\n<li data-start=\"336\" data-end=\"373\">\n<p data-start=\"338\" data-end=\"373\">\u0645\u0646\u0627\u0633\u0628 \u0644\u0644\u062a\u0642\u062f\u064a\u0645 \u0627\u0644\u064a\u0648\u0645\u064a \u0623\u0648 \u0645\u0639 \u0627\u0644\u0642\u0647\u0648\u0629<\/p>\n<\/li>\n<li data-start=\"374\" data-end=\"396\">\n<p data-start=\"376\" data-end=\"396\">\u062e\u064a\u0627\u0631 \u0645\u062b\u0627\u0644\u064a \u0644\u0644\u0636\u064a\u0627\u0641\u0629<\/p>\n<\/li>\n<\/ul>\n<p data-start=\"398\" data-end=\"417\"><strong data-start=\"398\" data-end=\"415\">Produktinformation<\/strong><\/p>\n<ul data-start=\"418\" data-end=\"515\">\n<li data-start=\"418\" data-end=\"441\">\n<p data-start=\"420\" data-end=\"441\">Typ av dadlar: Fuktade sockerdadlar<\/p>\n<\/li>\n<li data-start=\"442\" data-end=\"465\">\n<p data-start=\"444\" data-end=\"465\">\u0627\u0644\u0648\u0632\u0646 \u0627\u0644\u0635\u0627\u0641\u064a: 500 \u063a<\/p>\n<\/li>\n<li data-start=\"466\" data-end=\"490\">\n<p data-start=\"468\" data-end=\"490\">\u0627\u0644\u0645\u0627\u0631\u0643\u0629: \u062e\u0644\u0627\u0635 \u0627\u0644\u062a\u0645\u0648\u0631<\/p>\n<\/li>\n<li data-start=\"491\" data-end=\"515\">\n<p data-start=\"493\" data-end=\"515\">Land av ursprung: Saudiarabien<\/p>\n<\/li>\n<\/ul>\n<p data-start=\"631\" data-end=\"644\"><strong data-start=\"631\" data-end=\"642\">F\u00f6rvaring<\/strong><\/p>\n<ul data-start=\"645\" data-end=\"754\" data-is-last-node=\"\" data-is-only-node=\"\">\n<li data-start=\"645\" data-end=\"684\">\n<p data-start=\"647\" data-end=\"684\">\u064a\u064f\u062d\u0641\u0638 \u0641\u064a \u0627\u0644\u062b\u0644\u0627\u062c\u0629 \u0644\u0644\u062d\u0641\u0627\u0638 \u0639\u0644\u0649 \u0627\u0644\u0637\u0631\u0627\u0648\u0629<\/p>\n<\/li>\n<li data-start=\"685\" data-end=\"711\">\n<p data-start=\"687\" data-end=\"711\">St\u00e4nger t\u00e4tt efter \u00f6ppning<\/p>\n<\/li>\n<li data-start=\"712\" data-end=\"754\" data-is-last-node=\"\">\n<p data-start=\"714\" data-end=\"754\" data-is-last-node=\"\">\u064a\u064f\u0641\u0636\u0644 \u0627\u0633\u062a\u0647\u0644\u0627\u0643\u0647 \u062e\u0644\u0627\u0644 \u0641\u062a\u0631\u0629 \u0642\u0635\u064a\u0631\u0629 \u0628\u0639\u062f \u0627\u0644\u0641\u062a\u062d<\/p>\n<\/li>\n<\/ul>","protected":false},"excerpt":{"rendered":"<p>\u062a\u0645\u0631 \u0633\u0643\u0631\u064a \u0631\u0637\u0628 \u0641\u0627\u062e\u0631 \u0645\u0646 \u062e\u0644\u0627\u0635 \u0627\u0644\u062a\u0645\u0648\u0631\u060c \u064a\u062a\u0645\u064a\u0632 \u0628\u062d\u0644\u0627\u0648\u062a\u0647 \u0627\u0644\u0637\u0628\u064a\u0639\u064a\u0629 \u0648\u0642\u0648\u0627\u0645\u0647 \u0627\u0644\u0637\u0631\u064a \u0627\u0644\u063a\u0646\u064a \u0628\u0627\u0644\u0639\u0635\u0627\u0631\u0629. \u062e\u064a\u0627\u0631 \u0645\u062b\u0627\u0644\u064a \u0644\u0639\u0634\u0627\u0642 \u0627\u0644\u062a\u0645\u0648\u0631 \u0627\u0644\u0637\u0627\u0632\u062c\u0629\u060c \u062d\u064a\u062b \u064a\u0645\u0646\u062d\u0643 \u0637\u0639\u0645\u0627\u064b \u0644\u0630\u064a\u0630\u0627\u064b \u0648\u0642\u064a\u0645\u0629 \u063a\u0630\u0627\u0626\u064a\u0629 \u0639\u0627\u0644\u064a\u0629 \u0641\u064a \u0643\u0644 \u062d\u0628\u0629.<\/p>","protected":false},"featured_media":61310,"template":"","meta":[],"product_brand":[],"product_cat":[309],"product_tag":[],"class_list":{"0":"post-61309","1":"product","2":"type-product","3":"status-publish","4":"has-post-thumbnail","6":"product_cat-309","8":"first","9":"instock","10":"taxable","11":"shipping-taxable","12":"purchasable","13":"product-type-simple"},"_links":{"self":[{"href":"https:\/\/senabel.com\/sv\/wp-json\/wp\/v2\/product\/61309","targetHints":{"allow":["GET"]}}],"collection":[{"href":"https:\/\/senabel.com\/sv\/wp-json\/wp\/v2\/product"}],"about":[{"href":"https:\/\/senabel.com\/sv\/wp-json\/wp\/v2\/types\/product"}],"version-history":[{"count":1,"href":"https:\/\/senabel.com\/sv\/wp-json\/wp\/v2\/product\/61309\/revisions"}],"predecessor-version":[{"id":61311,"href":"https:\/\/senabel.com\/sv\/wp-json\/wp\/v2\/product\/61309\/revisions\/61311"}],"wp:featuredmedia":[{"embeddable":true,"href":"https:\/\/senabel.com\/sv\/wp-json\/wp\/v2\/media\/61310"}],"wp:attachment":[{"href":"https:\/\/senabel.com\/sv\/wp-json\/wp\/v2\/media?parent=61309"}],"wp:term":[{"taxonomy":"product_brand","embeddable":true,"href":"https:\/\/senabel.com\/sv\/wp-json\/wp\/v2\/product_brand?post=61309"},{"taxonomy":"product_cat","embeddable":true,"href":"https:\/\/senabel.com\/sv\/wp-json\/wp\/v2\/product_cat?post=61309"},{"taxonomy":"product_tag","embeddable":true,"href":"https:\/\/senabel.com\/sv\/wp-json\/wp\/v2\/product_tag?post=61309"}],"curies":[{"name":"wp","href":"https:\/\/api.w.org\/{rel}","templated":true}]}}