{"id":61306,"date":"2026-02-24T21:06:35","date_gmt":"2026-02-24T21:06:35","guid":{"rendered":"https:\/\/senabel.com\/?post_type=product&#038;p=61306"},"modified":"2026-04-01T13:03:59","modified_gmt":"2026-04-01T13:03:59","slug":"luxury-kiosk","status":"publish","type":"product","link":"https:\/\/senabel.com\/sv\/product\/luxury-kiosk\/","title":{"rendered":"\u0643\u0634\u0643 \u0641\u0627\u062e\u0631 \u0623\u0635\u0627\u0644\u0629 \u2013 450\u063a"},"content":{"rendered":"<p data-start=\"28\" data-end=\"235\">\u0643\u0634\u0643 \u0641\u0627\u062e\u0631 \u0645\u0646 \u0645\u0627\u0631\u0643\u0629 \u0623\u0635\u0627\u0644\u0629\u060c \u064a\u062a\u0645\u064a\u0632 \u0628\u0637\u0639\u0645\u0647 \u0627\u0644\u062a\u0642\u0644\u064a\u062f\u064a \u0627\u0644\u063a\u0646\u064a \u0648\u0642\u0648\u0627\u0645\u0647 \u0627\u0644\u0645\u062a\u062c\u0627\u0646\u0633\u060c \u0644\u064a\u0645\u0646\u062d\u0643 \u062a\u062c\u0631\u0628\u0629 \u0623\u0635\u064a\u0644\u0629 \u0641\u064a \u062a\u062d\u0636\u064a\u0631 \u0623\u0634\u0647\u0649 \u0627\u0644\u0623\u0637\u0628\u0627\u0642 \u0627\u0644\u0634\u0631\u0642\u064a\u0629. \u062e\u064a\u0627\u0631 \u0645\u062b\u0627\u0644\u064a \u0644\u0645\u062d\u0628\u064a \u0627\u0644\u0646\u0643\u0647\u0627\u062a \u0627\u0644\u062a\u0631\u0627\u062b\u064a\u0629\u060c \u0633\u0648\u0627\u0621 \u0641\u064a \u0627\u0644\u0634\u0648\u0631\u0628\u0627\u062a \u0623\u0648 \u0627\u0644\u0623\u0637\u0628\u0627\u0642 \u0627\u0644\u0633\u0627\u062e\u0646\u0629.<\/p>\n<p data-start=\"237\" data-end=\"251\"><strong data-start=\"237\" data-end=\"249\">Funktioner<\/strong><\/p>\n<ul data-start=\"252\" data-end=\"408\">\n<li data-start=\"252\" data-end=\"280\">\n<p data-start=\"254\" data-end=\"280\">\u0643\u0634\u0643 \u0639\u0627\u0644\u064a \u0627\u0644\u062c\u0648\u062f\u0629 \u0645\u0646 ASALA<\/p>\n<\/li>\n<li data-start=\"281\" data-end=\"305\">\n<p data-start=\"283\" data-end=\"305\">\u0637\u0639\u0645 \u062a\u0642\u0644\u064a\u062f\u064a \u063a\u0646\u064a \u0648\u0645\u0645\u064a\u0632<\/p>\n<\/li>\n<li data-start=\"306\" data-end=\"332\">\n<p data-start=\"308\" data-end=\"332\">\u0642\u0648\u0627\u0645 \u0646\u0627\u0639\u0645 \u0648\u0633\u0647\u0644 \u0627\u0644\u062a\u062d\u0636\u064a\u0631<\/p>\n<\/li>\n<li data-start=\"333\" data-end=\"375\">\n<p data-start=\"335\" data-end=\"375\">\u0645\u0646\u0627\u0633\u0628 \u0644\u062a\u062d\u0636\u064a\u0631 \u0627\u0644\u0634\u0648\u0631\u0628\u0627\u062a \u0648\u0627\u0644\u0623\u0643\u0644\u0627\u062a \u0627\u0644\u0634\u0639\u0628\u064a\u0629<\/p>\n<\/li>\n<li data-start=\"376\" data-end=\"408\">\n<p data-start=\"378\" data-end=\"408\">\u064a\u0645\u0646\u062d \u0623\u0637\u0628\u0627\u0642\u0643 \u0646\u0643\u0647\u0629 \u0634\u0631\u0642\u064a\u0629 \u0623\u0635\u064a\u0644\u0629<\/p>\n<\/li>\n<\/ul>\n<p data-start=\"410\" data-end=\"429\"><strong data-start=\"410\" data-end=\"427\">Produktinformation<\/strong><\/p>\n<ul data-start=\"430\" data-end=\"550\">\n<li data-start=\"430\" data-end=\"456\">\n<p data-start=\"432\" data-end=\"456\">\u0627\u0644\u0645\u0627\u0631\u0643\u0629: ASALA \u2013 \u0623\u0635\u0627\u0644\u0629<\/p>\n<\/li>\n<li data-start=\"457\" data-end=\"476\">\n<p data-start=\"459\" data-end=\"476\">\u0627\u0644\u0646\u0648\u0639: \u0643\u0634\u0643 \u0641\u0627\u062e\u0631<\/p>\n<\/li>\n<li data-start=\"477\" data-end=\"500\">\n<p data-start=\"479\" data-end=\"500\">\u0627\u0644\u0648\u0632\u0646 \u0627\u0644\u0635\u0627\u0641\u064a: 450 \u063a<\/p>\n<\/li>\n<li data-start=\"501\" data-end=\"550\">\n<p data-start=\"503\" data-end=\"550\">\u0627\u0644\u0627\u0633\u062a\u062e\u062f\u0627\u0645: \u0644\u062a\u062d\u0636\u064a\u0631 \u0627\u0644\u0634\u0648\u0631\u0628\u0627\u062a \u0648\u0627\u0644\u0623\u0637\u0628\u0627\u0642 \u0627\u0644\u062a\u0642\u0644\u064a\u062f\u064a\u0629<\/p>\n<\/li>\n<\/ul>\n<p data-start=\"715\" data-end=\"728\"><strong data-start=\"715\" data-end=\"726\">F\u00f6rvaring<\/strong><\/p>\n<ul data-start=\"729\" data-end=\"812\" data-is-last-node=\"\" data-is-only-node=\"\">\n<li data-start=\"729\" data-end=\"756\">\n<p data-start=\"731\" data-end=\"756\">F\u00f6rvaras p\u00e5 en sval och torr plats<\/p>\n<\/li>\n<li data-start=\"757\" data-end=\"787\">\n<p data-start=\"759\" data-end=\"787\">\u0628\u0639\u064a\u062f\u0627\u064b \u0639\u0646 \u0627\u0644\u0631\u0637\u0648\u0628\u0629 \u0648\u0627\u0644\u062d\u0631\u0627\u0631\u0629<\/p>\n<\/li>\n<li data-start=\"788\" data-end=\"812\" data-is-last-node=\"\">\n<p data-start=\"790\" data-end=\"812\" data-is-last-node=\"\">St\u00e4nger t\u00e4tt efter \u00f6ppning<\/p>\n<\/li>\n<\/ul>","protected":false},"excerpt":{"rendered":"<p>\u0643\u0634\u0643 \u0641\u0627\u062e\u0631 \u0645\u0646 \u0645\u0627\u0631\u0643\u0629 \u0623\u0635\u0627\u0644\u0629\u060c \u064a\u062a\u0645\u064a\u0632 \u0628\u0637\u0639\u0645\u0647 \u0627\u0644\u062a\u0642\u0644\u064a\u062f\u064a \u0627\u0644\u063a\u0646\u064a \u0648\u0642\u0648\u0627\u0645\u0647 \u0627\u0644\u0645\u062a\u062c\u0627\u0646\u0633\u060c \u0644\u064a\u0645\u0646\u062d\u0643 \u062a\u062c\u0631\u0628\u0629 \u0623\u0635\u064a\u0644\u0629 \u0641\u064a \u062a\u062d\u0636\u064a\u0631 \u0623\u0634\u0647\u0649 \u0627\u0644\u0623\u0637\u0628\u0627\u0642 \u0627\u0644\u0634\u0631\u0642\u064a\u0629. \u062e\u064a\u0627\u0631 \u0645\u062b\u0627\u0644\u064a \u0644\u0645\u062d\u0628\u064a \u0627\u0644\u0646\u0643\u0647\u0627\u062a \u0627\u0644\u062a\u0631\u0627\u062b\u064a\u0629\u060c \u0633\u0648\u0627\u0621 \u0641\u064a \u0627\u0644\u0634\u0648\u0631\u0628\u0627\u062a \u0623\u0648 \u0627\u0644\u0623\u0637\u0628\u0627\u0642 \u0627\u0644\u0633\u0627\u062e\u0646\u0629.<\/p>","protected":false},"featured_media":61307,"template":"","meta":[],"product_brand":[],"product_cat":[349,347],"product_tag":[],"class_list":{"0":"post-61306","1":"product","2":"type-product","3":"status-publish","4":"has-post-thumbnail","6":"product_cat-349","7":"product_cat-347","9":"first","10":"instock","11":"taxable","12":"shipping-taxable","13":"purchasable","14":"product-type-simple"},"_links":{"self":[{"href":"https:\/\/senabel.com\/sv\/wp-json\/wp\/v2\/product\/61306","targetHints":{"allow":["GET"]}}],"collection":[{"href":"https:\/\/senabel.com\/sv\/wp-json\/wp\/v2\/product"}],"about":[{"href":"https:\/\/senabel.com\/sv\/wp-json\/wp\/v2\/types\/product"}],"version-history":[{"count":1,"href":"https:\/\/senabel.com\/sv\/wp-json\/wp\/v2\/product\/61306\/revisions"}],"predecessor-version":[{"id":61308,"href":"https:\/\/senabel.com\/sv\/wp-json\/wp\/v2\/product\/61306\/revisions\/61308"}],"wp:featuredmedia":[{"embeddable":true,"href":"https:\/\/senabel.com\/sv\/wp-json\/wp\/v2\/media\/61307"}],"wp:attachment":[{"href":"https:\/\/senabel.com\/sv\/wp-json\/wp\/v2\/media?parent=61306"}],"wp:term":[{"taxonomy":"product_brand","embeddable":true,"href":"https:\/\/senabel.com\/sv\/wp-json\/wp\/v2\/product_brand?post=61306"},{"taxonomy":"product_cat","embeddable":true,"href":"https:\/\/senabel.com\/sv\/wp-json\/wp\/v2\/product_cat?post=61306"},{"taxonomy":"product_tag","embeddable":true,"href":"https:\/\/senabel.com\/sv\/wp-json\/wp\/v2\/product_tag?post=61306"}],"curies":[{"name":"wp","href":"https:\/\/api.w.org\/{rel}","templated":true}]}}