{"id":61265,"date":"2026-02-23T19:49:24","date_gmt":"2026-02-23T19:49:24","guid":{"rendered":"https:\/\/senabel.com\/?post_type=product&#038;p=61265"},"modified":"2026-05-03T14:14:19","modified_gmt":"2026-05-03T14:14:19","slug":"turkish-delight-with-pomegranate-and-pistachio-wrapped-in-rose-petals","status":"publish","type":"product","link":"https:\/\/senabel.com\/sv\/product\/turkish-delight-with-pomegranate-and-pistachio-wrapped-in-rose-petals\/","title":{"rendered":"\u0631\u0627\u062d\u0629 \u0628\u0627\u0644\u0631\u0645\u0627\u0646 \u0648\u0627\u0644\u0641\u0633\u062a\u0642 \u0627\u0644\u062d\u0644\u0628\u064a \u0645\u063a\u0644\u0641\u0629 \u0628\u0627\u0644\u0648\u0631\u062f &#8211; 500\u063a"},"content":{"rendered":"<p data-start=\"99\" data-end=\"316\">\u062a\u062c\u0631\u0628\u0629 \u0641\u0627\u062e\u0631\u0629 \u062a\u062c\u0645\u0639 \u0628\u064a\u0646 \u0646\u0643\u0647\u0629 \u0627\u0644\u0631\u0645\u0627\u0646 \u0627\u0644\u063a\u0646\u064a\u0629 \u0648\u0642\u0648\u0627\u0645 \u0627\u0644\u0631\u0627\u062d\u0629 \u0627\u0644\u0637\u0631\u064a\u060c \u0645\u0639 \u062d\u0628\u0627\u062a \u0627\u0644\u0641\u0633\u062a\u0642 \u0627\u0644\u062d\u0644\u0628\u064a \u0627\u0644\u0645\u0642\u0631\u0645\u0634\u0629 \u0648\u0644\u0645\u0633\u0629 \u0646\u0647\u0627\u0626\u064a\u0629 \u0645\u0646 \u0627\u0644\u0648\u0631\u062f \u0627\u0644\u0645\u062c\u0641\u0641 \u0627\u0644\u062a\u064a \u062a\u0636\u064a\u0641 \u0637\u0627\u0628\u0639\u064b\u0627 \u0639\u0637\u0631\u064a\u064b\u0627 \u0645\u0645\u064a\u0632\u064b\u0627. \u0645\u0646\u062a\u062c \u0623\u0646\u064a\u0642 \u0641\u064a \u0627\u0644\u0637\u0639\u0645 \u0648\u0627\u0644\u0634\u0643\u0644\u060c \u0645\u0646\u0627\u0633\u0628 \u0644\u0644\u0636\u064a\u0627\u0641\u0629 \u0627\u0644\u0631\u0627\u0642\u064a\u0629 \u0648\u0627\u0644\u062a\u0642\u062f\u064a\u0645 \u0627\u0644\u0641\u0627\u062e\u0631.<\/p>\n<p data-start=\"318\" data-end=\"330\"><strong data-start=\"318\" data-end=\"330\">Funktioner<\/strong><\/p>\n<ul data-start=\"331\" data-end=\"520\">\n<li data-start=\"331\" data-end=\"361\">\n<p data-start=\"333\" data-end=\"361\">\u0646\u0643\u0647\u0629 \u0631\u0645\u0627\u0646 \u0645\u0631\u0643\u0632\u0629 \u0628\u0637\u0627\u0628\u0639 \u0645\u0646\u0639\u0634<\/p>\n<\/li>\n<li data-start=\"362\" data-end=\"391\">\n<p data-start=\"364\" data-end=\"391\">\u063a\u0646\u064a \u0628\u0627\u0644\u0641\u0633\u062a\u0642 \u0627\u0644\u062d\u0644\u0628\u064a \u0627\u0644\u0643\u0627\u0645\u0644<\/p>\n<\/li>\n<li data-start=\"392\" data-end=\"438\">\n<p data-start=\"394\" data-end=\"438\">\u0645\u063a\u0644\u0641 \u0628\u0637\u0628\u0642\u0629 \u0645\u0646 \u0627\u0644\u0648\u0631\u062f \u0627\u0644\u0645\u062c\u0641\u0641 \u0644\u0645\u0630\u0627\u0642 \u0639\u0637\u0631\u064a \u0645\u0645\u064a\u0632<\/p>\n<\/li>\n<li data-start=\"439\" data-end=\"481\">\n<p data-start=\"441\" data-end=\"481\">\u0642\u0648\u0627\u0645 \u0637\u0631\u064a \u0645\u0639 \u062a\u0648\u0627\u0632\u0646 \u0628\u064a\u0646 \u0627\u0644\u062d\u0644\u0627\u0648\u0629 \u0648\u0627\u0644\u062d\u0645\u0648\u0636\u0629<\/p>\n<\/li>\n<li data-start=\"482\" data-end=\"520\">\n<p data-start=\"484\" data-end=\"520\">\u0642\u0637\u0639 \u0645\u063a\u0644\u0641\u0629 \u0628\u0634\u0643\u0644 \u0641\u0631\u062f\u064a \u0644\u0633\u0647\u0648\u0644\u0629 \u0627\u0644\u062a\u0642\u062f\u064a\u0645<\/p>\n<\/li>\n<\/ul>\n<p data-start=\"522\" data-end=\"539\"><strong data-start=\"522\" data-end=\"539\">Produktinformation<\/strong><\/p>\n<ul data-start=\"540\" data-end=\"662\">\n<li data-start=\"540\" data-end=\"562\">\n<p data-start=\"542\" data-end=\"562\">\u0627\u0644\u0646\u0648\u0639: \u0631\u0627\u062d\u0629 (\u0645\u0644\u0628\u0646)<\/p>\n<\/li>\n<li data-start=\"563\" data-end=\"597\">\n<p data-start=\"565\" data-end=\"597\">\u0627\u0644\u0646\u0643\u0647\u0629: \u0631\u0645\u0627\u0646 \u0645\u0639 \u0641\u0633\u062a\u0642 \u062d\u0644\u0628\u064a \u0648\u0648\u0631\u062f<\/p>\n<\/li>\n<li data-start=\"598\" data-end=\"635\">\n<p data-start=\"600\" data-end=\"635\">\u0627\u0644\u0634\u0643\u0644: \u0642\u0637\u0639 \u062f\u0627\u0626\u0631\u064a\u0629 \u0645\u063a\u0644\u0641\u0629 \u0628\u0634\u0643\u0644 \u0641\u0631\u062f\u064a<\/p>\n<\/li>\n<li data-start=\"636\" data-end=\"662\">\n<p data-start=\"638\" data-end=\"662\">L\u00e4mplig f\u00f6r g\u00e4stfrihet och g\u00e5vor<\/p>\n<\/li>\n<\/ul>\n<p data-start=\"778\" data-end=\"795\"><strong data-start=\"778\" data-end=\"795\">F\u00f6rvaringsmetod<\/strong><\/p>\n<ul data-start=\"796\" data-end=\"902\">\n<li data-start=\"796\" data-end=\"822\">\n<p data-start=\"798\" data-end=\"822\">F\u00f6rvaras p\u00e5 en sval och torr plats<\/p>\n<\/li>\n<li data-start=\"823\" data-end=\"856\">\n<p data-start=\"825\" data-end=\"856\">Skyddad fr\u00e5n sol och v\u00e4rme<\/p>\n<\/li>\n<li data-start=\"857\" data-end=\"902\">\n<p data-start=\"859\" data-end=\"902\">\u064a\u0641\u0636\u0644 \u0625\u063a\u0644\u0627\u0642 \u0627\u0644\u0639\u0628\u0648\u0629 \u062c\u064a\u062f\u064b\u0627 \u0644\u0644\u062d\u0641\u0627\u0638 \u0639\u0644\u0649 \u0627\u0644\u062c\u0648\u062f\u0629<\/p>\n<\/li>\n<\/ul>","protected":false},"excerpt":{"rendered":"<p>\u062a\u062c\u0631\u0628\u0629 \u0641\u0627\u062e\u0631\u0629 \u062a\u062c\u0645\u0639 \u0628\u064a\u0646 \u0646\u0643\u0647\u0629 \u0627\u0644\u0631\u0645\u0627\u0646 \u0627\u0644\u063a\u0646\u064a\u0629 \u0648\u0642\u0648\u0627\u0645 \u0627\u0644\u0631\u0627\u062d\u0629 \u0627\u0644\u0637\u0631\u064a\u060c \u0645\u0639 \u062d\u0628\u0627\u062a \u0627\u0644\u0641\u0633\u062a\u0642 \u0627\u0644\u062d\u0644\u0628\u064a \u0627\u0644\u0645\u0642\u0631\u0645\u0634\u0629 \u0648\u0644\u0645\u0633\u0629 \u0646\u0647\u0627\u0626\u064a\u0629 \u0645\u0646 \u0627\u0644\u0648\u0631\u062f \u0627\u0644\u0645\u062c\u0641\u0641 \u0627\u0644\u062a\u064a \u062a\u0636\u064a\u0641 \u0637\u0627\u0628\u0639\u064b\u0627 \u0639\u0637\u0631\u064a\u064b\u0627 \u0645\u0645\u064a\u0632\u064b\u0627. \u0645\u0646\u062a\u062c \u0623\u0646\u064a\u0642 \u0641\u064a \u0627\u0644\u0637\u0639\u0645 \u0648\u0627\u0644\u0634\u0643\u0644\u060c \u0645\u0646\u0627\u0633\u0628 \u0644\u0644\u0636\u064a\u0627\u0641\u0629 \u0627\u0644\u0631\u0627\u0642\u064a\u0629 \u0648\u0627\u0644\u062a\u0642\u062f\u064a\u0645 \u0627\u0644\u0641\u0627\u062e\u0631.<\/p>","protected":false},"featured_media":61267,"template":"","meta":[],"product_brand":[],"product_cat":[299],"product_tag":[],"class_list":{"0":"post-61265","1":"product","2":"type-product","3":"status-publish","4":"has-post-thumbnail","6":"product_cat-299","8":"first","9":"instock","10":"taxable","11":"shipping-taxable","12":"purchasable","13":"product-type-simple"},"_links":{"self":[{"href":"https:\/\/senabel.com\/sv\/wp-json\/wp\/v2\/product\/61265","targetHints":{"allow":["GET"]}}],"collection":[{"href":"https:\/\/senabel.com\/sv\/wp-json\/wp\/v2\/product"}],"about":[{"href":"https:\/\/senabel.com\/sv\/wp-json\/wp\/v2\/types\/product"}],"version-history":[{"count":2,"href":"https:\/\/senabel.com\/sv\/wp-json\/wp\/v2\/product\/61265\/revisions"}],"predecessor-version":[{"id":61269,"href":"https:\/\/senabel.com\/sv\/wp-json\/wp\/v2\/product\/61265\/revisions\/61269"}],"wp:featuredmedia":[{"embeddable":true,"href":"https:\/\/senabel.com\/sv\/wp-json\/wp\/v2\/media\/61267"}],"wp:attachment":[{"href":"https:\/\/senabel.com\/sv\/wp-json\/wp\/v2\/media?parent=61265"}],"wp:term":[{"taxonomy":"product_brand","embeddable":true,"href":"https:\/\/senabel.com\/sv\/wp-json\/wp\/v2\/product_brand?post=61265"},{"taxonomy":"product_cat","embeddable":true,"href":"https:\/\/senabel.com\/sv\/wp-json\/wp\/v2\/product_cat?post=61265"},{"taxonomy":"product_tag","embeddable":true,"href":"https:\/\/senabel.com\/sv\/wp-json\/wp\/v2\/product_tag?post=61265"}],"curies":[{"name":"wp","href":"https:\/\/api.w.org\/{rel}","templated":true}]}}