{"id":61197,"date":"2026-02-22T10:21:44","date_gmt":"2026-02-22T10:21:44","guid":{"rendered":"https:\/\/senabel.com\/?post_type=product&#038;p=61197"},"modified":"2026-03-18T12:57:54","modified_gmt":"2026-03-18T12:57:54","slug":"eid-vaska-for-barn-2","status":"publish","type":"product","link":"https:\/\/senabel.com\/sv\/product\/eid-bag-for-children\/","title":{"rendered":"Eid-v\u00e4ska f\u00f6r barn"},"content":{"rendered":"<p data-start=\"82\" data-end=\"252\">Ett sortiment av premiumchoklad och diverse godis i en snygg canvasp\u00e5se, med favorittillbeh\u00f6r som kex, gel\u00e9 och str\u00f6ssel. Ett utm\u00e4rkt val f\u00f6r g\u00e5vor, barnfavoriter och evenemang.<\/p>\n<p data-start=\"254\" data-end=\"266\"><strong data-start=\"254\" data-end=\"266\">Funktioner<\/strong><\/p>\n<ul data-start=\"267\" data-end=\"445\">\n<li data-start=\"267\" data-end=\"307\">\n<p data-start=\"269\" data-end=\"307\">Snygg \u00e5teranv\u00e4ndbar v\u00e4ska i canvas<\/p>\n<\/li>\n<li data-start=\"308\" data-end=\"344\">\n<p data-start=\"310\" data-end=\"344\">Ett sortiment som passar alla smaker<\/p>\n<\/li>\n<li data-start=\"345\" data-end=\"393\">\n<p data-start=\"347\" data-end=\"393\">En kombination av choklad, godis och snacks<\/p>\n<\/li>\n<li data-start=\"394\" data-end=\"445\">\n<p data-start=\"396\" data-end=\"445\">L\u00e4mplig f\u00f6r g\u00e5vor och giveaways (helgdagar, evenemang, bes\u00f6k)<\/p>\n<\/li>\n<\/ul>\n<p data-start=\"447\" data-end=\"464\"><strong data-start=\"447\" data-end=\"464\">Inneh\u00e5llet i v\u00e4skan<\/strong><\/p>\n<ul data-start=\"465\" data-end=\"570\">\n<li data-start=\"465\" data-end=\"488\">\n<p data-start=\"467\" data-end=\"488\">3 fina praliner<\/p>\n<\/li>\n<li data-start=\"489\" data-end=\"505\">\n<p data-start=\"491\" data-end=\"505\">2 kex<\/p>\n<\/li>\n<li data-start=\"506\" data-end=\"522\">\n<p data-start=\"508\" data-end=\"522\">Diverse godis<\/p>\n<\/li>\n<li data-start=\"523\" data-end=\"531\">\n<p data-start=\"525\" data-end=\"531\">Gel\u00e9<\/p>\n<\/li>\n<li data-start=\"532\" data-end=\"546\">\n<p data-start=\"534\" data-end=\"546\">Sockerr\u00f6r<\/p>\n<\/li>\n<li data-start=\"547\" data-end=\"563\">\n<p data-start=\"549\" data-end=\"563\">Choklad Smirnoff<\/p>\n<\/li>\n<li data-start=\"564\" data-end=\"570\">\n<p data-start=\"566\" data-end=\"570\">Kl\u00e4der<\/p>\n<\/li>\n<\/ul>\n<p data-start=\"694\" data-end=\"711\"><strong data-start=\"694\" data-end=\"711\">F\u00f6rvaringsmetod<\/strong><\/p>\n<ul data-start=\"712\" data-end=\"814\">\n<li data-start=\"712\" data-end=\"738\">\n<p data-start=\"714\" data-end=\"738\">F\u00f6rvaras p\u00e5 en sval och torr plats<\/p>\n<\/li>\n<li data-start=\"739\" data-end=\"769\">\n<p data-start=\"741\" data-end=\"769\">Bort fr\u00e5n direkt v\u00e4rme<\/p>\n<\/li>\n<li data-start=\"770\" data-end=\"814\">\n<p data-start=\"772\" data-end=\"814\">V\u00e4nligen st\u00e4ng p\u00e5sen f\u00f6r att bevara kvaliteten p\u00e5 inneh\u00e5llet<\/p>\n<\/li>\n<\/ul>","protected":false},"excerpt":{"rendered":"<p>Ett sortiment av premiumchoklad och diverse godis i en snygg canvasp\u00e5se, med favorittillbeh\u00f6r som kex, gel\u00e9 och str\u00f6ssel. Ett utm\u00e4rkt val f\u00f6r g\u00e5vor, barnfavoriter och evenemang.<\/p>","protected":false},"featured_media":61198,"template":"","meta":[],"product_brand":[],"product_cat":[444,377,220,348,297,347],"product_tag":[],"class_list":{"0":"post-61197","1":"product","2":"type-product","3":"status-publish","4":"has-post-thumbnail","6":"product_cat-444","7":"product_cat-377","8":"product_cat-220","9":"product_cat-348","10":"product_cat-297","11":"product_cat-347","13":"first","14":"outofstock","15":"taxable","16":"shipping-taxable","17":"purchasable","18":"product-type-simple"},"_links":{"self":[{"href":"https:\/\/senabel.com\/sv\/wp-json\/wp\/v2\/product\/61197","targetHints":{"allow":["GET"]}}],"collection":[{"href":"https:\/\/senabel.com\/sv\/wp-json\/wp\/v2\/product"}],"about":[{"href":"https:\/\/senabel.com\/sv\/wp-json\/wp\/v2\/types\/product"}],"version-history":[{"count":1,"href":"https:\/\/senabel.com\/sv\/wp-json\/wp\/v2\/product\/61197\/revisions"}],"predecessor-version":[{"id":61200,"href":"https:\/\/senabel.com\/sv\/wp-json\/wp\/v2\/product\/61197\/revisions\/61200"}],"wp:featuredmedia":[{"embeddable":true,"href":"https:\/\/senabel.com\/sv\/wp-json\/wp\/v2\/media\/61198"}],"wp:attachment":[{"href":"https:\/\/senabel.com\/sv\/wp-json\/wp\/v2\/media?parent=61197"}],"wp:term":[{"taxonomy":"product_brand","embeddable":true,"href":"https:\/\/senabel.com\/sv\/wp-json\/wp\/v2\/product_brand?post=61197"},{"taxonomy":"product_cat","embeddable":true,"href":"https:\/\/senabel.com\/sv\/wp-json\/wp\/v2\/product_cat?post=61197"},{"taxonomy":"product_tag","embeddable":true,"href":"https:\/\/senabel.com\/sv\/wp-json\/wp\/v2\/product_tag?post=61197"}],"curies":[{"name":"wp","href":"https:\/\/api.w.org\/{rel}","templated":true}]}}