{"id":61155,"date":"2026-02-20T13:53:07","date_gmt":"2026-02-20T13:53:07","guid":{"rendered":"https:\/\/senabel.com\/?post_type=product&#038;p=61155"},"modified":"2026-03-11T21:09:04","modified_gmt":"2026-03-11T21:09:04","slug":"shatti-mati-dessert-500g","status":"publish","type":"product","link":"https:\/\/senabel.com\/sv\/product\/%d8%ad%d9%84%d9%88%d9%89-%d8%b4%d8%b7%d9%8a-%d9%85%d8%b7%d9%8a-500%d8%ba\/","title":{"rendered":"Shatti Mati Dessert - 500g"},"content":{"rendered":"<p data-start=\"34\" data-end=\"235\">Njut av en h\u00e4rligt sockrig upplevelse med Shatti Mutti, ett favoritgodis f\u00f6r b\u00e5de barn och vuxna! Med en h\u00e4rlig kombination av starka f\u00e4rger och unika smaker \u00e4r det ett perfekt val f\u00f6r b\u00e5de fest och vardag.<\/p>\n<p data-start=\"237\" data-end=\"397\"><strong data-start=\"240\" data-end=\"253\">Funktioner:<\/strong><br data-start=\"253\" data-end=\"256\" \/>\u2714 En rolig blandning av smaker och f\u00e4rger.<br data-start=\"288\" data-end=\"291\" \/>\u2714 Mjuk och sockrig konsistens som sm\u00e4lter i munnen.<br data-start=\"321\" data-end=\"324\" \/>\u2714 Passar f\u00f6r hela familjen och fester.<br data-start=\"361\" data-end=\"364\" \/>\u2714 Tillverkad med ingredienser av h\u00f6g kvalitet.<\/p>\n<p data-start=\"399\" data-end=\"422\"><strong data-start=\"402\" data-end=\"420\">Produktinformation:<\/strong><\/p>\n<ul data-start=\"423\" data-end=\"598\">\n<li data-start=\"423\" data-end=\"496\"><strong data-start=\"425\" data-end=\"438\">Ingredienser:<\/strong> Socker, glukossirap, naturliga och konstgjorda aromer, livsmedelsf\u00e4rg\u00e4mnen.<\/li>\n<li data-start=\"497\" data-end=\"521\"><strong data-start=\"499\" data-end=\"509\">Vikt:<\/strong> 500 gram.<\/li>\n<li data-start=\"522\" data-end=\"598\"><strong data-start=\"524\" data-end=\"542\">F\u00f6rvaringsmetoden:<\/strong> F\u00f6rvaras svalt, torrt och skyddat fr\u00e5n direkt solljus.<\/li>\n<\/ul>\n<p data-start=\"600\" data-end=\"647\" data-is-last-node=\"\"><strong data-start=\"603\" data-end=\"644\">Barndomsgl\u00e4dje i varje del - prova nu<\/strong><\/p>","protected":false},"excerpt":{"rendered":"<p>Njut av en h\u00e4rligt sockrig upplevelse med Shatti Mutti, ett favoritgodis f\u00f6r b\u00e5de barn och vuxna! Med en h\u00e4rlig kombination av starka f\u00e4rger och unika smaker \u00e4r det ett perfekt val f\u00f6r b\u00e5de fest och vardag.<\/p>","protected":false},"featured_media":47252,"template":"","meta":[],"product_brand":[],"product_cat":[349,377,220,347],"product_tag":[],"class_list":{"0":"post-61155","1":"product","2":"type-product","3":"status-publish","4":"has-post-thumbnail","6":"product_cat-349","7":"product_cat-377","8":"product_cat-220","9":"product_cat-347","11":"first","12":"outofstock","13":"taxable","14":"shipping-taxable","15":"purchasable","16":"product-type-simple"},"_links":{"self":[{"href":"https:\/\/senabel.com\/sv\/wp-json\/wp\/v2\/product\/61155","targetHints":{"allow":["GET"]}}],"collection":[{"href":"https:\/\/senabel.com\/sv\/wp-json\/wp\/v2\/product"}],"about":[{"href":"https:\/\/senabel.com\/sv\/wp-json\/wp\/v2\/types\/product"}],"version-history":[{"count":2,"href":"https:\/\/senabel.com\/sv\/wp-json\/wp\/v2\/product\/61155\/revisions"}],"predecessor-version":[{"id":61157,"href":"https:\/\/senabel.com\/sv\/wp-json\/wp\/v2\/product\/61155\/revisions\/61157"}],"wp:featuredmedia":[{"embeddable":true,"href":"https:\/\/senabel.com\/sv\/wp-json\/wp\/v2\/media\/47252"}],"wp:attachment":[{"href":"https:\/\/senabel.com\/sv\/wp-json\/wp\/v2\/media?parent=61155"}],"wp:term":[{"taxonomy":"product_brand","embeddable":true,"href":"https:\/\/senabel.com\/sv\/wp-json\/wp\/v2\/product_brand?post=61155"},{"taxonomy":"product_cat","embeddable":true,"href":"https:\/\/senabel.com\/sv\/wp-json\/wp\/v2\/product_cat?post=61155"},{"taxonomy":"product_tag","embeddable":true,"href":"https:\/\/senabel.com\/sv\/wp-json\/wp\/v2\/product_tag?post=61155"}],"curies":[{"name":"wp","href":"https:\/\/api.w.org\/{rel}","templated":true}]}}