{"id":61003,"date":"2026-02-14T14:18:44","date_gmt":"2026-02-14T14:18:44","guid":{"rendered":"https:\/\/senabel.com\/?post_type=product&#038;p=61003"},"modified":"2026-03-07T09:18:09","modified_gmt":"2026-03-07T09:18:09","slug":"blanda-dadlar-och-torkad-frukt","status":"publish","type":"product","link":"https:\/\/senabel.com\/sv\/product\/mix-dates-and-dried-fruits\/","title":{"rendered":"Ramadan Blandad tallrik med dadlar och torkad frukt - 1000g"},"content":{"rendered":"<p data-start=\"55\" data-end=\"211\">Ett lyxigt Ramadan-sortiment som kombinerar fyllda dadlar med noggrant utvalda torkade dadlar, arrangerade i en elegant sk\u00e5l och bundna med ett guldband, redo att serveras eller ges bort under den heliga m\u00e5naden.<\/p>\n<p data-start=\"213\" data-end=\"225\"><strong data-start=\"213\" data-end=\"225\">Funktioner<\/strong><\/p>\n<ul data-start=\"226\" data-end=\"394\">\n<li data-start=\"226\" data-end=\"269\">\n<p data-start=\"228\" data-end=\"269\">Olika sorters dadlar och torkad frukt<\/p>\n<\/li>\n<li data-start=\"270\" data-end=\"299\">\n<p data-start=\"272\" data-end=\"299\">Fyllning med n\u00f6tter och choklad<\/p>\n<\/li>\n<li data-start=\"300\" data-end=\"331\">\n<p data-start=\"302\" data-end=\"331\">Sk\u00e5len \u00e4r klar f\u00f6r servering eller g\u00e5va<\/p>\n<\/li>\n<li data-start=\"332\" data-end=\"369\">\n<p data-start=\"334\" data-end=\"369\">En stilfull look f\u00f6r Ramadan-g\u00e4stfriheten<\/p>\n<\/li>\n<li data-start=\"370\" data-end=\"394\">\n<p data-start=\"372\" data-end=\"394\">H\u00f6g kvalitet och balanserad smak<\/p>\n<\/li>\n<\/ul>\n<p data-start=\"396\" data-end=\"413\"><strong data-start=\"396\" data-end=\"413\">Produktinformation<\/strong><\/p>\n<ul data-start=\"414\" data-end=\"548\">\n<li data-start=\"414\" data-end=\"430\">\n<p data-start=\"416\" data-end=\"430\">Vikt: 1000g<\/p>\n<\/li>\n<li data-start=\"431\" data-end=\"503\">\n<p data-start=\"433\" data-end=\"503\">Inneh\u00e5ll: Fyllda dadlar, torkade fikon, torkade aprikoser, dadelbollar med choklad och n\u00f6tter<\/p>\n<\/li>\n<li data-start=\"504\" data-end=\"548\">\n<p data-start=\"506\" data-end=\"548\">F\u00f6rpackning: Tallrik dekorerad med ett elegant band och redo att serveras<\/p>\n<\/li>\n<\/ul>\n<p data-start=\"550\" data-end=\"567\"><strong data-start=\"550\" data-end=\"567\">Hur man serverar<\/strong><\/p>\n<ul data-start=\"568\" data-end=\"671\">\n<li data-start=\"568\" data-end=\"601\">\n<p data-start=\"570\" data-end=\"601\">Serveras direkt fr\u00e5n frukostbordet<\/p>\n<\/li>\n<li data-start=\"602\" data-end=\"638\">\n<p data-start=\"604\" data-end=\"638\">Perfekt som g\u00e4stfrihet under Ramadan eller som g\u00e5va<\/p>\n<\/li>\n<li data-start=\"639\" data-end=\"671\">\n<p data-start=\"641\" data-end=\"671\">Kan serveras med kaffe eller te<\/p>\n<\/li>\n<\/ul>\n<p data-start=\"673\" data-end=\"690\"><strong data-start=\"673\" data-end=\"690\">F\u00f6rvaringsmetod<\/strong><\/p>\n<ul data-start=\"691\" data-end=\"801\">\n<li data-start=\"691\" data-end=\"717\">\n<p data-start=\"693\" data-end=\"717\">F\u00f6rvaras p\u00e5 en sval och torr plats<\/p>\n<\/li>\n<li data-start=\"718\" data-end=\"751\">\n<p data-start=\"720\" data-end=\"751\">Skyddad fr\u00e5n sol och v\u00e4rme<\/p>\n<\/li>\n<li data-start=\"752\" data-end=\"801\">\n<p data-start=\"754\" data-end=\"801\">Se till att st\u00e4nga den ordentligt efter \u00f6ppnandet f\u00f6r att bevara dess kvalitet<\/p>\n<\/li>\n<\/ul>","protected":false},"excerpt":{"rendered":"<p>Ett lyxigt Ramadan-sortiment som kombinerar fyllda dadlar med noggrant utvalda torkade dadlar, arrangerade i en elegant sk\u00e5l och bundna med ett guldband, redo att serveras eller ges bort under den heliga m\u00e5naden.<\/p>","protected":false},"featured_media":61004,"template":"","meta":[],"product_brand":[],"product_cat":[348,309,347],"product_tag":[],"class_list":{"0":"post-61003","1":"product","2":"type-product","3":"status-publish","4":"has-post-thumbnail","6":"product_cat-348","7":"product_cat-309","8":"product_cat-347","10":"first","11":"outofstock","12":"taxable","13":"shipping-taxable","14":"purchasable","15":"product-type-simple"},"_links":{"self":[{"href":"https:\/\/senabel.com\/sv\/wp-json\/wp\/v2\/product\/61003","targetHints":{"allow":["GET"]}}],"collection":[{"href":"https:\/\/senabel.com\/sv\/wp-json\/wp\/v2\/product"}],"about":[{"href":"https:\/\/senabel.com\/sv\/wp-json\/wp\/v2\/types\/product"}],"version-history":[{"count":1,"href":"https:\/\/senabel.com\/sv\/wp-json\/wp\/v2\/product\/61003\/revisions"}],"predecessor-version":[{"id":61007,"href":"https:\/\/senabel.com\/sv\/wp-json\/wp\/v2\/product\/61003\/revisions\/61007"}],"wp:featuredmedia":[{"embeddable":true,"href":"https:\/\/senabel.com\/sv\/wp-json\/wp\/v2\/media\/61004"}],"wp:attachment":[{"href":"https:\/\/senabel.com\/sv\/wp-json\/wp\/v2\/media?parent=61003"}],"wp:term":[{"taxonomy":"product_brand","embeddable":true,"href":"https:\/\/senabel.com\/sv\/wp-json\/wp\/v2\/product_brand?post=61003"},{"taxonomy":"product_cat","embeddable":true,"href":"https:\/\/senabel.com\/sv\/wp-json\/wp\/v2\/product_cat?post=61003"},{"taxonomy":"product_tag","embeddable":true,"href":"https:\/\/senabel.com\/sv\/wp-json\/wp\/v2\/product_tag?post=61003"}],"curies":[{"name":"wp","href":"https:\/\/api.w.org\/{rel}","templated":true}]}}