{"id":60912,"date":"2026-02-09T16:32:54","date_gmt":"2026-02-09T16:32:54","guid":{"rendered":"https:\/\/senabel.com\/?post_type=product&#038;p=60912"},"modified":"2026-05-06T14:34:32","modified_gmt":"2026-05-06T14:34:32","slug":"koncentrat-av-rosensirap","status":"publish","type":"product","link":"https:\/\/senabel.com\/sv\/product\/%d8%b4%d8%b1%d8%a7%d8%a8-%d8%a7%d9%84%d9%88%d8%b1%d8%af-%d8%a7%d9%84%d9%85%d8%b1%d9%83%d8%b2\/","title":{"rendered":"Koncentrat av rosensirap"},"content":{"rendered":"<p data-start=\"30\" data-end=\"165\">En koncentrerad rossirap med en distinkt aromatisk smak och attraktiv f\u00e4rg, som ger dina drycker och desserter en lyxig touch med en \u00e4kta rossmak, l\u00e4mplig f\u00f6r snabb och uppfriskande tillagning n\u00e4r som helst.<\/p>\n<p data-start=\"167\" data-end=\"179\"><strong data-start=\"167\" data-end=\"179\">Funktioner<\/strong><\/p>\n<ul data-start=\"180\" data-end=\"350\">\n<li data-start=\"180\" data-end=\"204\">\n<p data-start=\"182\" data-end=\"204\">Rik och aromatisk smak av ros<\/p>\n<\/li>\n<li data-start=\"205\" data-end=\"249\">\n<p data-start=\"207\" data-end=\"249\">H\u00f6gkoncentrerad f\u00f6r en tydlig smak i en liten m\u00e4ngd<\/p>\n<\/li>\n<li data-start=\"250\" data-end=\"287\">\n<p data-start=\"252\" data-end=\"287\">L\u00e4mplig f\u00f6r kalla drycker och desserter<\/p>\n<\/li>\n<li data-start=\"288\" data-end=\"325\">\n<p data-start=\"290\" data-end=\"325\">En i\u00f6gonfallande f\u00e4rg som ger en vacker touch till recepten<\/p>\n<\/li>\n<li data-start=\"326\" data-end=\"350\">\n<p data-start=\"328\" data-end=\"350\">L\u00e4tt att f\u00f6rbereda och anv\u00e4nda<\/p>\n<\/li>\n<\/ul>\n<p data-start=\"352\" data-end=\"369\"><strong data-start=\"352\" data-end=\"369\">Produktinformation<\/strong><\/p>\n<ul data-start=\"370\" data-end=\"461\">\n<li data-start=\"370\" data-end=\"385\">\n<p data-start=\"372\" data-end=\"385\">Vikt: 700g<\/p>\n<\/li>\n<li data-start=\"386\" data-end=\"410\">\n<p data-start=\"388\" data-end=\"410\">Typ av produkt Koncentrat av rosensirap<\/p>\n<\/li>\n<li data-start=\"411\" data-end=\"431\">\n<p data-start=\"413\" data-end=\"431\">Form: Koncentrerad v\u00e4tska<\/p>\n<\/li>\n<li data-start=\"432\" data-end=\"461\">\n<p data-start=\"434\" data-end=\"461\">F\u00f6rpackningen: F\u00f6rseglad flaska<\/p>\n<\/li>\n<\/ul>\n<p data-start=\"463\" data-end=\"482\"><strong data-start=\"463\" data-end=\"482\">S\u00e5 h\u00e4r anv\u00e4nder du den<\/strong><\/p>\n<ul data-start=\"483\" data-end=\"604\">\n<li data-start=\"483\" data-end=\"516\">\n<p data-start=\"485\" data-end=\"516\">Sp\u00e4d med kallt vatten efter smak<\/p>\n<\/li>\n<li data-start=\"517\" data-end=\"550\">\n<p data-start=\"519\" data-end=\"550\">Kan tills\u00e4ttas i mj\u00f6lk eller smoothies<\/p>\n<\/li>\n<li data-start=\"551\" data-end=\"604\">\n<p data-start=\"553\" data-end=\"604\">Anv\u00e4nds i orientaliska desserter och uppfriskande drycker<\/p>\n<\/li>\n<\/ul>\n<p data-start=\"606\" data-end=\"623\"><strong data-start=\"606\" data-end=\"623\">F\u00f6rvaringsmetod<\/strong><\/p>\n<ul data-start=\"624\" data-end=\"746\">\n<li data-start=\"624\" data-end=\"671\">\n<p data-start=\"626\" data-end=\"671\">F\u00f6rvaras svalt, torrt och skyddat fr\u00e5n solljus<\/p>\n<\/li>\n<li data-start=\"672\" data-end=\"706\">\n<p data-start=\"674\" data-end=\"706\">F\u00f6rvaras b\u00e4st i kylen efter \u00f6ppnandet<\/p>\n<\/li>\n<li data-start=\"707\" data-end=\"746\">\n<p data-start=\"709\" data-end=\"746\">Skaka v\u00e4l f\u00f6re anv\u00e4ndning om det beh\u00f6vs<\/p>\n<\/li>\n<\/ul>","protected":false},"excerpt":{"rendered":"<p>En koncentrerad rossirap med en distinkt aromatisk smak och attraktiv f\u00e4rg, som ger dina drycker och desserter en lyxig touch med en \u00e4kta rossmak, l\u00e4mplig f\u00f6r snabb och uppfriskande tillagning n\u00e4r som helst.<\/p>","protected":false},"featured_media":60913,"template":"","meta":[],"product_brand":[],"product_cat":[349,348,347],"product_tag":[],"class_list":{"0":"post-60912","1":"product","2":"type-product","3":"status-publish","4":"has-post-thumbnail","6":"product_cat-349","7":"product_cat-348","8":"product_cat-347","10":"first","11":"instock","12":"taxable","13":"shipping-taxable","14":"purchasable","15":"product-type-simple"},"_links":{"self":[{"href":"https:\/\/senabel.com\/sv\/wp-json\/wp\/v2\/product\/60912","targetHints":{"allow":["GET"]}}],"collection":[{"href":"https:\/\/senabel.com\/sv\/wp-json\/wp\/v2\/product"}],"about":[{"href":"https:\/\/senabel.com\/sv\/wp-json\/wp\/v2\/types\/product"}],"version-history":[{"count":1,"href":"https:\/\/senabel.com\/sv\/wp-json\/wp\/v2\/product\/60912\/revisions"}],"predecessor-version":[{"id":60914,"href":"https:\/\/senabel.com\/sv\/wp-json\/wp\/v2\/product\/60912\/revisions\/60914"}],"wp:featuredmedia":[{"embeddable":true,"href":"https:\/\/senabel.com\/sv\/wp-json\/wp\/v2\/media\/60913"}],"wp:attachment":[{"href":"https:\/\/senabel.com\/sv\/wp-json\/wp\/v2\/media?parent=60912"}],"wp:term":[{"taxonomy":"product_brand","embeddable":true,"href":"https:\/\/senabel.com\/sv\/wp-json\/wp\/v2\/product_brand?post=60912"},{"taxonomy":"product_cat","embeddable":true,"href":"https:\/\/senabel.com\/sv\/wp-json\/wp\/v2\/product_cat?post=60912"},{"taxonomy":"product_tag","embeddable":true,"href":"https:\/\/senabel.com\/sv\/wp-json\/wp\/v2\/product_tag?post=60912"}],"curies":[{"name":"wp","href":"https:\/\/api.w.org\/{rel}","templated":true}]}}