{"id":60898,"date":"2026-02-09T16:34:43","date_gmt":"2026-02-09T16:34:43","guid":{"rendered":"https:\/\/senabel.com\/?post_type=product&#038;p=60898"},"modified":"2026-03-14T21:25:09","modified_gmt":"2026-03-14T21:25:09","slug":"naturlig-tamarind","status":"publish","type":"product","link":"https:\/\/senabel.com\/sv\/product\/natural-tamarind\/","title":{"rendered":"Tamarind 250 g"},"content":{"rendered":"<p data-start=\"25\" data-end=\"200\">En naturlig tamarind med en syrlig smak, perfekt f\u00f6r smoothies, Ramadan-drycker och olika orientaliska recept. Den har en balanserad smak och h\u00f6g kvalitet f\u00f6r att ge dina r\u00e4tter och drycker en autentisk smak.<\/p>\n<p data-start=\"202\" data-end=\"347\">- Tillverkad med naturlig tamarind 100%<br data-start=\"232\" data-end=\"235\" \/>- En uppfriskande syrlig och kornig smak<br data-start=\"260\" data-end=\"263\" \/>- Idealisk f\u00f6r smoothies och drinkar<br data-start=\"296\" data-end=\"299\" \/>- L\u00e4mplig f\u00f6r anv\u00e4ndning i orientaliska och asiatiska recept<\/p>\n<p data-start=\"349\" data-end=\"366\"><strong data-start=\"349\" data-end=\"366\">Produktinformation<\/strong><\/p>\n<p data-start=\"368\" data-end=\"462\">- Nettovikt: 250g<br data-start=\"388\" data-end=\"391\" \/>- Ingredienser: Tamarind<br data-start=\"417\" data-end=\"420\" \/>- Anv\u00e4ndning: F\u00f6r olika drycker och recept<\/p>\n<p data-start=\"464\" data-end=\"479\"><strong data-start=\"464\" data-end=\"479\">Hur du sparar<\/strong><\/p>\n<p data-start=\"481\" data-end=\"589\" data-is-last-node=\"\" data-is-only-node=\"\">- F\u00f6rvaras p\u00e5 en sval och torr plats<br data-start=\"506\" data-end=\"509\" \/>- F\u00f6rvaras \u00e5tskilt fr\u00e5n v\u00e4rme och fukt<br data-start=\"536\" data-end=\"539\" \/>- F\u00f6rsluter t\u00e4tt efter \u00f6ppning f\u00f6r att bevara smak och kvalitet<\/p>","protected":false},"excerpt":{"rendered":"<p>En naturlig tamarind med en syrlig smak, perfekt f\u00f6r smoothies, Ramadan-drycker och olika orientaliska recept. Den har en balanserad smak och h\u00f6g kvalitet f\u00f6r att ge dina r\u00e4tter och drycker en autentisk smak.<\/p>","protected":false},"featured_media":60900,"template":"","meta":[],"product_brand":[],"product_cat":[309,348,349,347],"product_tag":[],"class_list":{"0":"post-60898","1":"product","2":"type-product","3":"status-publish","4":"has-post-thumbnail","6":"product_cat-309","7":"product_cat-348","8":"product_cat-349","9":"product_cat-347","11":"first","12":"outofstock","13":"taxable","14":"shipping-taxable","15":"purchasable","16":"product-type-simple"},"_links":{"self":[{"href":"https:\/\/senabel.com\/sv\/wp-json\/wp\/v2\/product\/60898","targetHints":{"allow":["GET"]}}],"collection":[{"href":"https:\/\/senabel.com\/sv\/wp-json\/wp\/v2\/product"}],"about":[{"href":"https:\/\/senabel.com\/sv\/wp-json\/wp\/v2\/types\/product"}],"version-history":[{"count":1,"href":"https:\/\/senabel.com\/sv\/wp-json\/wp\/v2\/product\/60898\/revisions"}],"predecessor-version":[{"id":60901,"href":"https:\/\/senabel.com\/sv\/wp-json\/wp\/v2\/product\/60898\/revisions\/60901"}],"wp:featuredmedia":[{"embeddable":true,"href":"https:\/\/senabel.com\/sv\/wp-json\/wp\/v2\/media\/60900"}],"wp:attachment":[{"href":"https:\/\/senabel.com\/sv\/wp-json\/wp\/v2\/media?parent=60898"}],"wp:term":[{"taxonomy":"product_brand","embeddable":true,"href":"https:\/\/senabel.com\/sv\/wp-json\/wp\/v2\/product_brand?post=60898"},{"taxonomy":"product_cat","embeddable":true,"href":"https:\/\/senabel.com\/sv\/wp-json\/wp\/v2\/product_cat?post=60898"},{"taxonomy":"product_tag","embeddable":true,"href":"https:\/\/senabel.com\/sv\/wp-json\/wp\/v2\/product_tag?post=60898"}],"curies":[{"name":"wp","href":"https:\/\/api.w.org\/{rel}","templated":true}]}}