{"id":60859,"date":"2026-02-08T10:44:13","date_gmt":"2026-02-08T10:44:13","guid":{"rendered":"https:\/\/senabel.com\/?post_type=product&#038;p=60859"},"modified":"2026-03-15T11:33:22","modified_gmt":"2026-03-15T11:33:22","slug":"elegant-choklad-20","status":"publish","type":"product","link":"https:\/\/senabel.com\/sv\/product\/elegant-chocolate-20\/","title":{"rendered":"Elegant choklad med gr\u00e4ddfyllning - 500g"},"content":{"rendered":"<p data-start=\"41\" data-end=\"201\">Eleganta chokladkakor med en mjuk kr\u00e4mig fyllning som kombinerar den rika chokladsmaken med fyllningens sammetslena konsistens f\u00f6r en v\u00e4lbalanserad dessertupplevelse som passar b\u00e5de till vardags och vid speciella tillf\u00e4llen.<\/p>\n<p data-start=\"203\" data-end=\"352\">- Lyxig choklad med en mjuk kr\u00e4mig fyllning<br data-start=\"236\" data-end=\"239\" \/>- Balanserad smak och sammetslen konsistens i varje bit<br data-start=\"274\" data-end=\"277\" \/>- L\u00e4mplig att servera till kaffe eller te<br data-start=\"312\" data-end=\"315\" \/>- Inkapslade bitar som bevarar smak och kvalitet<\/p>\n<p data-start=\"354\" data-end=\"371\"><strong data-start=\"354\" data-end=\"371\">Produktinformation<\/strong><\/p>\n<p data-start=\"373\" data-end=\"464\">- Typ: Choklad med gr\u00e4ddfyllning<br data-start=\"402\" data-end=\"405\" \/>- Nettovikt: 500g<br data-start=\"429\" data-end=\"432\" \/>- F\u00f6rpackning: F\u00f6rpackade delar i en l\u00e5da<\/p>\n<p data-start=\"466\" data-end=\"481\"><strong data-start=\"466\" data-end=\"481\">Hur du sparar<\/strong><\/p>\n<p data-start=\"483\" data-end=\"612\" data-is-last-node=\"\" data-is-only-node=\"\">- F\u00f6rvaras p\u00e5 en sval och torr plats<br data-start=\"508\" data-end=\"511\" \/>- F\u00f6rvaras skyddat fr\u00e5n v\u00e4rme och solljus<br data-start=\"541\" data-end=\"544\" \/>- F\u00f6rvara vid m\u00e5ttlig temperatur f\u00f6r att bevara chokladens kvalitet och konsistens<\/p>","protected":false},"excerpt":{"rendered":"<p>Eleganta chokladkakor med en mjuk kr\u00e4mig fyllning som kombinerar den rika chokladsmaken med fyllningens sammetslena konsistens f\u00f6r en v\u00e4lbalanserad dessertupplevelse som passar b\u00e5de till vardags och vid speciella tillf\u00e4llen.<\/p>","protected":false},"featured_media":60860,"template":"","meta":[],"product_brand":[],"product_cat":[297],"product_tag":[],"class_list":{"0":"post-60859","1":"product","2":"type-product","3":"status-publish","4":"has-post-thumbnail","6":"product_cat-297","8":"first","9":"outofstock","10":"taxable","11":"shipping-taxable","12":"purchasable","13":"product-type-simple"},"_links":{"self":[{"href":"https:\/\/senabel.com\/sv\/wp-json\/wp\/v2\/product\/60859","targetHints":{"allow":["GET"]}}],"collection":[{"href":"https:\/\/senabel.com\/sv\/wp-json\/wp\/v2\/product"}],"about":[{"href":"https:\/\/senabel.com\/sv\/wp-json\/wp\/v2\/types\/product"}],"version-history":[{"count":3,"href":"https:\/\/senabel.com\/sv\/wp-json\/wp\/v2\/product\/60859\/revisions"}],"predecessor-version":[{"id":60863,"href":"https:\/\/senabel.com\/sv\/wp-json\/wp\/v2\/product\/60859\/revisions\/60863"}],"wp:featuredmedia":[{"embeddable":true,"href":"https:\/\/senabel.com\/sv\/wp-json\/wp\/v2\/media\/60860"}],"wp:attachment":[{"href":"https:\/\/senabel.com\/sv\/wp-json\/wp\/v2\/media?parent=60859"}],"wp:term":[{"taxonomy":"product_brand","embeddable":true,"href":"https:\/\/senabel.com\/sv\/wp-json\/wp\/v2\/product_brand?post=60859"},{"taxonomy":"product_cat","embeddable":true,"href":"https:\/\/senabel.com\/sv\/wp-json\/wp\/v2\/product_cat?post=60859"},{"taxonomy":"product_tag","embeddable":true,"href":"https:\/\/senabel.com\/sv\/wp-json\/wp\/v2\/product_tag?post=60859"}],"curies":[{"name":"wp","href":"https:\/\/api.w.org\/{rel}","templated":true}]}}