{"id":60833,"date":"2026-02-08T10:29:42","date_gmt":"2026-02-08T10:29:42","guid":{"rendered":"https:\/\/senabel.com\/?post_type=product&#038;p=60833"},"modified":"2026-03-15T20:48:32","modified_gmt":"2026-03-15T20:48:32","slug":"elegant-choklad-15","status":"publish","type":"product","link":"https:\/\/senabel.com\/sv\/product\/elegant-chocolate-15\/","title":{"rendered":"Elegant choklad med karamellkr\u00e4msfyllning - 500g"},"content":{"rendered":"<p data-start=\"48\" data-end=\"205\">Eleganta chokladkakor med en len och fyllig karamellfyllning, som kombinerar den salta smaken av choklad med s\u00f6tman av sm\u00e4lt karamell f\u00f6r att skapa en unik upplevelse i varje tugga, perfekt f\u00f6r underh\u00e5llning eller som en elegant g\u00e5va.<\/p>\n<p data-start=\"207\" data-end=\"349\">- Choklad med karamellkr\u00e4mfyllning<br data-start=\"236\" data-end=\"239\" \/>- Mjuk karamellfyllning med en rik och balanserad smak<br data-start=\"275\" data-end=\"278\" \/>- Smidigt choklad\u00f6verdrag som sm\u00e4lter l\u00e4tt<br data-start=\"308\" data-end=\"311\" \/>- L\u00e4mplig f\u00f6r representation, g\u00e5vor och evenemang<\/p>\n<p data-start=\"351\" data-end=\"368\"><strong data-start=\"351\" data-end=\"368\">Produktinformation<\/strong><\/p>\n<p data-start=\"370\" data-end=\"468\">- Typ: Choklad med karamellkr\u00e4msfyllning<br data-start=\"406\" data-end=\"409\" \/>- Nettovikt: 500g<br data-start=\"433\" data-end=\"436\" \/>- F\u00f6rpackning: F\u00f6rpackade delar i en l\u00e5da<\/p>\n<p data-start=\"470\" data-end=\"485\"><strong data-start=\"470\" data-end=\"485\">Hur du sparar<\/strong><\/p>\n<p data-start=\"487\" data-end=\"614\" data-is-last-node=\"\" data-is-only-node=\"\">- F\u00f6rvaras p\u00e5 en sval och torr plats<br data-start=\"512\" data-end=\"515\" \/>- F\u00f6rvaras skyddat fr\u00e5n v\u00e4rme och solljus<br data-start=\"545\" data-end=\"548\" \/>- F\u00f6rvara vid m\u00e5ttlig temperatur f\u00f6r att bevara chokladens kvalitet och konsistens<\/p>","protected":false},"excerpt":{"rendered":"<p>Eleganta chokladkakor med en len och fyllig karamellfyllning, som kombinerar den salta smaken av choklad med s\u00f6tman av sm\u00e4lt karamell f\u00f6r att skapa en unik upplevelse i varje tugga, perfekt f\u00f6r underh\u00e5llning eller som en elegant g\u00e5va.<\/p>","protected":false},"featured_media":60834,"template":"","meta":[],"product_brand":[],"product_cat":[297],"product_tag":[],"class_list":{"0":"post-60833","1":"product","2":"type-product","3":"status-publish","4":"has-post-thumbnail","6":"product_cat-297","8":"first","9":"instock","10":"taxable","11":"shipping-taxable","12":"purchasable","13":"product-type-simple"},"_links":{"self":[{"href":"https:\/\/senabel.com\/sv\/wp-json\/wp\/v2\/product\/60833","targetHints":{"allow":["GET"]}}],"collection":[{"href":"https:\/\/senabel.com\/sv\/wp-json\/wp\/v2\/product"}],"about":[{"href":"https:\/\/senabel.com\/sv\/wp-json\/wp\/v2\/types\/product"}],"version-history":[{"count":2,"href":"https:\/\/senabel.com\/sv\/wp-json\/wp\/v2\/product\/60833\/revisions"}],"predecessor-version":[{"id":60836,"href":"https:\/\/senabel.com\/sv\/wp-json\/wp\/v2\/product\/60833\/revisions\/60836"}],"wp:featuredmedia":[{"embeddable":true,"href":"https:\/\/senabel.com\/sv\/wp-json\/wp\/v2\/media\/60834"}],"wp:attachment":[{"href":"https:\/\/senabel.com\/sv\/wp-json\/wp\/v2\/media?parent=60833"}],"wp:term":[{"taxonomy":"product_brand","embeddable":true,"href":"https:\/\/senabel.com\/sv\/wp-json\/wp\/v2\/product_brand?post=60833"},{"taxonomy":"product_cat","embeddable":true,"href":"https:\/\/senabel.com\/sv\/wp-json\/wp\/v2\/product_cat?post=60833"},{"taxonomy":"product_tag","embeddable":true,"href":"https:\/\/senabel.com\/sv\/wp-json\/wp\/v2\/product_tag?post=60833"}],"curies":[{"name":"wp","href":"https:\/\/api.w.org\/{rel}","templated":true}]}}