{"id":60793,"date":"2026-02-08T10:16:43","date_gmt":"2026-02-08T10:16:43","guid":{"rendered":"https:\/\/senabel.com\/?post_type=product&#038;p=60793"},"modified":"2026-03-15T11:39:01","modified_gmt":"2026-03-15T11:39:01","slug":"elegant-choklad-5","status":"publish","type":"product","link":"https:\/\/senabel.com\/sv\/product\/elegant-chocolate-5\/","title":{"rendered":"Elegant choklad med gr\u00e4dde och n\u00f6tfyllning - 500g"},"content":{"rendered":"<p data-start=\"51\" data-end=\"201\">En lyxig chokladkaka med en rik, kr\u00e4mig fyllning och utvalda n\u00f6tter, som ger den perfekta balansen mellan kr\u00e4mens lenhet och n\u00f6tternas krispiga konsistens i ett mjukt chokladskal med en balanserad smak.<\/p>\n<p data-start=\"203\" data-end=\"343\">- Choklad med kr\u00e4mig fyllning med n\u00f6tter<br data-start=\"233\" data-end=\"236\" \/>- Kombinationen av mjuka och krispiga konsistenser<br data-start=\"269\" data-end=\"272\" \/>- En rik smak f\u00f6r alla smaker<br data-start=\"302\" data-end=\"305\" \/>- Idealisk f\u00f6r representation, g\u00e5vor och evenemang<\/p>\n<p data-start=\"345\" data-end=\"362\"><strong data-start=\"345\" data-end=\"362\">Produktinformation<\/strong><\/p>\n<p data-start=\"364\" data-end=\"465\">- Typ: Choklad med gr\u00e4dde och n\u00f6tfyllning<br data-start=\"403\" data-end=\"406\" \/>- Nettovikt: 500g<br data-start=\"430\" data-end=\"433\" \/>- F\u00f6rpackning: F\u00f6rpackade delar i en l\u00e5da<\/p>\n<p data-start=\"467\" data-end=\"482\"><strong data-start=\"467\" data-end=\"482\">Hur du sparar<\/strong><\/p>\n<p data-start=\"484\" data-end=\"613\" data-is-last-node=\"\" data-is-only-node=\"\">- F\u00f6rvaras p\u00e5 en sval och torr plats<br data-start=\"509\" data-end=\"512\" \/>- F\u00f6rvaras skyddat fr\u00e5n v\u00e4rme och solljus<br data-start=\"542\" data-end=\"545\" \/>- F\u00f6rvara vid m\u00e5ttlig temperatur f\u00f6r att bevara chokladens kvalitet och konsistens<\/p>","protected":false},"excerpt":{"rendered":"<p>En lyxig chokladkaka med en rik, kr\u00e4mig fyllning och utvalda n\u00f6tter, som ger den perfekta balansen mellan kr\u00e4mens lenhet och n\u00f6tternas krispiga konsistens i ett mjukt chokladskal med en balanserad smak.<\/p>","protected":false},"featured_media":60794,"template":"","meta":[],"product_brand":[],"product_cat":[297],"product_tag":[],"class_list":{"0":"post-60793","1":"product","2":"type-product","3":"status-publish","4":"has-post-thumbnail","6":"product_cat-297","8":"first","9":"outofstock","10":"taxable","11":"shipping-taxable","12":"purchasable","13":"product-type-simple"},"_links":{"self":[{"href":"https:\/\/senabel.com\/sv\/wp-json\/wp\/v2\/product\/60793","targetHints":{"allow":["GET"]}}],"collection":[{"href":"https:\/\/senabel.com\/sv\/wp-json\/wp\/v2\/product"}],"about":[{"href":"https:\/\/senabel.com\/sv\/wp-json\/wp\/v2\/types\/product"}],"version-history":[{"count":2,"href":"https:\/\/senabel.com\/sv\/wp-json\/wp\/v2\/product\/60793\/revisions"}],"predecessor-version":[{"id":60796,"href":"https:\/\/senabel.com\/sv\/wp-json\/wp\/v2\/product\/60793\/revisions\/60796"}],"wp:featuredmedia":[{"embeddable":true,"href":"https:\/\/senabel.com\/sv\/wp-json\/wp\/v2\/media\/60794"}],"wp:attachment":[{"href":"https:\/\/senabel.com\/sv\/wp-json\/wp\/v2\/media?parent=60793"}],"wp:term":[{"taxonomy":"product_brand","embeddable":true,"href":"https:\/\/senabel.com\/sv\/wp-json\/wp\/v2\/product_brand?post=60793"},{"taxonomy":"product_cat","embeddable":true,"href":"https:\/\/senabel.com\/sv\/wp-json\/wp\/v2\/product_cat?post=60793"},{"taxonomy":"product_tag","embeddable":true,"href":"https:\/\/senabel.com\/sv\/wp-json\/wp\/v2\/product_tag?post=60793"}],"curies":[{"name":"wp","href":"https:\/\/api.w.org\/{rel}","templated":true}]}}