{"id":60783,"date":"2026-02-08T10:12:49","date_gmt":"2026-02-08T10:12:49","guid":{"rendered":"https:\/\/senabel.com\/?post_type=product&#038;p=60783"},"modified":"2026-03-27T21:50:43","modified_gmt":"2026-03-27T21:50:43","slug":"elegant-choklad-3","status":"publish","type":"product","link":"https:\/\/senabel.com\/sv\/product\/elegant-chocolate-3\/","title":{"rendered":"Elegant choklad med mangokr\u00e4mfyllning - 500g"},"content":{"rendered":"<p data-start=\"47\" data-end=\"199\">En lyxig chokladkaka med en kr\u00e4mig fyllning med mangosmak som kombinerar chokladens rikedom med en antydan till tropisk mango f\u00f6r en uppfriskande s\u00f6t upplevelse med en len konsistens som sm\u00e4lter i munnen.<\/p>\n<p data-start=\"201\" data-end=\"353\">- Choklad med fyllning av mangogr\u00e4dde<br data-start=\"229\" data-end=\"232\" \/>- Balanserad choklad- och fruktsmak<br data-start=\"271\" data-end=\"274\" \/>- Len kr\u00e4mig konsistens i ett rikt chokladskal<br data-start=\"312\" data-end=\"315\" \/>- L\u00e4mplig f\u00f6r representation, g\u00e5vor och evenemang<\/p>\n<p data-start=\"355\" data-end=\"372\"><strong data-start=\"355\" data-end=\"372\">Produktinformation<\/strong><\/p>\n<p data-start=\"374\" data-end=\"471\">- Typ: Choklad med fyllning av mangogr\u00e4dde<br data-start=\"409\" data-end=\"412\" \/>- Nettovikt: 500g<br data-start=\"436\" data-end=\"439\" \/>- F\u00f6rpackning: F\u00f6rpackade delar i en l\u00e5da<\/p>\n<p data-start=\"473\" data-end=\"488\"><strong data-start=\"473\" data-end=\"488\">Hur du sparar<\/strong><\/p>\n<p data-start=\"490\" data-end=\"619\" data-is-last-node=\"\" data-is-only-node=\"\">- F\u00f6rvaras p\u00e5 en sval och torr plats<br data-start=\"515\" data-end=\"518\" \/>- F\u00f6rvaras skyddat fr\u00e5n v\u00e4rme och solljus<br data-start=\"548\" data-end=\"551\" \/>- F\u00f6rvara vid m\u00e5ttlig temperatur f\u00f6r att bevara chokladens kvalitet och konsistens<\/p>","protected":false},"excerpt":{"rendered":"<p>En lyxig chokladkaka med en kr\u00e4mig fyllning med mangosmak som kombinerar chokladens rikedom med en antydan till tropisk mango f\u00f6r en uppfriskande s\u00f6t upplevelse med en len konsistens som sm\u00e4lter i munnen.<\/p>","protected":false},"featured_media":60784,"template":"","meta":[],"product_brand":[],"product_cat":[297],"product_tag":[],"class_list":{"0":"post-60783","1":"product","2":"type-product","3":"status-publish","4":"has-post-thumbnail","6":"product_cat-297","8":"first","9":"instock","10":"taxable","11":"shipping-taxable","12":"purchasable","13":"product-type-simple"},"_links":{"self":[{"href":"https:\/\/senabel.com\/sv\/wp-json\/wp\/v2\/product\/60783","targetHints":{"allow":["GET"]}}],"collection":[{"href":"https:\/\/senabel.com\/sv\/wp-json\/wp\/v2\/product"}],"about":[{"href":"https:\/\/senabel.com\/sv\/wp-json\/wp\/v2\/types\/product"}],"version-history":[{"count":1,"href":"https:\/\/senabel.com\/sv\/wp-json\/wp\/v2\/product\/60783\/revisions"}],"predecessor-version":[{"id":60786,"href":"https:\/\/senabel.com\/sv\/wp-json\/wp\/v2\/product\/60783\/revisions\/60786"}],"wp:featuredmedia":[{"embeddable":true,"href":"https:\/\/senabel.com\/sv\/wp-json\/wp\/v2\/media\/60784"}],"wp:attachment":[{"href":"https:\/\/senabel.com\/sv\/wp-json\/wp\/v2\/media?parent=60783"}],"wp:term":[{"taxonomy":"product_brand","embeddable":true,"href":"https:\/\/senabel.com\/sv\/wp-json\/wp\/v2\/product_brand?post=60783"},{"taxonomy":"product_cat","embeddable":true,"href":"https:\/\/senabel.com\/sv\/wp-json\/wp\/v2\/product_cat?post=60783"},{"taxonomy":"product_tag","embeddable":true,"href":"https:\/\/senabel.com\/sv\/wp-json\/wp\/v2\/product_tag?post=60783"}],"curies":[{"name":"wp","href":"https:\/\/api.w.org\/{rel}","templated":true}]}}