{"id":60761,"date":"2026-02-07T17:18:16","date_gmt":"2026-02-07T17:18:16","guid":{"rendered":"https:\/\/senabel.com\/?post_type=product&#038;p=60761"},"modified":"2026-02-26T12:29:30","modified_gmt":"2026-02-26T12:29:30","slug":"choklad-lee-mix","status":"publish","type":"product","link":"https:\/\/senabel.com\/sv\/product\/chocolate-lee-mix\/","title":{"rendered":"Lee's blandad choklad - 500 g"},"content":{"rendered":"<p data-start=\"28\" data-end=\"179\">Ett lyxigt sortiment av chokladkakor med olika smaker och texturer, som kombinerar kr\u00e4miga fyllningar, karamell och n\u00f6tter i en elegant bukett som passar alla smaker.<\/p>\n<p data-start=\"181\" data-end=\"358\">- En m\u00e4ngd olika smaker av Lee's choklad<br data-start=\"223\" data-end=\"226\" \/>- Olika fyllningar som gr\u00e4dde, n\u00f6tter och kola<br data-start=\"272\" data-end=\"275\" \/>- Individuellt f\u00f6rpackade bitar f\u00f6r att bibeh\u00e5lla f\u00e4rskheten<br data-start=\"315\" data-end=\"318\" \/>- L\u00e4mplig f\u00f6r g\u00e4stfrihet och servering vid evenemang<\/p>\n<p data-start=\"360\" data-end=\"377\"><strong data-start=\"360\" data-end=\"377\">Produktinformation<\/strong><\/p>\n<p data-start=\"379\" data-end=\"468\">- Typ: Blandad choklad<br data-start=\"400\" data-end=\"403\" \/>- Nettovikt: 500g<br data-start=\"427\" data-end=\"430\" \/>- F\u00f6rpackning: Stycken f\u00f6rpackade i en enda f\u00f6rpackning<\/p>\n<p data-start=\"470\" data-end=\"485\"><strong data-start=\"470\" data-end=\"485\">Hur du sparar<\/strong><\/p>\n<p data-start=\"487\" data-end=\"614\" data-is-last-node=\"\" data-is-only-node=\"\">- F\u00f6rvaras p\u00e5 en sval och torr plats<br data-start=\"512\" data-end=\"515\" \/>- F\u00f6rvaras skyddat fr\u00e5n v\u00e4rme och solljus<br data-start=\"545\" data-end=\"548\" \/>- F\u00f6rvara vid en svalare temperatur f\u00f6r att bevara chokladens konsistens och kvalitet<\/p>","protected":false},"excerpt":{"rendered":"<p>Ett lyxigt sortiment av chokladkakor med olika smaker och texturer, som kombinerar kr\u00e4miga fyllningar, karamell och n\u00f6tter i en elegant bukett som passar alla smaker.<\/p>","protected":false},"featured_media":60762,"template":"","meta":[],"product_brand":[],"product_cat":[297],"product_tag":[],"class_list":{"0":"post-60761","1":"product","2":"type-product","3":"status-publish","4":"has-post-thumbnail","6":"product_cat-297","8":"first","9":"instock","10":"taxable","11":"shipping-taxable","12":"purchasable","13":"product-type-simple"},"_links":{"self":[{"href":"https:\/\/senabel.com\/sv\/wp-json\/wp\/v2\/product\/60761","targetHints":{"allow":["GET"]}}],"collection":[{"href":"https:\/\/senabel.com\/sv\/wp-json\/wp\/v2\/product"}],"about":[{"href":"https:\/\/senabel.com\/sv\/wp-json\/wp\/v2\/types\/product"}],"version-history":[{"count":1,"href":"https:\/\/senabel.com\/sv\/wp-json\/wp\/v2\/product\/60761\/revisions"}],"predecessor-version":[{"id":60763,"href":"https:\/\/senabel.com\/sv\/wp-json\/wp\/v2\/product\/60761\/revisions\/60763"}],"wp:featuredmedia":[{"embeddable":true,"href":"https:\/\/senabel.com\/sv\/wp-json\/wp\/v2\/media\/60762"}],"wp:attachment":[{"href":"https:\/\/senabel.com\/sv\/wp-json\/wp\/v2\/media?parent=60761"}],"wp:term":[{"taxonomy":"product_brand","embeddable":true,"href":"https:\/\/senabel.com\/sv\/wp-json\/wp\/v2\/product_brand?post=60761"},{"taxonomy":"product_cat","embeddable":true,"href":"https:\/\/senabel.com\/sv\/wp-json\/wp\/v2\/product_cat?post=60761"},{"taxonomy":"product_tag","embeddable":true,"href":"https:\/\/senabel.com\/sv\/wp-json\/wp\/v2\/product_tag?post=60761"}],"curies":[{"name":"wp","href":"https:\/\/api.w.org\/{rel}","templated":true}]}}