{"id":60756,"date":"2026-02-07T17:15:36","date_gmt":"2026-02-07T17:15:36","guid":{"rendered":"https:\/\/senabel.com\/?post_type=product&#038;p=60756"},"modified":"2026-03-17T14:44:34","modified_gmt":"2026-03-17T14:44:34","slug":"choklad-med-gradde","status":"publish","type":"product","link":"https:\/\/senabel.com\/sv\/product\/chocolate-with-cream\/","title":{"rendered":"\u0634\u0648\u0643\u0648\u0644\u0627 \u0627\u0644\u064a\u063a\u0627\u0646\u062a \u0628\u0627\u0644\u0643\u0631\u064a\u0645\u0629 \u2013 500\u063a"},"content":{"rendered":"<p data-start=\"31\" data-end=\"172\">Lyxiga chokladbitar fyllda med len gr\u00e4dde, som kombinerar ett rikt chokladskal med en l\u00e4tt, kr\u00e4mig fyllning som sm\u00e4lter i munnen och ger dig en balanserad och njutbar smak i varje tugga.<\/p>\n<p data-start=\"174\" data-end=\"317\">- Chokladfylld med len gr\u00e4dde<br data-start=\"201\" data-end=\"204\" \/>- En balanserad smak av choklad och kr\u00e4mig fyllning<br data-start=\"246\" data-end=\"249\" \/>- Textur som sm\u00e4lter i munnen<br data-start=\"268\" data-end=\"271\" \/>- L\u00e4mplig f\u00f6r representation och servering med kaffe eller te<\/p>\n<p data-start=\"319\" data-end=\"336\"><strong data-start=\"319\" data-end=\"336\">Produktinformation<\/strong><\/p>\n<p data-start=\"338\" data-end=\"439\">- Typ: Kr\u00e4mfylld choklad<br data-start=\"368\" data-end=\"371\" \/>- Nettovikt: 500g<br data-start=\"395\" data-end=\"398\" \/>- F\u00f6rpackning: Inslagna bitar f\u00f6r att bevara f\u00e4rskheten<\/p>\n<p data-start=\"441\" data-end=\"456\"><strong data-start=\"441\" data-end=\"456\">Hur du sparar<\/strong><\/p>\n<p data-start=\"458\" data-end=\"584\" data-is-last-node=\"\" data-is-only-node=\"\">- F\u00f6rvaras p\u00e5 en sval och torr plats<br data-start=\"483\" data-end=\"486\" \/>- F\u00f6rvaras skyddat fr\u00e5n v\u00e4rme och solljus<br data-start=\"516\" data-end=\"519\" \/>- F\u00f6rvara vid m\u00e5ttlig temperatur f\u00f6r att bevara chokladens kvalitet och smak<\/p>","protected":false},"excerpt":{"rendered":"<p>Lyxiga chokladbitar fyllda med len gr\u00e4dde, som kombinerar ett rikt chokladskal med en l\u00e4tt, kr\u00e4mig fyllning som sm\u00e4lter i munnen och ger dig en balanserad och njutbar smak i varje tugga.<\/p>","protected":false},"featured_media":60757,"template":"","meta":[],"product_brand":[],"product_cat":[297],"product_tag":[],"class_list":{"0":"post-60756","1":"product","2":"type-product","3":"status-publish","4":"has-post-thumbnail","6":"product_cat-297","8":"first","9":"instock","10":"taxable","11":"shipping-taxable","12":"purchasable","13":"product-type-simple"},"_links":{"self":[{"href":"https:\/\/senabel.com\/sv\/wp-json\/wp\/v2\/product\/60756","targetHints":{"allow":["GET"]}}],"collection":[{"href":"https:\/\/senabel.com\/sv\/wp-json\/wp\/v2\/product"}],"about":[{"href":"https:\/\/senabel.com\/sv\/wp-json\/wp\/v2\/types\/product"}],"version-history":[{"count":4,"href":"https:\/\/senabel.com\/sv\/wp-json\/wp\/v2\/product\/60756\/revisions"}],"predecessor-version":[{"id":63016,"href":"https:\/\/senabel.com\/sv\/wp-json\/wp\/v2\/product\/60756\/revisions\/63016"}],"wp:featuredmedia":[{"embeddable":true,"href":"https:\/\/senabel.com\/sv\/wp-json\/wp\/v2\/media\/60757"}],"wp:attachment":[{"href":"https:\/\/senabel.com\/sv\/wp-json\/wp\/v2\/media?parent=60756"}],"wp:term":[{"taxonomy":"product_brand","embeddable":true,"href":"https:\/\/senabel.com\/sv\/wp-json\/wp\/v2\/product_brand?post=60756"},{"taxonomy":"product_cat","embeddable":true,"href":"https:\/\/senabel.com\/sv\/wp-json\/wp\/v2\/product_cat?post=60756"},{"taxonomy":"product_tag","embeddable":true,"href":"https:\/\/senabel.com\/sv\/wp-json\/wp\/v2\/product_tag?post=60756"}],"curies":[{"name":"wp","href":"https:\/\/api.w.org\/{rel}","templated":true}]}}