{"id":60725,"date":"2026-02-07T16:49:57","date_gmt":"2026-02-07T16:49:57","guid":{"rendered":"https:\/\/senabel.com\/?post_type=product&#038;p=60725"},"modified":"2026-04-05T10:22:18","modified_gmt":"2026-04-05T10:22:18","slug":"lyxiga-gyllene-mandlar-med-overdrag","status":"publish","type":"product","link":"https:\/\/senabel.com\/sv\/product\/luxurious-golden-coated-almonds\/","title":{"rendered":"Lyxiga gyllene kanderade mandlar - 500g"},"content":{"rendered":"<p data-start=\"25\" data-end=\"189\">Rostade mandlar t\u00e4ckta av ett mjukt gyllene kanderat \u00f6verdrag, som kombinerar en smakrik krispighet med en balanserad s\u00f6t smak, perfekt att servera i representation eller att njuta av till kaffe och te.<\/p>\n<p data-start=\"191\" data-end=\"208\"><strong data-start=\"191\" data-end=\"208\">Produktfunktioner<\/strong><\/p>\n<ul data-start=\"210\" data-end=\"393\">\n<li data-start=\"210\" data-end=\"234\">\n<p data-start=\"212\" data-end=\"234\">Hela mandlar av h\u00f6g kvalitet<\/p>\n<\/li>\n<li data-start=\"235\" data-end=\"271\">\n<p data-start=\"237\" data-end=\"271\">Ett gyllene melasslager med en balanserad s\u00f6t smak<\/p>\n<\/li>\n<li data-start=\"272\" data-end=\"313\">\n<p data-start=\"274\" data-end=\"313\">Krispig konsistens och smak f\u00f6r b\u00e5de vuxna och barn<\/p>\n<\/li>\n<li data-start=\"314\" data-end=\"361\">\n<p data-start=\"316\" data-end=\"361\">L\u00e4mplig f\u00f6r servering vid evenemang och vardaglig g\u00e4stfrihet<\/p>\n<\/li>\n<li data-start=\"362\" data-end=\"393\">\n<p data-start=\"364\" data-end=\"393\">Praktisk f\u00f6rpackning som bevarar smak och kvalitet<\/p>\n<\/li>\n<\/ul>\n<p data-start=\"395\" data-end=\"412\"><strong data-start=\"395\" data-end=\"412\">Produktinformation<\/strong><\/p>\n<ul data-start=\"414\" data-end=\"496\">\n<li data-start=\"414\" data-end=\"433\">\n<p data-start=\"416\" data-end=\"433\">Vikt: 500 gram<\/p>\n<\/li>\n<li data-start=\"434\" data-end=\"454\">\n<p data-start=\"436\" data-end=\"454\">Typ: Kanderade mandlar<\/p>\n<\/li>\n<li data-start=\"455\" data-end=\"496\">\n<p data-start=\"457\" data-end=\"496\">Formen: Mandelk\u00e4rnor t\u00e4ckta av en gyllene glasyr.<\/p>\n<\/li>\n<\/ul>\n<p data-start=\"498\" data-end=\"513\"><strong data-start=\"498\" data-end=\"513\">Hur du sparar<\/strong><\/p>\n<ul data-start=\"515\" data-end=\"635\" data-is-last-node=\"\" data-is-only-node=\"\">\n<li data-start=\"515\" data-end=\"563\">\n<p data-start=\"517\" data-end=\"563\">F\u00f6rvaras svalt, torrt och skyddat fr\u00e5n solljus<\/p>\n<\/li>\n<li data-start=\"564\" data-end=\"635\" data-is-last-node=\"\">\n<p data-start=\"566\" data-end=\"635\" data-is-last-node=\"\">F\u00f6rslut f\u00f6rpackningen v\u00e4l efter \u00f6ppnandet f\u00f6r att bevara krispighet och f\u00e4rskhet<\/p>\n<\/li>\n<\/ul>","protected":false},"excerpt":{"rendered":"<p>Rostade mandlar t\u00e4ckta av ett mjukt gyllene kanderat \u00f6verdrag, som kombinerar en smakrik krispighet med en balanserad s\u00f6t smak, perfekt att servera i representation eller att njuta av till kaffe och te.<\/p>","protected":false},"featured_media":60726,"template":"","meta":[],"product_brand":[],"product_cat":[297],"product_tag":[],"class_list":{"0":"post-60725","1":"product","2":"type-product","3":"status-publish","4":"has-post-thumbnail","6":"product_cat-297","8":"first","9":"instock","10":"taxable","11":"shipping-taxable","12":"purchasable","13":"product-type-simple"},"_links":{"self":[{"href":"https:\/\/senabel.com\/sv\/wp-json\/wp\/v2\/product\/60725","targetHints":{"allow":["GET"]}}],"collection":[{"href":"https:\/\/senabel.com\/sv\/wp-json\/wp\/v2\/product"}],"about":[{"href":"https:\/\/senabel.com\/sv\/wp-json\/wp\/v2\/types\/product"}],"version-history":[{"count":2,"href":"https:\/\/senabel.com\/sv\/wp-json\/wp\/v2\/product\/60725\/revisions"}],"predecessor-version":[{"id":60728,"href":"https:\/\/senabel.com\/sv\/wp-json\/wp\/v2\/product\/60725\/revisions\/60728"}],"wp:featuredmedia":[{"embeddable":true,"href":"https:\/\/senabel.com\/sv\/wp-json\/wp\/v2\/media\/60726"}],"wp:attachment":[{"href":"https:\/\/senabel.com\/sv\/wp-json\/wp\/v2\/media?parent=60725"}],"wp:term":[{"taxonomy":"product_brand","embeddable":true,"href":"https:\/\/senabel.com\/sv\/wp-json\/wp\/v2\/product_brand?post=60725"},{"taxonomy":"product_cat","embeddable":true,"href":"https:\/\/senabel.com\/sv\/wp-json\/wp\/v2\/product_cat?post=60725"},{"taxonomy":"product_tag","embeddable":true,"href":"https:\/\/senabel.com\/sv\/wp-json\/wp\/v2\/product_tag?post=60725"}],"curies":[{"name":"wp","href":"https:\/\/api.w.org\/{rel}","templated":true}]}}