{"id":60672,"date":"2026-02-05T14:23:06","date_gmt":"2026-02-05T14:23:06","guid":{"rendered":"https:\/\/senabel.com\/?post_type=product&#038;p=60672"},"modified":"2026-03-25T14:39:43","modified_gmt":"2026-03-25T14:39:43","slug":"basmatiris","status":"publish","type":"product","link":"https:\/\/senabel.com\/sv\/product\/basmati-rice\/","title":{"rendered":"Shepherds basmatiris - 900 g"},"content":{"rendered":"<p data-start=\"38\" data-end=\"248\">Lyxigt indiskt basmatiris med l\u00e5nga, aromatiska korn, dess h\u00f6ga kvalitet och balanserade smak g\u00f6r det till ett perfekt val f\u00f6r vardagsr\u00e4tter och orientaliska och gulfiska recept. Det kokas med separata korn och en l\u00e4tt konsistens f\u00f6r att ge dig ett smakrikt resultat varje g\u00e5ng.<\/p>\n<p data-start=\"250\" data-end=\"418\">- L\u00e5nga, aromatiska korn av indiskt basmatiris<br data-start=\"289\" data-end=\"292\" \/>- L\u00e4tt konsistens och separata k\u00e4rnor efter tillagning<br data-start=\"326\" data-end=\"329\" \/>- L\u00e4mplig f\u00f6r Mandi, Kabsa, Biryani och vardagsr\u00e4tter<br data-start=\"378\" data-end=\"381\" \/>- Noggrant utvald kvalitet f\u00f6r att s\u00e4kerst\u00e4lla en j\u00e4mn smak<\/p>\n<p data-start=\"420\" data-end=\"437\"><strong data-start=\"420\" data-end=\"437\">Produktinformation<\/strong><\/p>\n<p data-start=\"439\" data-end=\"534\">- Typ av ris: Indiskt basmatiris<br data-start=\"462\" data-end=\"465\" \/>- Kvalitet: 1121 Scylla<br data-start=\"484\" data-end=\"487\" \/>- Ursprung: Indien Indien<br data-start=\"502\" data-end=\"505\" \/>- F\u00f6rpackning: F\u00f6rseglad p\u00e5se<\/p>\n<p data-start=\"536\" data-end=\"553\"><strong data-start=\"536\" data-end=\"553\">Tillg\u00e4nglig vikt<\/strong><\/p>\n<p data-start=\"555\" data-end=\"567\">- 900 gram<\/p>\n<p data-start=\"569\" data-end=\"584\"><strong data-start=\"569\" data-end=\"584\">Hur du sparar<\/strong><\/p>\n<p data-start=\"586\" data-end=\"676\" data-is-last-node=\"\" data-is-only-node=\"\">- F\u00f6rvaras p\u00e5 en sval och torr plats<br data-start=\"611\" data-end=\"614\" \/>- St\u00e4nger v\u00e4l efter \u00f6ppning<br data-start=\"637\" data-end=\"640\" \/>- F\u00f6rvaras \u00e5tskilt fr\u00e5n fukt och direkt v\u00e4rme<\/p>","protected":false},"excerpt":{"rendered":"<p>Lyxigt indiskt basmatiris med l\u00e5nga, aromatiska korn, dess h\u00f6ga kvalitet och balanserade smak g\u00f6r det till ett perfekt val f\u00f6r vardagsr\u00e4tter och orientaliska och gulfiska recept. Det kokas med separata korn och en l\u00e4tt konsistens f\u00f6r att ge dig ett smakrikt resultat varje g\u00e5ng.<\/p>","protected":false},"featured_media":60673,"template":"","meta":[],"product_brand":[],"product_cat":[349,496,227],"product_tag":[],"class_list":{"0":"post-60672","1":"product","2":"type-product","3":"status-publish","4":"has-post-thumbnail","6":"product_cat-349","7":"product_cat-496","8":"product_cat-227","10":"first","11":"outofstock","12":"sale","13":"taxable","14":"shipping-taxable","15":"purchasable","16":"product-type-simple"},"_links":{"self":[{"href":"https:\/\/senabel.com\/sv\/wp-json\/wp\/v2\/product\/60672","targetHints":{"allow":["GET"]}}],"collection":[{"href":"https:\/\/senabel.com\/sv\/wp-json\/wp\/v2\/product"}],"about":[{"href":"https:\/\/senabel.com\/sv\/wp-json\/wp\/v2\/types\/product"}],"version-history":[{"count":2,"href":"https:\/\/senabel.com\/sv\/wp-json\/wp\/v2\/product\/60672\/revisions"}],"predecessor-version":[{"id":60675,"href":"https:\/\/senabel.com\/sv\/wp-json\/wp\/v2\/product\/60672\/revisions\/60675"}],"wp:featuredmedia":[{"embeddable":true,"href":"https:\/\/senabel.com\/sv\/wp-json\/wp\/v2\/media\/60673"}],"wp:attachment":[{"href":"https:\/\/senabel.com\/sv\/wp-json\/wp\/v2\/media?parent=60672"}],"wp:term":[{"taxonomy":"product_brand","embeddable":true,"href":"https:\/\/senabel.com\/sv\/wp-json\/wp\/v2\/product_brand?post=60672"},{"taxonomy":"product_cat","embeddable":true,"href":"https:\/\/senabel.com\/sv\/wp-json\/wp\/v2\/product_cat?post=60672"},{"taxonomy":"product_tag","embeddable":true,"href":"https:\/\/senabel.com\/sv\/wp-json\/wp\/v2\/product_tag?post=60672"}],"curies":[{"name":"wp","href":"https:\/\/api.w.org\/{rel}","templated":true}]}}