{"id":60471,"date":"2026-01-30T14:13:15","date_gmt":"2026-01-30T14:13:15","guid":{"rendered":"https:\/\/senabel.com\/?post_type=product&#038;p=60471"},"modified":"2026-03-01T23:08:53","modified_gmt":"2026-03-01T23:08:53","slug":"blanda-kex","status":"publish","type":"product","link":"https:\/\/senabel.com\/sv\/product\/mix-biscuits\/","title":{"rendered":"Blandad Nawashif - 500g"},"content":{"rendered":"<p data-start=\"108\" data-end=\"279\">Ett lyxigt sortiment av omsorgsfullt framtagna smaker, med utvalda sorter med varierad textur och balanserade smaker, arrangerade i en elegant kartong, l\u00e4mplig f\u00f6r representation och servering vid evenemang och vardagliga sammankomster.<\/p>\n<p data-start=\"281\" data-end=\"403\">- Omsorgsfullt utvalda smakkombinationer<br data-start=\"308\" data-end=\"311\" \/>- Balanserade smaker och varierade texturer<br data-start=\"338\" data-end=\"341\" \/>- Snyggt arrangemang i en pappkartong<br data-start=\"371\" data-end=\"374\" \/>- L\u00e4mplig f\u00f6r hotell- och restaurangbranschen och evenemang<\/p>\n<p data-start=\"405\" data-end=\"422\"><strong data-start=\"405\" data-end=\"422\">Produktinformation<\/strong><\/p>\n<p data-start=\"424\" data-end=\"494\">- Typ av f\u00f6rem\u00e5l: Blandade antikviteter<br data-start=\"444\" data-end=\"447\" \/>- Texturer: Diverse<br data-start=\"462\" data-end=\"465\" \/>- F\u00f6rpackning: Snygg kartongl\u00e5da<\/p>\n<p data-start=\"496\" data-end=\"513\"><strong data-start=\"496\" data-end=\"513\">Tillg\u00e4nglig vikt<\/strong><\/p>\n<p data-start=\"515\" data-end=\"527\">- 500 gram<\/p>\n<p data-start=\"529\" data-end=\"544\"><strong data-start=\"529\" data-end=\"544\">Hur du sparar<\/strong><\/p>\n<p data-start=\"546\" data-end=\"632\">- F\u00f6rvaras p\u00e5 en sval och torr plats<br data-start=\"571\" data-end=\"574\" \/>- St\u00e4nger v\u00e4l efter \u00f6ppning<br data-start=\"597\" data-end=\"600\" \/>- F\u00f6rvaras skyddat fr\u00e5n v\u00e4rme och solljus<\/p>","protected":false},"excerpt":{"rendered":"<p>Ett lyxigt sortiment av omsorgsfullt framtagna smaker, med utvalda sorter med varierad textur och balanserade smaker, arrangerade i en elegant kartong, l\u00e4mplig f\u00f6r representation och servering vid evenemang och vardagliga sammankomster.<\/p>","protected":false},"featured_media":60473,"template":"","meta":[],"product_brand":[],"product_cat":[220,221],"product_tag":[],"class_list":{"0":"post-60471","1":"product","2":"type-product","3":"status-publish","4":"has-post-thumbnail","6":"product_cat-220","7":"product_cat-221","9":"first","10":"outofstock","11":"taxable","12":"shipping-taxable","13":"purchasable","14":"product-type-simple"},"_links":{"self":[{"href":"https:\/\/senabel.com\/sv\/wp-json\/wp\/v2\/product\/60471","targetHints":{"allow":["GET"]}}],"collection":[{"href":"https:\/\/senabel.com\/sv\/wp-json\/wp\/v2\/product"}],"about":[{"href":"https:\/\/senabel.com\/sv\/wp-json\/wp\/v2\/types\/product"}],"version-history":[{"count":2,"href":"https:\/\/senabel.com\/sv\/wp-json\/wp\/v2\/product\/60471\/revisions"}],"predecessor-version":[{"id":61459,"href":"https:\/\/senabel.com\/sv\/wp-json\/wp\/v2\/product\/60471\/revisions\/61459"}],"wp:featuredmedia":[{"embeddable":true,"href":"https:\/\/senabel.com\/sv\/wp-json\/wp\/v2\/media\/60473"}],"wp:attachment":[{"href":"https:\/\/senabel.com\/sv\/wp-json\/wp\/v2\/media?parent=60471"}],"wp:term":[{"taxonomy":"product_brand","embeddable":true,"href":"https:\/\/senabel.com\/sv\/wp-json\/wp\/v2\/product_brand?post=60471"},{"taxonomy":"product_cat","embeddable":true,"href":"https:\/\/senabel.com\/sv\/wp-json\/wp\/v2\/product_cat?post=60471"},{"taxonomy":"product_tag","embeddable":true,"href":"https:\/\/senabel.com\/sv\/wp-json\/wp\/v2\/product_tag?post=60471"}],"curies":[{"name":"wp","href":"https:\/\/api.w.org\/{rel}","templated":true}]}}