{"id":60406,"date":"2026-01-28T15:02:54","date_gmt":"2026-01-28T15:02:54","guid":{"rendered":"https:\/\/senabel.com\/?post_type=product&#038;p=60406"},"modified":"2026-04-25T17:48:01","modified_gmt":"2026-04-25T17:48:01","slug":"rokta-notter","status":"publish","type":"product","link":"https:\/\/senabel.com\/sv\/product\/smoked-nuts\/","title":{"rendered":"Al Fakher R\u00f6kta n\u00f6tter - 500g"},"content":{"rendered":"<p data-start=\"74\" data-end=\"252\">Dessa premiumn\u00f6tter \u00e4r omsorgsfullt rostade och kryddade med en rik, r\u00f6kig smak och erbjuder en djup och distinkt smak som kombinerar en stark krispighet med en l\u00e4tt r\u00f6kig arom som framh\u00e4ver den naturliga n\u00f6tsmaken p\u00e5 ett balanserat s\u00e4tt.<\/p>\n<p data-start=\"254\" data-end=\"379\">- Lyxigt sortiment av n\u00f6tter<br data-start=\"282\" data-end=\"285\" \/>- Rik och distinkt r\u00f6kig smak<br data-start=\"309\" data-end=\"312\" \/>- Djup smak med tydlig krispighet<br data-start=\"337\" data-end=\"340\" \/>- L\u00e4mplig f\u00f6r sjukhus och f\u00f6r dem som \u00e4lskar starka smaker<\/p>\n<p data-start=\"381\" data-end=\"398\"><strong data-start=\"381\" data-end=\"398\">Produktinformation<\/strong><\/p>\n<p data-start=\"400\" data-end=\"491\">- Typ av produkt: Blandade n\u00f6tter<br data-start=\"421\" data-end=\"424\" \/>- Smak: R\u00f6kig<br data-start=\"439\" data-end=\"442\" \/>- Textur: Krispig<br data-start=\"457\" data-end=\"460\" \/>- F\u00f6rpackning: F\u00f6rseglad l\u00e5da<\/p>\n<p data-start=\"493\" data-end=\"510\"><strong data-start=\"493\" data-end=\"510\">Tillg\u00e4nglig vikt<\/strong><\/p>\n<p data-start=\"512\" data-end=\"524\">- 500 gram<\/p>\n<p data-start=\"526\" data-end=\"541\"><strong data-start=\"526\" data-end=\"541\">Hur du sparar<\/strong><\/p>\n<p data-start=\"543\" data-end=\"630\">- F\u00f6rvaras p\u00e5 en sval och torr plats<br data-start=\"568\" data-end=\"571\" \/>- St\u00e4nger t\u00e4tt efter \u00f6ppning<br data-start=\"595\" data-end=\"598\" \/>- F\u00f6rvaras skyddat fr\u00e5n v\u00e4rme och solljus<\/p>","protected":false},"excerpt":{"rendered":"<p>Dessa premiumn\u00f6tter \u00e4r omsorgsfullt rostade och kryddade med en rik, r\u00f6kig smak och erbjuder en djup och distinkt smak som kombinerar en stark krispighet med en l\u00e4tt r\u00f6kig arom som framh\u00e4ver den naturliga n\u00f6tsmaken p\u00e5 ett balanserat s\u00e4tt.<\/p>","protected":false},"featured_media":60407,"template":"","meta":[],"product_brand":[],"product_cat":[347,308],"product_tag":[],"class_list":{"0":"post-60406","1":"product","2":"type-product","3":"status-publish","4":"has-post-thumbnail","6":"product_cat-347","7":"product_cat-308","9":"first","10":"instock","11":"taxable","12":"shipping-taxable","13":"purchasable","14":"product-type-simple"},"_links":{"self":[{"href":"https:\/\/senabel.com\/sv\/wp-json\/wp\/v2\/product\/60406","targetHints":{"allow":["GET"]}}],"collection":[{"href":"https:\/\/senabel.com\/sv\/wp-json\/wp\/v2\/product"}],"about":[{"href":"https:\/\/senabel.com\/sv\/wp-json\/wp\/v2\/types\/product"}],"version-history":[{"count":2,"href":"https:\/\/senabel.com\/sv\/wp-json\/wp\/v2\/product\/60406\/revisions"}],"predecessor-version":[{"id":60409,"href":"https:\/\/senabel.com\/sv\/wp-json\/wp\/v2\/product\/60406\/revisions\/60409"}],"wp:featuredmedia":[{"embeddable":true,"href":"https:\/\/senabel.com\/sv\/wp-json\/wp\/v2\/media\/60407"}],"wp:attachment":[{"href":"https:\/\/senabel.com\/sv\/wp-json\/wp\/v2\/media?parent=60406"}],"wp:term":[{"taxonomy":"product_brand","embeddable":true,"href":"https:\/\/senabel.com\/sv\/wp-json\/wp\/v2\/product_brand?post=60406"},{"taxonomy":"product_cat","embeddable":true,"href":"https:\/\/senabel.com\/sv\/wp-json\/wp\/v2\/product_cat?post=60406"},{"taxonomy":"product_tag","embeddable":true,"href":"https:\/\/senabel.com\/sv\/wp-json\/wp\/v2\/product_tag?post=60406"}],"curies":[{"name":"wp","href":"https:\/\/api.w.org\/{rel}","templated":true}]}}