{"id":60402,"date":"2026-01-28T14:59:58","date_gmt":"2026-01-28T14:59:58","guid":{"rendered":"https:\/\/senabel.com\/?post_type=product&#038;p=60402"},"modified":"2026-04-14T21:25:33","modified_gmt":"2026-04-14T21:25:33","slug":"syrliga-och-kryddiga-notter","status":"publish","type":"product","link":"https:\/\/senabel.com\/sv\/product\/sour-and-spicy-nuts\/","title":{"rendered":"Al Fakhar Sura och kryddiga n\u00f6tter - 500g"},"content":{"rendered":"<p data-start=\"78\" data-end=\"254\">Detta premiumsortiment av n\u00f6tter \u00e4r omsorgsfullt rostade och kryddade med en balanserad blandning av syrliga och kryddiga smaker och erbjuder en dj\u00e4rv och distinkt smakupplevelse som kombinerar friskhet och mild hetta med en tydlig krispighet i varje tugga.<\/p>\n<p data-start=\"256\" data-end=\"385\">- Lyxigt sortiment av n\u00f6tter<br data-start=\"284\" data-end=\"287\" \/>- Balanserad syrlig och kryddig smak<br data-start=\"313\" data-end=\"316\" \/>- Stark smak med perfekt krispighet<br data-start=\"341\" data-end=\"344\" \/>- F\u00f6r \u00e4lskare av dj\u00e4rva smaker och g\u00e4stfrihet<\/p>\n<p data-start=\"387\" data-end=\"404\"><strong data-start=\"387\" data-end=\"404\">Produktinformation<\/strong><\/p>\n<p data-start=\"406\" data-end=\"501\">- Typ av produkt: Blandade n\u00f6tter<br data-start=\"427\" data-end=\"430\" \/>- Smak: Syrlig och kryddig<br data-start=\"449\" data-end=\"452\" \/>- Textur: Krispig<br data-start=\"467\" data-end=\"470\" \/>- F\u00f6rpackning: F\u00f6rseglad l\u00e5da<\/p>\n<p data-start=\"503\" data-end=\"520\"><strong data-start=\"503\" data-end=\"520\">Tillg\u00e4nglig vikt<\/strong><\/p>\n<p data-start=\"522\" data-end=\"534\">- 500 gram<\/p>\n<p data-start=\"536\" data-end=\"551\"><strong data-start=\"536\" data-end=\"551\">Hur du sparar<\/strong><\/p>\n<p data-start=\"553\" data-end=\"640\">- F\u00f6rvaras p\u00e5 en sval och torr plats<br data-start=\"578\" data-end=\"581\" \/>- St\u00e4nger t\u00e4tt efter \u00f6ppning<br data-start=\"605\" data-end=\"608\" \/>- F\u00f6rvaras skyddat fr\u00e5n v\u00e4rme och solljus<\/p>","protected":false},"excerpt":{"rendered":"<p>Detta premiumsortiment av n\u00f6tter \u00e4r omsorgsfullt rostade och kryddade med en balanserad blandning av syrliga och kryddiga smaker och erbjuder en dj\u00e4rv och distinkt smakupplevelse som kombinerar friskhet och mild hetta med en tydlig krispighet i varje tugga.<\/p>","protected":false},"featured_media":60403,"template":"","meta":[],"product_brand":[],"product_cat":[347,308],"product_tag":[],"class_list":{"0":"post-60402","1":"product","2":"type-product","3":"status-publish","4":"has-post-thumbnail","6":"product_cat-347","7":"product_cat-308","9":"first","10":"instock","11":"taxable","12":"shipping-taxable","13":"purchasable","14":"product-type-simple"},"_links":{"self":[{"href":"https:\/\/senabel.com\/sv\/wp-json\/wp\/v2\/product\/60402","targetHints":{"allow":["GET"]}}],"collection":[{"href":"https:\/\/senabel.com\/sv\/wp-json\/wp\/v2\/product"}],"about":[{"href":"https:\/\/senabel.com\/sv\/wp-json\/wp\/v2\/types\/product"}],"version-history":[{"count":2,"href":"https:\/\/senabel.com\/sv\/wp-json\/wp\/v2\/product\/60402\/revisions"}],"predecessor-version":[{"id":60405,"href":"https:\/\/senabel.com\/sv\/wp-json\/wp\/v2\/product\/60402\/revisions\/60405"}],"wp:featuredmedia":[{"embeddable":true,"href":"https:\/\/senabel.com\/sv\/wp-json\/wp\/v2\/media\/60403"}],"wp:attachment":[{"href":"https:\/\/senabel.com\/sv\/wp-json\/wp\/v2\/media?parent=60402"}],"wp:term":[{"taxonomy":"product_brand","embeddable":true,"href":"https:\/\/senabel.com\/sv\/wp-json\/wp\/v2\/product_brand?post=60402"},{"taxonomy":"product_cat","embeddable":true,"href":"https:\/\/senabel.com\/sv\/wp-json\/wp\/v2\/product_cat?post=60402"},{"taxonomy":"product_tag","embeddable":true,"href":"https:\/\/senabel.com\/sv\/wp-json\/wp\/v2\/product_tag?post=60402"}],"curies":[{"name":"wp","href":"https:\/\/api.w.org\/{rel}","templated":true}]}}