{"id":60392,"date":"2026-01-28T14:52:56","date_gmt":"2026-01-28T14:52:56","guid":{"rendered":"https:\/\/senabel.com\/?post_type=product&#038;p=60392"},"modified":"2026-04-23T15:01:19","modified_gmt":"2026-04-23T15:01:19","slug":"notter-sura","status":"publish","type":"product","link":"https:\/\/senabel.com\/sv\/product\/nuts-sour\/","title":{"rendered":"Al Fakhar sura n\u00f6tter - 500 g"},"content":{"rendered":"<p data-start=\"120\" data-end=\"312\">En lyxig n\u00f6t med en uppfriskande syrlig smak, som kombinerar ett urval av noggrant rostade n\u00f6tter med en l\u00e4tt och balanserad citronsmak f\u00f6r en rik, krispig och uppfriskande smak, l\u00e4mplig f\u00f6r daglig servering och g\u00e4stfrihet.<\/p>\n<p data-start=\"314\" data-end=\"432\">- Lyxigt sortiment av n\u00f6tter<br data-start=\"342\" data-end=\"345\" \/>- Uppfriskande och balanserad syrlig smak<br data-start=\"371\" data-end=\"374\" \/>- Krispig konsistens och fyllig smak<br data-start=\"395\" data-end=\"398\" \/>- L\u00e4mplig f\u00f6r vardaglig servering och g\u00e4stfrihet<\/p>\n<p data-start=\"434\" data-end=\"451\"><strong data-start=\"434\" data-end=\"451\">Produktinformation<\/strong><\/p>\n<p data-start=\"453\" data-end=\"543\">- Typ av produkt: Blandade n\u00f6tter<br data-start=\"474\" data-end=\"477\" \/>- Smak: Sur<br data-start=\"491\" data-end=\"494\" \/>- Textur: Krispig<br data-start=\"509\" data-end=\"512\" \/>- F\u00f6rpackning: F\u00f6rseglad l\u00e5da<\/p>\n<p data-start=\"545\" data-end=\"562\"><strong data-start=\"545\" data-end=\"562\">Tillg\u00e4nglig vikt<\/strong><\/p>\n<p data-start=\"564\" data-end=\"576\">- 500 gram<\/p>\n<p data-start=\"578\" data-end=\"593\"><strong data-start=\"578\" data-end=\"593\">Hur du sparar<\/strong><\/p>\n<p data-start=\"595\" data-end=\"682\">- F\u00f6rvaras p\u00e5 en sval och torr plats<br data-start=\"620\" data-end=\"623\" \/>- St\u00e4nger t\u00e4tt efter \u00f6ppning<br data-start=\"647\" data-end=\"650\" \/>- F\u00f6rvaras skyddat fr\u00e5n v\u00e4rme och solljus<\/p>","protected":false},"excerpt":{"rendered":"<p>En lyxig n\u00f6t med en uppfriskande syrlig smak, som kombinerar ett urval av noggrant rostade n\u00f6tter med en l\u00e4tt och balanserad citronsmak f\u00f6r en rik, krispig och uppfriskande smak, l\u00e4mplig f\u00f6r daglig servering och g\u00e4stfrihet.<\/p>","protected":false},"featured_media":60393,"template":"","meta":[],"product_brand":[],"product_cat":[347,308],"product_tag":[],"class_list":{"0":"post-60392","1":"product","2":"type-product","3":"status-publish","4":"has-post-thumbnail","6":"product_cat-347","7":"product_cat-308","9":"first","10":"instock","11":"taxable","12":"shipping-taxable","13":"purchasable","14":"product-type-simple"},"_links":{"self":[{"href":"https:\/\/senabel.com\/sv\/wp-json\/wp\/v2\/product\/60392","targetHints":{"allow":["GET"]}}],"collection":[{"href":"https:\/\/senabel.com\/sv\/wp-json\/wp\/v2\/product"}],"about":[{"href":"https:\/\/senabel.com\/sv\/wp-json\/wp\/v2\/types\/product"}],"version-history":[{"count":2,"href":"https:\/\/senabel.com\/sv\/wp-json\/wp\/v2\/product\/60392\/revisions"}],"predecessor-version":[{"id":60395,"href":"https:\/\/senabel.com\/sv\/wp-json\/wp\/v2\/product\/60392\/revisions\/60395"}],"wp:featuredmedia":[{"embeddable":true,"href":"https:\/\/senabel.com\/sv\/wp-json\/wp\/v2\/media\/60393"}],"wp:attachment":[{"href":"https:\/\/senabel.com\/sv\/wp-json\/wp\/v2\/media?parent=60392"}],"wp:term":[{"taxonomy":"product_brand","embeddable":true,"href":"https:\/\/senabel.com\/sv\/wp-json\/wp\/v2\/product_brand?post=60392"},{"taxonomy":"product_cat","embeddable":true,"href":"https:\/\/senabel.com\/sv\/wp-json\/wp\/v2\/product_cat?post=60392"},{"taxonomy":"product_tag","embeddable":true,"href":"https:\/\/senabel.com\/sv\/wp-json\/wp\/v2\/product_tag?post=60392"}],"curies":[{"name":"wp","href":"https:\/\/api.w.org\/{rel}","templated":true}]}}