{"id":60386,"date":"2026-01-28T14:50:12","date_gmt":"2026-01-28T14:50:12","guid":{"rendered":"https:\/\/senabel.com\/?post_type=product&#038;p=60386"},"modified":"2026-02-25T11:32:32","modified_gmt":"2026-02-25T11:32:32","slug":"presentforpackning-med-choklad","status":"publish","type":"product","link":"https:\/\/senabel.com\/sv\/product\/chocolate-gift-box\/","title":{"rendered":"Presentask med choklad - 16 bitar blandad"},"content":{"rendered":"<p data-start=\"117\" data-end=\"310\">En lyxig chokladask med 16 delar i eleganta former och smaker som kombinerar hj\u00e4rtan, rosor och konstn\u00e4rliga m\u00f6nster, med mjukt choklad\u00f6verdrag och f\u00e4rgglada accenter, perfekt f\u00f6r exklusiva g\u00e5vor och speciella tillf\u00e4llen.<\/p>\n<p data-start=\"312\" data-end=\"461\">- Lyxig choklad med hj\u00e4rtan och rosor<br data-start=\"344\" data-end=\"347\" \/>- En m\u00e4ngd olika smaker i en och samma l\u00e5da<br data-start=\"383\" data-end=\"386\" \/>- Ett snyggt format som separerar varje del p\u00e5 ett snyggt s\u00e4tt<br data-start=\"421\" data-end=\"424\" \/>- Perfekt som g\u00e5va vid speciella tillf\u00e4llen<\/p>\n<p data-start=\"463\" data-end=\"480\"><strong data-start=\"463\" data-end=\"480\">Produktinformation<\/strong><\/p>\n<p data-start=\"482\" data-end=\"611\">- Typ av choklad Fancy choklad<br data-start=\"503\" data-end=\"506\" \/>- Antal delar: 16 stycken<br data-start=\"526\" data-end=\"529\" \/>- Former: Hj\u00e4rtan, rosor och olika m\u00f6nster<br data-start=\"565\" data-end=\"568\" \/>- F\u00f6rpackning: Elegant presentf\u00f6rpackning med inv\u00e4ndiga avdelare<\/p>\n<p data-start=\"613\" data-end=\"628\"><strong data-start=\"613\" data-end=\"628\">Hur du sparar<\/strong><\/p>\n<p data-start=\"630\" data-end=\"690\">- F\u00f6rvaras p\u00e5 en sval och torr plats<br data-start=\"655\" data-end=\"658\" \/>- F\u00f6rvaras skyddat fr\u00e5n v\u00e4rme och solljus<\/p>","protected":false},"excerpt":{"rendered":"<p>En lyxig chokladask med 16 delar i eleganta former och smaker som kombinerar hj\u00e4rtan, rosor och konstn\u00e4rliga m\u00f6nster, med mjukt choklad\u00f6verdrag och f\u00e4rgglada accenter, perfekt f\u00f6r exklusiva g\u00e5vor och speciella tillf\u00e4llen.<\/p>","protected":false},"featured_media":60388,"template":"","meta":[],"product_brand":[],"product_cat":[347,297],"product_tag":[],"class_list":{"0":"post-60386","1":"product","2":"type-product","3":"status-publish","4":"has-post-thumbnail","6":"product_cat-347","7":"product_cat-297","9":"first","10":"outofstock","11":"taxable","12":"shipping-taxable","13":"purchasable","14":"product-type-simple"},"_links":{"self":[{"href":"https:\/\/senabel.com\/sv\/wp-json\/wp\/v2\/product\/60386","targetHints":{"allow":["GET"]}}],"collection":[{"href":"https:\/\/senabel.com\/sv\/wp-json\/wp\/v2\/product"}],"about":[{"href":"https:\/\/senabel.com\/sv\/wp-json\/wp\/v2\/types\/product"}],"version-history":[{"count":1,"href":"https:\/\/senabel.com\/sv\/wp-json\/wp\/v2\/product\/60386\/revisions"}],"predecessor-version":[{"id":60390,"href":"https:\/\/senabel.com\/sv\/wp-json\/wp\/v2\/product\/60386\/revisions\/60390"}],"wp:featuredmedia":[{"embeddable":true,"href":"https:\/\/senabel.com\/sv\/wp-json\/wp\/v2\/media\/60388"}],"wp:attachment":[{"href":"https:\/\/senabel.com\/sv\/wp-json\/wp\/v2\/media?parent=60386"}],"wp:term":[{"taxonomy":"product_brand","embeddable":true,"href":"https:\/\/senabel.com\/sv\/wp-json\/wp\/v2\/product_brand?post=60386"},{"taxonomy":"product_cat","embeddable":true,"href":"https:\/\/senabel.com\/sv\/wp-json\/wp\/v2\/product_cat?post=60386"},{"taxonomy":"product_tag","embeddable":true,"href":"https:\/\/senabel.com\/sv\/wp-json\/wp\/v2\/product_tag?post=60386"}],"curies":[{"name":"wp","href":"https:\/\/api.w.org\/{rel}","templated":true}]}}