{"id":60374,"date":"2026-01-28T14:33:56","date_gmt":"2026-01-28T14:33:56","guid":{"rendered":"https:\/\/senabel.com\/?post_type=product&#038;p=60374"},"modified":"2026-03-16T12:52:07","modified_gmt":"2026-03-16T12:52:07","slug":"olabi-cappuccino","status":"publish","type":"product","link":"https:\/\/senabel.com\/sv\/product\/olabi-cappuccino\/","title":{"rendered":"Olabi Cappuccino - Italiensk smak"},"content":{"rendered":"<p data-start=\"36\" data-end=\"203\">En snabb cappuccino med en rik italiensk smak, som kombinerar en len kaffesmak med ett balanserat kr\u00e4migt skum f\u00f6r en varm och len cappuccino, l\u00e4mplig f\u00f6r daglig njutning hemma eller p\u00e5 kontoret.<\/p>\n<p data-start=\"205\" data-end=\"325\">- Snabb cappuccino med italiensk smak<br data-start=\"232\" data-end=\"235\" \/>- Kr\u00e4mig konsistens med mjukt skum<br data-start=\"261\" data-end=\"264\" \/>- Balanserad smak och l\u00e4tt att dricka<br data-start=\"287\" data-end=\"290\" \/>- Snabb att tillaga och tidl\u00f6s<\/p>\n<p data-start=\"327\" data-end=\"344\"><strong data-start=\"327\" data-end=\"344\">Produktinformation<\/strong><\/p>\n<p data-start=\"346\" data-end=\"457\">- Typ: Instant Cappuccino<br data-start=\"368\" data-end=\"371\" \/>- Smak: Cappuccino<br data-start=\"389\" data-end=\"392\" \/>- Konsistens: Kr\u00e4mig med skum<br data-start=\"415\" data-end=\"418\" \/>- F\u00f6rpackning: Enskilda p\u00e5sar inuti en ytterp\u00e5se<\/p>\n<p data-start=\"459\" data-end=\"469\"><strong data-start=\"459\" data-end=\"469\">Kvantitet<\/strong><\/p>\n<p data-start=\"471\" data-end=\"504\">- 20 kuvert<br data-start=\"479\" data-end=\"482\" \/>- Kuvertets vikt: 25g<\/p>\n<p data-start=\"506\" data-end=\"521\"><strong data-start=\"506\" data-end=\"521\">Hur du sparar<\/strong><\/p>\n<p data-start=\"523\" data-end=\"581\" data-is-last-node=\"\" data-is-only-node=\"\">- F\u00f6rvaras p\u00e5 en sval och torr plats<br data-start=\"548\" data-end=\"551\" \/>- F\u00f6rvaras skyddat fr\u00e5n fukt och solljus<\/p>","protected":false},"excerpt":{"rendered":"<p>En snabb cappuccino med en rik italiensk smak, som kombinerar en len kaffesmak med ett balanserat kr\u00e4migt skum f\u00f6r en varm och len cappuccino, l\u00e4mplig f\u00f6r daglig njutning hemma eller p\u00e5 kontoret.<\/p>","protected":false},"featured_media":60375,"template":"","meta":[],"product_brand":[],"product_cat":[349,282],"product_tag":[],"class_list":{"0":"post-60374","1":"product","2":"type-product","3":"status-publish","4":"has-post-thumbnail","6":"product_cat-349","7":"product_cat-282","9":"first","10":"instock","11":"taxable","12":"shipping-taxable","13":"purchasable","14":"product-type-simple"},"_links":{"self":[{"href":"https:\/\/senabel.com\/sv\/wp-json\/wp\/v2\/product\/60374","targetHints":{"allow":["GET"]}}],"collection":[{"href":"https:\/\/senabel.com\/sv\/wp-json\/wp\/v2\/product"}],"about":[{"href":"https:\/\/senabel.com\/sv\/wp-json\/wp\/v2\/types\/product"}],"version-history":[{"count":1,"href":"https:\/\/senabel.com\/sv\/wp-json\/wp\/v2\/product\/60374\/revisions"}],"predecessor-version":[{"id":60376,"href":"https:\/\/senabel.com\/sv\/wp-json\/wp\/v2\/product\/60374\/revisions\/60376"}],"wp:featuredmedia":[{"embeddable":true,"href":"https:\/\/senabel.com\/sv\/wp-json\/wp\/v2\/media\/60375"}],"wp:attachment":[{"href":"https:\/\/senabel.com\/sv\/wp-json\/wp\/v2\/media?parent=60374"}],"wp:term":[{"taxonomy":"product_brand","embeddable":true,"href":"https:\/\/senabel.com\/sv\/wp-json\/wp\/v2\/product_brand?post=60374"},{"taxonomy":"product_cat","embeddable":true,"href":"https:\/\/senabel.com\/sv\/wp-json\/wp\/v2\/product_cat?post=60374"},{"taxonomy":"product_tag","embeddable":true,"href":"https:\/\/senabel.com\/sv\/wp-json\/wp\/v2\/product_tag?post=60374"}],"curies":[{"name":"wp","href":"https:\/\/api.w.org\/{rel}","templated":true}]}}