{"id":60370,"date":"2026-01-28T14:30:47","date_gmt":"2026-01-28T14:30:47","guid":{"rendered":"https:\/\/senabel.com\/?post_type=product&#038;p=60370"},"modified":"2026-03-30T12:18:06","modified_gmt":"2026-03-30T12:18:06","slug":"nescafe-al-alabi","status":"publish","type":"product","link":"https:\/\/senabel.com\/sv\/product\/nescafe-al-alabi\/","title":{"rendered":"Nescafe Alalabi 3-in-1 med presentmugg"},"content":{"rendered":"<p data-start=\"33\" data-end=\"234\">Ett 3-i-1 snabbkaffe som kombinerar kaffe, mj\u00f6lk och socker med en kr\u00e4mig konsistens och l\u00e4tt skum, vilket ger dig en balanserad och snabb kopp kaffe n\u00e4r som helst. Den levereras med en elegant presentmugg, l\u00e4mplig f\u00f6r daglig anv\u00e4ndning eller som ett praktiskt alternativ f\u00f6r kontoret och hotellbranschen.<\/p>\n<p data-start=\"236\" data-end=\"360\">- 3-i-1 snabbkaffe<br data-start=\"255\" data-end=\"258\" \/>- Balanserad smak med kr\u00e4mig konsistens och l\u00e4tt skum<br data-start=\"296\" data-end=\"299\" \/>- L\u00e4tt och snabb att tillaga<br data-start=\"320\" data-end=\"323\" \/>- Levereras med en presentp\u00e5se f\u00f6r daglig anv\u00e4ndning<\/p>\n<p data-start=\"362\" data-end=\"379\"><strong data-start=\"362\" data-end=\"379\">Produktinformation<\/strong><\/p>\n<p data-start=\"381\" data-end=\"502\">- Typ av produkt: Nescafe 3-i-1<br data-start=\"404\" data-end=\"407\" \/>- Konsistens: Kr\u00e4mig med skum<br data-start=\"430\" data-end=\"433\" \/>- Beredning: Tills\u00e4tt varmt vatten och r\u00f6r om<br data-start=\"469\" data-end=\"472\" \/>- F\u00f6rpackning: L\u00e5da med presentmugg<\/p>\n<p data-start=\"504\" data-end=\"514\"><strong data-start=\"504\" data-end=\"514\">Kvantitet<\/strong><\/p>\n<p data-start=\"516\" data-end=\"526\">- 48 kuvert<\/p>\n<p data-start=\"528\" data-end=\"543\"><strong data-start=\"528\" data-end=\"543\">Hur du sparar<\/strong><\/p>\n<p data-start=\"545\" data-end=\"603\" data-is-last-node=\"\" data-is-only-node=\"\">- F\u00f6rvaras p\u00e5 en sval och torr plats<br data-start=\"570\" data-end=\"573\" \/>- F\u00f6rvaras skyddat fr\u00e5n fukt och solljus<\/p>","protected":false},"excerpt":{"rendered":"<p>Ett 3-i-1 snabbkaffe som kombinerar kaffe, mj\u00f6lk och socker med en kr\u00e4mig konsistens och l\u00e4tt skum, vilket ger dig en balanserad och snabb kopp kaffe n\u00e4r som helst. Den levereras med en elegant presentmugg, l\u00e4mplig f\u00f6r daglig anv\u00e4ndning eller som ett praktiskt alternativ f\u00f6r kontoret och hotellbranschen.<\/p>","protected":false},"featured_media":60371,"template":"","meta":[],"product_brand":[],"product_cat":[349,282],"product_tag":[],"class_list":{"0":"post-60370","1":"product","2":"type-product","3":"status-publish","4":"has-post-thumbnail","6":"product_cat-349","7":"product_cat-282","9":"first","10":"outofstock","11":"taxable","12":"shipping-taxable","13":"purchasable","14":"product-type-simple"},"_links":{"self":[{"href":"https:\/\/senabel.com\/sv\/wp-json\/wp\/v2\/product\/60370","targetHints":{"allow":["GET"]}}],"collection":[{"href":"https:\/\/senabel.com\/sv\/wp-json\/wp\/v2\/product"}],"about":[{"href":"https:\/\/senabel.com\/sv\/wp-json\/wp\/v2\/types\/product"}],"version-history":[{"count":2,"href":"https:\/\/senabel.com\/sv\/wp-json\/wp\/v2\/product\/60370\/revisions"}],"predecessor-version":[{"id":60373,"href":"https:\/\/senabel.com\/sv\/wp-json\/wp\/v2\/product\/60370\/revisions\/60373"}],"wp:featuredmedia":[{"embeddable":true,"href":"https:\/\/senabel.com\/sv\/wp-json\/wp\/v2\/media\/60371"}],"wp:attachment":[{"href":"https:\/\/senabel.com\/sv\/wp-json\/wp\/v2\/media?parent=60370"}],"wp:term":[{"taxonomy":"product_brand","embeddable":true,"href":"https:\/\/senabel.com\/sv\/wp-json\/wp\/v2\/product_brand?post=60370"},{"taxonomy":"product_cat","embeddable":true,"href":"https:\/\/senabel.com\/sv\/wp-json\/wp\/v2\/product_cat?post=60370"},{"taxonomy":"product_tag","embeddable":true,"href":"https:\/\/senabel.com\/sv\/wp-json\/wp\/v2\/product_tag?post=60370"}],"curies":[{"name":"wp","href":"https:\/\/api.w.org\/{rel}","templated":true}]}}