{"id":59991,"date":"2026-01-12T21:54:31","date_gmt":"2026-01-12T21:54:31","guid":{"rendered":"https:\/\/senabel.com\/?post_type=product&#038;p=59991"},"modified":"2026-04-17T16:59:13","modified_gmt":"2026-04-17T16:59:13","slug":"istanbul-ghriba-mini","status":"publish","type":"product","link":"https:\/\/senabel.com\/sv\/product\/istanbul-ghriba-mini\/","title":{"rendered":"Exotiska Istanbul Mini - 500 L.E."},"content":{"rendered":"<p data-start=\"37\" data-end=\"261\"><!--more-->Istanbul mini shortbread med en krispig konsistens som sm\u00e4lter i munnen, tillagad p\u00e5 traditionellt s\u00e4tt med en rik och balanserad smak, med en l\u00e4tt fyllning som ger en mjuk touch utan att \u00f6verr\u00f6sta den klassiska shortbreadsmaken. Perfekt att servera p\u00e5 fester och evenemang eller till kaffe och te.<\/p>\n<p data-start=\"263\" data-end=\"402\">- Exotiska Istanbul Mini \u00e4r precis r\u00e4tt storlek f\u00f6r servering<br data-start=\"304\" data-end=\"307\" \/>- Mjuk, krispig konsistens som sm\u00e4lter i munnen<br data-start=\"335\" data-end=\"338\" \/>- Rik och balanserad traditionell smak<br data-start=\"362\" data-end=\"365\" \/>- L\u00e4mplig f\u00f6r representation och vardagliga tillf\u00e4llen<\/p>\n<p data-start=\"404\" data-end=\"421\"><strong data-start=\"404\" data-end=\"421\">Produktinformation<\/strong><\/p>\n<p data-start=\"423\" data-end=\"556\">- Typ: Exotiska Istanbul<br data-start=\"447\" data-end=\"450\" \/>- Storlek Mini<br data-start=\"463\" data-end=\"466\" \/>- Textur: krispig<br data-start=\"478\" data-end=\"481\" \/>- Vikt: 500 gram<br data-start=\"526\" data-end=\"529\" \/>- Ungef\u00e4rligt antal: 20 stycken<\/p>\n<p data-start=\"558\" data-end=\"573\"><strong data-start=\"558\" data-end=\"573\">Hur du sparar<\/strong><\/p>\n<p data-start=\"575\" data-end=\"633\" data-is-last-node=\"\" data-is-only-node=\"\">- F\u00f6rvaras p\u00e5 en sval och torr plats<br data-start=\"600\" data-end=\"603\" \/>- F\u00f6rvaras skyddat fr\u00e5n fukt och solljus<\/p>","protected":false},"excerpt":{"rendered":"<p>Istanbul mini shortbread med en krispig konsistens som sm\u00e4lter i munnen, tillagad p\u00e5 traditionellt s\u00e4tt med en rik och balanserad smak, med en l\u00e4tt fyllning som ger en mjuk touch utan att \u00f6verr\u00f6sta den klassiska shortbreadsmaken. Perfekt att servera p\u00e5 fester och evenemang eller till kaffe och te.<\/p>","protected":false},"featured_media":59992,"template":"","meta":[],"product_brand":[],"product_cat":[377,220,299,347],"product_tag":[],"class_list":{"0":"post-59991","1":"product","2":"type-product","3":"status-publish","4":"has-post-thumbnail","6":"product_cat-377","7":"product_cat-220","8":"product_cat-299","9":"product_cat-347","11":"first","12":"instock","13":"taxable","14":"shipping-taxable","15":"purchasable","16":"product-type-simple"},"_links":{"self":[{"href":"https:\/\/senabel.com\/sv\/wp-json\/wp\/v2\/product\/59991","targetHints":{"allow":["GET"]}}],"collection":[{"href":"https:\/\/senabel.com\/sv\/wp-json\/wp\/v2\/product"}],"about":[{"href":"https:\/\/senabel.com\/sv\/wp-json\/wp\/v2\/types\/product"}],"version-history":[{"count":6,"href":"https:\/\/senabel.com\/sv\/wp-json\/wp\/v2\/product\/59991\/revisions"}],"predecessor-version":[{"id":63261,"href":"https:\/\/senabel.com\/sv\/wp-json\/wp\/v2\/product\/59991\/revisions\/63261"}],"wp:featuredmedia":[{"embeddable":true,"href":"https:\/\/senabel.com\/sv\/wp-json\/wp\/v2\/media\/59992"}],"wp:attachment":[{"href":"https:\/\/senabel.com\/sv\/wp-json\/wp\/v2\/media?parent=59991"}],"wp:term":[{"taxonomy":"product_brand","embeddable":true,"href":"https:\/\/senabel.com\/sv\/wp-json\/wp\/v2\/product_brand?post=59991"},{"taxonomy":"product_cat","embeddable":true,"href":"https:\/\/senabel.com\/sv\/wp-json\/wp\/v2\/product_cat?post=59991"},{"taxonomy":"product_tag","embeddable":true,"href":"https:\/\/senabel.com\/sv\/wp-json\/wp\/v2\/product_tag?post=59991"}],"curies":[{"name":"wp","href":"https:\/\/api.w.org\/{rel}","templated":true}]}}