{"id":59810,"date":"2026-01-05T17:39:34","date_gmt":"2026-01-05T17:39:34","guid":{"rendered":"https:\/\/senabel.com\/?post_type=product&#038;p=59810"},"modified":"2026-03-01T13:27:38","modified_gmt":"2026-03-01T13:27:38","slug":"frystorkad","status":"publish","type":"product","link":"https:\/\/senabel.com\/sv\/product\/freezer-dried\/","title":{"rendered":"Choklad\u00f6verdragna frystorkade frukter"},"content":{"rendered":"<p data-start=\"40\" data-end=\"227\">Bitarna \u00e4r frystorkade f\u00f6r att bevara den naturliga smaken och den milda syran, och de \u00e4r \u00f6verdragna med en m\u00f6rk chokladglasyr som ger en rik balans mellan fruktens friskhet och chokladens djup, perfekt f\u00f6r \u00e4lskare av kontrasterande smaker.<\/p>\n<ul data-start=\"229\" data-end=\"393\">\n<li data-start=\"229\" data-end=\"251\">\n<p data-start=\"231\" data-end=\"251\">Frystorkad Frystorkad<\/p>\n<\/li>\n<li data-start=\"252\" data-end=\"280\">\n<p data-start=\"254\" data-end=\"280\">Doppad i m\u00f6rk choklad\u00f6verdrag<\/p>\n<\/li>\n<li data-start=\"281\" data-end=\"315\">\n<p data-start=\"283\" data-end=\"315\">En smak som kombinerar syra och s\u00f6tma<\/p>\n<\/li>\n<li data-start=\"316\" data-end=\"344\">\n<p data-start=\"318\" data-end=\"344\">L\u00e4tt konsistens med fin krispighet<\/p>\n<\/li>\n<li data-start=\"345\" data-end=\"393\">\n<p data-start=\"347\" data-end=\"393\">L\u00e4mplig f\u00f6r servering, garnering eller som ett lyxigt mellanm\u00e5l<\/p>\n<\/li>\n<\/ul>\n<p data-start=\"395\" data-end=\"412\"><strong data-start=\"395\" data-end=\"412\">Produktinformation<\/strong><\/p>\n<ul data-start=\"414\" data-end=\"533\">\n<li data-start=\"414\" data-end=\"443\">\n<p data-start=\"416\" data-end=\"443\">Typ av produkt: Frystorkad Frystorkad<\/p>\n<\/li>\n<li data-start=\"444\" data-end=\"469\">\n<p data-start=\"446\" data-end=\"469\">T\u00e4ckning: M\u00f6rk choklad<\/p>\n<\/li>\n<li data-start=\"470\" data-end=\"502\">\n<p data-start=\"472\" data-end=\"502\">Konsistensen: L\u00e4tt med ett choklad\u00f6verdrag<\/p>\n<\/li>\n<li data-start=\"503\" data-end=\"533\">\n<p data-start=\"505\" data-end=\"533\">F\u00f6rpackning: Enligt vikt<\/p>\n<\/li>\n<\/ul>\n<p data-start=\"535\" data-end=\"555\"><strong data-start=\"535\" data-end=\"555\">Tillg\u00e4ngliga vikter<\/strong><\/p>\n<ul data-start=\"557\" data-end=\"582\">\n<li data-start=\"557\" data-end=\"569\">\n<p data-start=\"559\" data-end=\"569\">100 gram<\/p>\n<\/li>\n<li data-start=\"570\" data-end=\"582\">\n<p data-start=\"572\" data-end=\"582\">200 gram<\/p>\n<\/li>\n<\/ul>\n<p data-start=\"584\" data-end=\"599\"><strong data-start=\"584\" data-end=\"599\">Hur du sparar<\/strong><\/p>\n<ul data-start=\"601\" data-end=\"659\" data-is-last-node=\"\" data-is-only-node=\"\">\n<li data-start=\"601\" data-end=\"628\">\n<p data-start=\"603\" data-end=\"628\">F\u00f6rvaras p\u00e5 en sval och torr plats<\/p>\n<\/li>\n<li data-start=\"629\" data-end=\"659\" data-is-last-node=\"\">\n<p data-start=\"631\" data-end=\"659\" data-is-last-node=\"\">F\u00f6rvaras skyddat fr\u00e5n v\u00e4rme och solljus<\/p>\n<\/li>\n<\/ul>","protected":false},"excerpt":{"rendered":"<p>Bitarna \u00e4r frystorkade f\u00f6r att bevara den naturliga smaken och den milda syran, och de \u00e4r \u00f6verdragna med en m\u00f6rk chokladglasyr som ger en rik balans mellan fruktens friskhet och chokladens djup, perfekt f\u00f6r \u00e4lskare av kontrasterande smaker.<\/p>","protected":false},"featured_media":59813,"template":"","meta":[],"product_brand":[],"product_cat":[367,297],"product_tag":[],"class_list":{"0":"post-59810","1":"product","2":"type-product","3":"status-publish","4":"has-post-thumbnail","6":"product_cat-367","7":"product_cat-297","9":"first","10":"outofstock","11":"taxable","12":"shipping-taxable","13":"product-type-variable"},"_links":{"self":[{"href":"https:\/\/senabel.com\/sv\/wp-json\/wp\/v2\/product\/59810","targetHints":{"allow":["GET"]}}],"collection":[{"href":"https:\/\/senabel.com\/sv\/wp-json\/wp\/v2\/product"}],"about":[{"href":"https:\/\/senabel.com\/sv\/wp-json\/wp\/v2\/types\/product"}],"version-history":[{"count":1,"href":"https:\/\/senabel.com\/sv\/wp-json\/wp\/v2\/product\/59810\/revisions"}],"predecessor-version":[{"id":59814,"href":"https:\/\/senabel.com\/sv\/wp-json\/wp\/v2\/product\/59810\/revisions\/59814"}],"wp:featuredmedia":[{"embeddable":true,"href":"https:\/\/senabel.com\/sv\/wp-json\/wp\/v2\/media\/59813"}],"wp:attachment":[{"href":"https:\/\/senabel.com\/sv\/wp-json\/wp\/v2\/media?parent=59810"}],"wp:term":[{"taxonomy":"product_brand","embeddable":true,"href":"https:\/\/senabel.com\/sv\/wp-json\/wp\/v2\/product_brand?post=59810"},{"taxonomy":"product_cat","embeddable":true,"href":"https:\/\/senabel.com\/sv\/wp-json\/wp\/v2\/product_cat?post=59810"},{"taxonomy":"product_tag","embeddable":true,"href":"https:\/\/senabel.com\/sv\/wp-json\/wp\/v2\/product_tag?post=59810"}],"curies":[{"name":"wp","href":"https:\/\/api.w.org\/{rel}","templated":true}]}}