{"id":59805,"date":"2026-01-05T17:38:16","date_gmt":"2026-01-05T17:38:16","guid":{"rendered":"https:\/\/senabel.com\/?post_type=product&#038;p=59805"},"modified":"2026-02-22T14:35:59","modified_gmt":"2026-02-22T14:35:59","slug":"frystorkade-marshmallows","status":"publish","type":"product","link":"https:\/\/senabel.com\/sv\/product\/freeze-dried-marshmallows\/","title":{"rendered":"Chokladdoppad frystorkad marshmallow"},"content":{"rendered":"<p data-start=\"44\" data-end=\"231\">Dessa f\u00e4rgglada marshmallows \u00e4r frystorkade f\u00f6r att bevara sin l\u00e4tta konsistens och \u00f6verdragna med m\u00f6rk choklad som ger en rik balans mellan s\u00f6tma och mjukhet, en annorlunda upplevelse som kombinerar en l\u00e4tt krispighet med en djup chokladsmak.<\/p>\n<ul data-start=\"233\" data-end=\"411\">\n<li data-start=\"233\" data-end=\"259\">\n<p data-start=\"235\" data-end=\"259\">Frystorkad marshmallow<\/p>\n<\/li>\n<li data-start=\"260\" data-end=\"279\">\n<p data-start=\"262\" data-end=\"279\">Chokladdykning<\/p>\n<\/li>\n<li data-start=\"280\" data-end=\"324\">\n<p data-start=\"282\" data-end=\"324\">L\u00e4tt konsistens p\u00e5 insidan med ett rikt choklad\u00f6verdrag<\/p>\n<\/li>\n<li data-start=\"325\" data-end=\"362\">\n<p data-start=\"327\" data-end=\"362\">Olika f\u00e4rger och smaker i samma mix<\/p>\n<\/li>\n<li data-start=\"363\" data-end=\"411\">\n<p data-start=\"365\" data-end=\"411\">L\u00e4mplig f\u00f6r servering, garnering eller som ett speciellt mellanm\u00e5l<\/p>\n<\/li>\n<\/ul>\n<p data-start=\"413\" data-end=\"430\"><strong data-start=\"413\" data-end=\"430\">Produktinformation<\/strong><\/p>\n<ul data-start=\"432\" data-end=\"548\">\n<li data-start=\"432\" data-end=\"465\">\n<p data-start=\"434\" data-end=\"465\">Typ av produkt: Frystorkad marshmallow<\/p>\n<\/li>\n<li data-start=\"466\" data-end=\"485\">\n<p data-start=\"468\" data-end=\"485\">T\u00e4ckning: Choklad<\/p>\n<\/li>\n<li data-start=\"486\" data-end=\"517\">\n<p data-start=\"488\" data-end=\"517\">Konsistensen: L\u00e4tt med ett choklad\u00f6verdrag<\/p>\n<\/li>\n<li data-start=\"518\" data-end=\"548\">\n<p data-start=\"520\" data-end=\"548\">F\u00f6rpackning: Enligt vikt<\/p>\n<\/li>\n<\/ul>\n<p data-start=\"550\" data-end=\"570\"><strong data-start=\"550\" data-end=\"570\">Tillg\u00e4ngliga vikter<\/strong><\/p>\n<ul data-start=\"572\" data-end=\"597\">\n<li data-start=\"572\" data-end=\"584\">\n<p data-start=\"574\" data-end=\"584\">100 gram<\/p>\n<\/li>\n<li data-start=\"585\" data-end=\"597\">\n<p data-start=\"587\" data-end=\"597\">200 gram<\/p>\n<\/li>\n<\/ul>\n<p data-start=\"599\" data-end=\"614\"><strong data-start=\"599\" data-end=\"614\">Hur du sparar<\/strong><\/p>\n<ul data-start=\"616\" data-end=\"674\" data-is-last-node=\"\" data-is-only-node=\"\">\n<li data-start=\"616\" data-end=\"643\">\n<p data-start=\"618\" data-end=\"643\">F\u00f6rvaras p\u00e5 en sval och torr plats<\/p>\n<\/li>\n<li data-start=\"644\" data-end=\"674\" data-is-last-node=\"\">\n<p data-start=\"646\" data-end=\"674\" data-is-last-node=\"\">F\u00f6rvaras skyddat fr\u00e5n v\u00e4rme och solljus<\/p>\n<\/li>\n<\/ul>","protected":false},"excerpt":{"rendered":"<p>Dessa f\u00e4rgglada marshmallows \u00e4r frystorkade f\u00f6r att bevara sin l\u00e4tta konsistens och \u00f6verdragna med m\u00f6rk choklad som ger en rik balans mellan s\u00f6tma och mjukhet, en annorlunda upplevelse som kombinerar en l\u00e4tt krispighet med en djup chokladsmak.<\/p>","protected":false},"featured_media":59808,"template":"","meta":[],"product_brand":[],"product_cat":[377,297,367],"product_tag":[],"class_list":{"0":"post-59805","1":"product","2":"type-product","3":"status-publish","4":"has-post-thumbnail","6":"product_cat-377","7":"product_cat-297","8":"product_cat-367","10":"first","11":"outofstock","12":"taxable","13":"shipping-taxable","14":"product-type-variable"},"_links":{"self":[{"href":"https:\/\/senabel.com\/sv\/wp-json\/wp\/v2\/product\/59805","targetHints":{"allow":["GET"]}}],"collection":[{"href":"https:\/\/senabel.com\/sv\/wp-json\/wp\/v2\/product"}],"about":[{"href":"https:\/\/senabel.com\/sv\/wp-json\/wp\/v2\/types\/product"}],"version-history":[{"count":1,"href":"https:\/\/senabel.com\/sv\/wp-json\/wp\/v2\/product\/59805\/revisions"}],"predecessor-version":[{"id":59809,"href":"https:\/\/senabel.com\/sv\/wp-json\/wp\/v2\/product\/59805\/revisions\/59809"}],"wp:featuredmedia":[{"embeddable":true,"href":"https:\/\/senabel.com\/sv\/wp-json\/wp\/v2\/media\/59808"}],"wp:attachment":[{"href":"https:\/\/senabel.com\/sv\/wp-json\/wp\/v2\/media?parent=59805"}],"wp:term":[{"taxonomy":"product_brand","embeddable":true,"href":"https:\/\/senabel.com\/sv\/wp-json\/wp\/v2\/product_brand?post=59805"},{"taxonomy":"product_cat","embeddable":true,"href":"https:\/\/senabel.com\/sv\/wp-json\/wp\/v2\/product_cat?post=59805"},{"taxonomy":"product_tag","embeddable":true,"href":"https:\/\/senabel.com\/sv\/wp-json\/wp\/v2\/product_tag?post=59805"}],"curies":[{"name":"wp","href":"https:\/\/api.w.org\/{rel}","templated":true}]}}