{"id":59704,"date":"2026-01-03T11:45:56","date_gmt":"2026-01-03T11:45:56","guid":{"rendered":"https:\/\/senabel.com\/?post_type=product&#038;p=59704"},"modified":"2026-03-09T14:06:39","modified_gmt":"2026-03-09T14:06:39","slug":"fruktdrage-cheesecake","status":"publish","type":"product","link":"https:\/\/senabel.com\/sv\/product\/fruit-dragee-cheesecake\/","title":{"rendered":"Frukt Cheesecake - Cheesecake"},"content":{"rendered":"<p data-start=\"32\" data-end=\"177\">En f\u00e4rgglad fasan med cheesecakesmak som kombinerar en s\u00f6t och uppfriskande fruktig smak med en len konsistens och en l\u00e4tt sockrig touch, l\u00e4mplig f\u00f6r alla smaker och ger f\u00e4rg till presentationen.<\/p>\n<p data-start=\"179\" data-end=\"299\">- Persikor med smak av cheesecake<br data-start=\"204\" data-end=\"207\" \/>- S\u00f6t och balanserad fruktig smak<br data-start=\"230\" data-end=\"233\" \/>- Sl\u00e4t textur med en glansig bel\u00e4ggning<br data-start=\"262\" data-end=\"265\" \/>- L\u00e4mplig f\u00f6r representation och vardagsbruk<\/p>\n<p data-start=\"301\" data-end=\"318\"><strong data-start=\"301\" data-end=\"318\">Produktinformation<\/strong><\/p>\n<p data-start=\"320\" data-end=\"415\">- Typ: Fasan med frukter<br data-start=\"344\" data-end=\"347\" \/>- Smak: Cheesecake<br data-start=\"365\" data-end=\"368\" \/>- Textur: Sl\u00e4t<br data-start=\"382\" data-end=\"385\" \/>- F\u00f6rpackning: Enligt vikt<\/p>\n<p data-start=\"417\" data-end=\"437\"><strong data-start=\"417\" data-end=\"437\">Tillg\u00e4ngliga vikter<\/strong><\/p>\n<p data-start=\"439\" data-end=\"464\">- 100 gram<br data-start=\"449\" data-end=\"452\" \/>- 200 gram<\/p>\n<p data-start=\"466\" data-end=\"481\"><strong data-start=\"466\" data-end=\"481\">Hur du sparar<\/strong><\/p>\n<p data-start=\"483\" data-end=\"541\" data-is-last-node=\"\" data-is-only-node=\"\">- F\u00f6rvaras p\u00e5 en sval och torr plats<br data-start=\"508\" data-end=\"511\" \/>- F\u00f6rvaras skyddat fr\u00e5n v\u00e4rme och solljus<\/p>","protected":false},"excerpt":{"rendered":"<p>En f\u00e4rgglad fasan med cheesecakesmak som kombinerar en s\u00f6t och uppfriskande fruktig smak med en len konsistens och en l\u00e4tt sockrig touch, l\u00e4mplig f\u00f6r alla smaker och ger f\u00e4rg till presentationen.<\/p>","protected":false},"featured_media":59708,"template":"","meta":[],"product_brand":[],"product_cat":[347,495,297],"product_tag":[],"class_list":{"0":"post-59704","1":"product","2":"type-product","3":"status-publish","4":"has-post-thumbnail","6":"product_cat-347","7":"product_cat-495","8":"product_cat-297","10":"first","11":"outofstock","12":"taxable","13":"shipping-taxable","14":"product-type-variable"},"_links":{"self":[{"href":"https:\/\/senabel.com\/sv\/wp-json\/wp\/v2\/product\/59704","targetHints":{"allow":["GET"]}}],"collection":[{"href":"https:\/\/senabel.com\/sv\/wp-json\/wp\/v2\/product"}],"about":[{"href":"https:\/\/senabel.com\/sv\/wp-json\/wp\/v2\/types\/product"}],"version-history":[{"count":3,"href":"https:\/\/senabel.com\/sv\/wp-json\/wp\/v2\/product\/59704\/revisions"}],"predecessor-version":[{"id":60968,"href":"https:\/\/senabel.com\/sv\/wp-json\/wp\/v2\/product\/59704\/revisions\/60968"}],"wp:featuredmedia":[{"embeddable":true,"href":"https:\/\/senabel.com\/sv\/wp-json\/wp\/v2\/media\/59708"}],"wp:attachment":[{"href":"https:\/\/senabel.com\/sv\/wp-json\/wp\/v2\/media?parent=59704"}],"wp:term":[{"taxonomy":"product_brand","embeddable":true,"href":"https:\/\/senabel.com\/sv\/wp-json\/wp\/v2\/product_brand?post=59704"},{"taxonomy":"product_cat","embeddable":true,"href":"https:\/\/senabel.com\/sv\/wp-json\/wp\/v2\/product_cat?post=59704"},{"taxonomy":"product_tag","embeddable":true,"href":"https:\/\/senabel.com\/sv\/wp-json\/wp\/v2\/product_tag?post=59704"}],"curies":[{"name":"wp","href":"https:\/\/api.w.org\/{rel}","templated":true}]}}