{"id":59676,"date":"2026-01-03T11:40:59","date_gmt":"2026-01-03T11:40:59","guid":{"rendered":"https:\/\/senabel.com\/?post_type=product&#038;p=59676"},"modified":"2026-03-18T09:59:05","modified_gmt":"2026-03-18T09:59:05","slug":"oreo-baklava-drageer","status":"publish","type":"product","link":"https:\/\/senabel.com\/sv\/product\/oreo-baklava-dragees\/","title":{"rendered":"Oreo Baklava Cykel"},"content":{"rendered":"<p data-start=\"68\" data-end=\"245\">Fasanbitar \u00f6verdragna med m\u00f6rk choklad, fyllda med en rik baklavablandning med en uttalad Oreo-smak, som kombinerar en inre krispighet med en djup chokladsmak, en annorlunda upplevelse f\u00f6r \u00e4lskare av komplexa smaker.<\/p>\n<p data-start=\"247\" data-end=\"350\">- Dragee med m\u00f6rk choklad<br data-start=\"268\" data-end=\"271\" \/>- Oreo Baklava-fyllning<br data-start=\"293\" data-end=\"296\" \/>- Fast konsistens och fyllig smak<br data-start=\"320\" data-end=\"323\" \/>- L\u00e4mplig f\u00f6r servering och g\u00e4stfrihet<\/p>\n<p data-start=\"352\" data-end=\"369\"><strong data-start=\"352\" data-end=\"369\">Produktinformation<\/strong><\/p>\n<p data-start=\"371\" data-end=\"470\">- Typ av cykel: Choklad Cykel<br data-start=\"393\" data-end=\"396\" \/>- Fyllning: Baklava Oreo<br data-start=\"421\" data-end=\"424\" \/>- Form: Bollar<br data-start=\"437\" data-end=\"440\" \/>- F\u00f6rpackning: Enligt vikt<\/p>\n<p data-start=\"472\" data-end=\"492\"><strong data-start=\"472\" data-end=\"492\">Tillg\u00e4ngliga vikter<\/strong><\/p>\n<p data-start=\"494\" data-end=\"519\">- 100 gram<br data-start=\"504\" data-end=\"507\" \/>- 200 gram<\/p>\n<p data-start=\"521\" data-end=\"536\"><strong data-start=\"521\" data-end=\"536\">Hur du sparar<\/strong><\/p>\n<p data-start=\"538\" data-end=\"596\" data-is-last-node=\"\" data-is-only-node=\"\">- F\u00f6rvaras p\u00e5 en sval och torr plats<br data-start=\"563\" data-end=\"566\" \/>- F\u00f6rvaras skyddat fr\u00e5n v\u00e4rme och solljus<\/p>","protected":false},"excerpt":{"rendered":"<p>Fasanbitar \u00f6verdragna med m\u00f6rk choklad, fyllda med en rik baklavablandning med en uttalad Oreo-smak, som kombinerar en inre krispighet med en djup chokladsmak, en annorlunda upplevelse f\u00f6r \u00e4lskare av komplexa smaker.<\/p>","protected":false},"featured_media":59677,"template":"","meta":[],"product_brand":[],"product_cat":[347,494,297],"product_tag":[],"class_list":{"0":"post-59676","1":"product","2":"type-product","3":"status-publish","4":"has-post-thumbnail","6":"product_cat-347","7":"product_cat-494","8":"product_cat-297","10":"first","11":"outofstock","12":"taxable","13":"shipping-taxable","14":"product-type-variable"},"_links":{"self":[{"href":"https:\/\/senabel.com\/sv\/wp-json\/wp\/v2\/product\/59676","targetHints":{"allow":["GET"]}}],"collection":[{"href":"https:\/\/senabel.com\/sv\/wp-json\/wp\/v2\/product"}],"about":[{"href":"https:\/\/senabel.com\/sv\/wp-json\/wp\/v2\/types\/product"}],"version-history":[{"count":2,"href":"https:\/\/senabel.com\/sv\/wp-json\/wp\/v2\/product\/59676\/revisions"}],"predecessor-version":[{"id":61229,"href":"https:\/\/senabel.com\/sv\/wp-json\/wp\/v2\/product\/59676\/revisions\/61229"}],"wp:featuredmedia":[{"embeddable":true,"href":"https:\/\/senabel.com\/sv\/wp-json\/wp\/v2\/media\/59677"}],"wp:attachment":[{"href":"https:\/\/senabel.com\/sv\/wp-json\/wp\/v2\/media?parent=59676"}],"wp:term":[{"taxonomy":"product_brand","embeddable":true,"href":"https:\/\/senabel.com\/sv\/wp-json\/wp\/v2\/product_brand?post=59676"},{"taxonomy":"product_cat","embeddable":true,"href":"https:\/\/senabel.com\/sv\/wp-json\/wp\/v2\/product_cat?post=59676"},{"taxonomy":"product_tag","embeddable":true,"href":"https:\/\/senabel.com\/sv\/wp-json\/wp\/v2\/product_tag?post=59676"}],"curies":[{"name":"wp","href":"https:\/\/api.w.org\/{rel}","templated":true}]}}