{"id":59658,"date":"2026-01-03T11:30:41","date_gmt":"2026-01-03T11:30:41","guid":{"rendered":"https:\/\/senabel.com\/?post_type=product&#038;p=59658"},"modified":"2026-03-19T11:34:53","modified_gmt":"2026-03-19T11:34:53","slug":"sortiment-av-chokladsvampar","status":"publish","type":"product","link":"https:\/\/senabel.com\/sv\/product\/chocolate-mushroom-assortment\/","title":{"rendered":"Blandad svamp Choklad"},"content":{"rendered":"<p data-start=\"22\" data-end=\"136\">F\u00e4rgglada svampformade praliner som kombinerar uts\u00f6kt smak och rolig form f\u00f6r att skapa en s\u00f6t och k\u00e4rleksfull upplevelse, l\u00e4mplig f\u00f6r barn och vuxna.<\/p>\n<p data-start=\"138\" data-end=\"285\">- F\u00e4rgglada blandade chokladbitar<br data-start=\"167\" data-end=\"170\" \/>- Mjuk konsistens och balanserad s\u00f6t smak<br data-start=\"197\" data-end=\"200\" \/>- Svampformerna ger en rolig twist till presentationen<br data-start=\"238\" data-end=\"241\" \/>- L\u00e4mplig f\u00f6r underh\u00e5llning, g\u00e4stfrihet och dekorering av desserter<\/p>\n<p data-start=\"138\" data-end=\"285\"><strong>Vikter:<\/strong><\/p>\n<p data-start=\"138\" data-end=\"285\">100 g - 200 g<\/p>\n<p data-start=\"287\" data-end=\"304\"><strong data-start=\"287\" data-end=\"304\">Produktinformation<\/strong><\/p>\n<p data-start=\"306\" data-end=\"400\">- Typ av choklad Gjuten choklad<br data-start=\"330\" data-end=\"333\" \/>- Form: Svamp<br data-start=\"345\" data-end=\"348\" \/>- F\u00e4rger: Assorterade<br data-start=\"365\" data-end=\"368\" \/>- F\u00f6rpackning: Beroende p\u00e5 vald kvantitet<\/p>\n<p data-start=\"402\" data-end=\"417\"><strong data-start=\"402\" data-end=\"417\">Hur du sparar<\/strong><\/p>\n<p data-start=\"419\" data-end=\"486\" data-is-last-node=\"\" data-is-only-node=\"\">- F\u00f6rvaras p\u00e5 en sval och torr plats<br data-start=\"444\" data-end=\"447\" \/>- F\u00f6rvaras skyddat fr\u00e5n v\u00e4rme och direkt solljus<\/p>","protected":false},"excerpt":{"rendered":"<p>F\u00e4rgglada svampformade praliner som kombinerar uts\u00f6kt smak och rolig form f\u00f6r att skapa en s\u00f6t och k\u00e4rleksfull upplevelse, l\u00e4mplig f\u00f6r barn och vuxna.<\/p>","protected":false},"featured_media":59659,"template":"","meta":[],"product_brand":[],"product_cat":[377,297],"product_tag":[],"class_list":{"0":"post-59658","1":"product","2":"type-product","3":"status-publish","4":"has-post-thumbnail","6":"product_cat-377","7":"product_cat-297","9":"first","10":"instock","11":"taxable","12":"shipping-taxable","13":"purchasable","14":"product-type-variable"},"_links":{"self":[{"href":"https:\/\/senabel.com\/sv\/wp-json\/wp\/v2\/product\/59658","targetHints":{"allow":["GET"]}}],"collection":[{"href":"https:\/\/senabel.com\/sv\/wp-json\/wp\/v2\/product"}],"about":[{"href":"https:\/\/senabel.com\/sv\/wp-json\/wp\/v2\/types\/product"}],"version-history":[{"count":3,"href":"https:\/\/senabel.com\/sv\/wp-json\/wp\/v2\/product\/59658\/revisions"}],"predecessor-version":[{"id":60684,"href":"https:\/\/senabel.com\/sv\/wp-json\/wp\/v2\/product\/59658\/revisions\/60684"}],"wp:featuredmedia":[{"embeddable":true,"href":"https:\/\/senabel.com\/sv\/wp-json\/wp\/v2\/media\/59659"}],"wp:attachment":[{"href":"https:\/\/senabel.com\/sv\/wp-json\/wp\/v2\/media?parent=59658"}],"wp:term":[{"taxonomy":"product_brand","embeddable":true,"href":"https:\/\/senabel.com\/sv\/wp-json\/wp\/v2\/product_brand?post=59658"},{"taxonomy":"product_cat","embeddable":true,"href":"https:\/\/senabel.com\/sv\/wp-json\/wp\/v2\/product_cat?post=59658"},{"taxonomy":"product_tag","embeddable":true,"href":"https:\/\/senabel.com\/sv\/wp-json\/wp\/v2\/product_tag?post=59658"}],"curies":[{"name":"wp","href":"https:\/\/api.w.org\/{rel}","templated":true}]}}