{"id":59654,"date":"2026-01-04T13:49:19","date_gmt":"2026-01-04T13:49:19","guid":{"rendered":"https:\/\/senabel.com\/?post_type=product&#038;p=59654"},"modified":"2026-03-07T16:07:17","modified_gmt":"2026-03-07T16:07:17","slug":"olx-notter-3","status":"publish","type":"product","link":"https:\/\/senabel.com\/sv\/product\/olx-nuts-3\/","title":{"rendered":"Olex sura smaksatta n\u00f6tter - 500g"},"content":{"rendered":"<p data-start=\"41\" data-end=\"165\">Rostade mixade n\u00f6tter med en uppfriskande citrussmak, med en uttalad citronsmak som ger en fin balans mellan syra och krispighet f\u00f6r en l\u00e4tt och tillfredsst\u00e4llande snackingupplevelse.<\/p>\n<p data-start=\"167\" data-end=\"297\">- Noggrant rostad n\u00f6tmix<br data-start=\"194\" data-end=\"197\" \/>- Uppfriskande och utpr\u00e4glat syrlig smak<br data-start=\"222\" data-end=\"225\" \/>- Krispig konsistens och balanserad smak<br data-start=\"249\" data-end=\"252\" \/>- Perfekt f\u00f6r vardagsunderh\u00e5llning och f\u00f6r att ackompanjera drinkar<\/p>\n<p data-start=\"299\" data-end=\"316\"><strong data-start=\"299\" data-end=\"316\">Produktinformation<\/strong><\/p>\n<p data-start=\"318\" data-end=\"417\">- Varum\u00e4rke Olex<br data-start=\"342\" data-end=\"345\" \/>- Typ av produkt: Blandade n\u00f6tter<br data-start=\"366\" data-end=\"369\" \/>- Smak: Sur<br data-start=\"383\" data-end=\"386\" \/>- F\u00f6rpackning: F\u00f6rseglad f\u00f6rpackning<\/p>\n<p data-start=\"419\" data-end=\"428\"><strong data-start=\"419\" data-end=\"428\">Vikt<\/strong><\/p>\n<p data-start=\"430\" data-end=\"442\">- 500 gram<\/p>\n<p data-start=\"444\" data-end=\"459\"><strong data-start=\"444\" data-end=\"459\">Hur du sparar<\/strong><\/p>\n<p data-start=\"461\" data-end=\"540\" data-is-last-node=\"\" data-is-only-node=\"\">- F\u00f6rvaras p\u00e5 en sval och torr plats<br data-start=\"486\" data-end=\"489\" \/>- F\u00f6rslut t\u00e4tt efter \u00f6ppnandet f\u00f6r att bevara smak och krispighet<\/p>","protected":false},"excerpt":{"rendered":"<p>Rostade mixade n\u00f6tter med en uppfriskande citrussmak, med en uttalad citronsmak som ger en fin balans mellan syra och krispighet f\u00f6r en l\u00e4tt och tillfredsst\u00e4llande snackingupplevelse.<\/p>","protected":false},"featured_media":59655,"template":"","meta":[],"product_brand":[],"product_cat":[347,308],"product_tag":[],"class_list":{"0":"post-59654","1":"product","2":"type-product","3":"status-publish","4":"has-post-thumbnail","6":"product_cat-347","7":"product_cat-308","9":"first","10":"instock","11":"taxable","12":"shipping-taxable","13":"purchasable","14":"product-type-simple"},"_links":{"self":[{"href":"https:\/\/senabel.com\/sv\/wp-json\/wp\/v2\/product\/59654","targetHints":{"allow":["GET"]}}],"collection":[{"href":"https:\/\/senabel.com\/sv\/wp-json\/wp\/v2\/product"}],"about":[{"href":"https:\/\/senabel.com\/sv\/wp-json\/wp\/v2\/types\/product"}],"version-history":[{"count":2,"href":"https:\/\/senabel.com\/sv\/wp-json\/wp\/v2\/product\/59654\/revisions"}],"predecessor-version":[{"id":59657,"href":"https:\/\/senabel.com\/sv\/wp-json\/wp\/v2\/product\/59654\/revisions\/59657"}],"wp:featuredmedia":[{"embeddable":true,"href":"https:\/\/senabel.com\/sv\/wp-json\/wp\/v2\/media\/59655"}],"wp:attachment":[{"href":"https:\/\/senabel.com\/sv\/wp-json\/wp\/v2\/media?parent=59654"}],"wp:term":[{"taxonomy":"product_brand","embeddable":true,"href":"https:\/\/senabel.com\/sv\/wp-json\/wp\/v2\/product_brand?post=59654"},{"taxonomy":"product_cat","embeddable":true,"href":"https:\/\/senabel.com\/sv\/wp-json\/wp\/v2\/product_cat?post=59654"},{"taxonomy":"product_tag","embeddable":true,"href":"https:\/\/senabel.com\/sv\/wp-json\/wp\/v2\/product_tag?post=59654"}],"curies":[{"name":"wp","href":"https:\/\/api.w.org\/{rel}","templated":true}]}}