{"id":59646,"date":"2026-01-04T13:50:00","date_gmt":"2026-01-04T13:50:00","guid":{"rendered":"https:\/\/senabel.com\/?post_type=product&#038;p=59646"},"modified":"2026-04-26T20:56:16","modified_gmt":"2026-04-26T20:56:16","slug":"olx-notter-4","status":"publish","type":"product","link":"https:\/\/senabel.com\/sv\/product\/olx-nuts-4\/","title":{"rendered":"R\u00f6kta Olex-n\u00f6tter - 500g"},"content":{"rendered":"<p data-start=\"35\" data-end=\"146\">En blandning av rostade n\u00f6tter med en rik r\u00f6kig smak, en djup smak och en uttalad r\u00f6kig touch som ger en annorlunda och distinkt upplevelse f\u00f6r \u00e4lskare av starka smaker.<\/p>\n<p data-start=\"148\" data-end=\"271\">- Noggrant rostade blandade n\u00f6tter<br data-start=\"176\" data-end=\"179\" \/>- Tydlig och balanserad r\u00f6kig smak<br data-start=\"207\" data-end=\"210\" \/>- Krispig konsistens och fyllig smak<br data-start=\"231\" data-end=\"234\" \/>- Perfekt f\u00f6r underh\u00e5llning och som tillbeh\u00f6r till drinkar<\/p>\n<p data-start=\"273\" data-end=\"290\"><strong data-start=\"273\" data-end=\"290\">Produktinformation<\/strong><\/p>\n<p data-start=\"292\" data-end=\"393\">- Varum\u00e4rke Olex<br data-start=\"316\" data-end=\"319\" \/>- Typ av produkt: Blandade n\u00f6tter<br data-start=\"340\" data-end=\"343\" \/>- Smak: R\u00f6kig<br data-start=\"359\" data-end=\"362\" \/>- F\u00f6rpackning: F\u00f6rseglad f\u00f6rpackning<\/p>\n<p data-start=\"395\" data-end=\"404\"><strong data-start=\"395\" data-end=\"404\">Vikt<\/strong><\/p>\n<p data-start=\"406\" data-end=\"418\">- 500 gram<\/p>\n<p data-start=\"420\" data-end=\"435\"><strong data-start=\"420\" data-end=\"435\">Hur du sparar<\/strong><\/p>\n<p data-start=\"437\" data-end=\"516\" data-is-last-node=\"\" data-is-only-node=\"\">- F\u00f6rvaras p\u00e5 en sval och torr plats<br data-start=\"462\" data-end=\"465\" \/>- F\u00f6rslut t\u00e4tt efter \u00f6ppnandet f\u00f6r att bevara smak och krispighet<\/p>","protected":false},"excerpt":{"rendered":"<p>En blandning av rostade n\u00f6tter med en rik r\u00f6kig smak, en djup smak och en uttalad r\u00f6kig touch som ger en annorlunda och distinkt upplevelse f\u00f6r \u00e4lskare av starka smaker.<\/p>","protected":false},"featured_media":59647,"template":"","meta":[],"product_brand":[],"product_cat":[347,308],"product_tag":[],"class_list":{"0":"post-59646","1":"product","2":"type-product","3":"status-publish","4":"has-post-thumbnail","6":"product_cat-347","7":"product_cat-308","9":"first","10":"instock","11":"taxable","12":"shipping-taxable","13":"purchasable","14":"product-type-simple"},"_links":{"self":[{"href":"https:\/\/senabel.com\/sv\/wp-json\/wp\/v2\/product\/59646","targetHints":{"allow":["GET"]}}],"collection":[{"href":"https:\/\/senabel.com\/sv\/wp-json\/wp\/v2\/product"}],"about":[{"href":"https:\/\/senabel.com\/sv\/wp-json\/wp\/v2\/types\/product"}],"version-history":[{"count":2,"href":"https:\/\/senabel.com\/sv\/wp-json\/wp\/v2\/product\/59646\/revisions"}],"predecessor-version":[{"id":59649,"href":"https:\/\/senabel.com\/sv\/wp-json\/wp\/v2\/product\/59646\/revisions\/59649"}],"wp:featuredmedia":[{"embeddable":true,"href":"https:\/\/senabel.com\/sv\/wp-json\/wp\/v2\/media\/59647"}],"wp:attachment":[{"href":"https:\/\/senabel.com\/sv\/wp-json\/wp\/v2\/media?parent=59646"}],"wp:term":[{"taxonomy":"product_brand","embeddable":true,"href":"https:\/\/senabel.com\/sv\/wp-json\/wp\/v2\/product_brand?post=59646"},{"taxonomy":"product_cat","embeddable":true,"href":"https:\/\/senabel.com\/sv\/wp-json\/wp\/v2\/product_cat?post=59646"},{"taxonomy":"product_tag","embeddable":true,"href":"https:\/\/senabel.com\/sv\/wp-json\/wp\/v2\/product_tag?post=59646"}],"curies":[{"name":"wp","href":"https:\/\/api.w.org\/{rel}","templated":true}]}}