{"id":59638,"date":"2026-01-04T13:50:19","date_gmt":"2026-01-04T13:50:19","guid":{"rendered":"https:\/\/senabel.com\/?post_type=product&#038;p=59638"},"modified":"2026-04-26T20:56:16","modified_gmt":"2026-04-26T20:56:16","slug":"olx-notter-6","status":"publish","type":"product","link":"https:\/\/senabel.com\/sv\/product\/olx-nuts-6\/","title":{"rendered":"Olex Sour &amp; Spicy smaksatta n\u00f6tter - 500g"},"content":{"rendered":"<p data-start=\"48\" data-end=\"148\">En blandning av rostade n\u00f6tter med en v\u00e4lbalanserad syrlig och kryddig marinad, vilket ger en stark och uppfriskande smak med en uttalad krispighet i varje tugga.<\/p>\n<p data-start=\"150\" data-end=\"274\">- Noggrant rostade blandade n\u00f6tter<br data-start=\"178\" data-end=\"181\" \/>- Syrlig och kryddig smak med en dj\u00e4rv smak<br data-start=\"209\" data-end=\"212\" \/>- Krispig konsistens och fyllig smak<br data-start=\"234\" data-end=\"237\" \/>- Perfekt f\u00f6r underh\u00e5llning och som tillbeh\u00f6r till drinkar<\/p>\n<p data-start=\"276\" data-end=\"293\"><strong data-start=\"276\" data-end=\"293\">Produktinformation<\/strong><\/p>\n<p data-start=\"295\" data-end=\"399\">- Varum\u00e4rke Olex<br data-start=\"319\" data-end=\"322\" \/>- Typ av produkt: Blandade n\u00f6tter<br data-start=\"343\" data-end=\"346\" \/>- Smak: Syrlig och kryddig<br data-start=\"365\" data-end=\"368\" \/>- F\u00f6rpackning: F\u00f6rseglad f\u00f6rpackning<\/p>\n<p data-start=\"401\" data-end=\"410\"><strong data-start=\"401\" data-end=\"410\">Vikt<\/strong><\/p>\n<p data-start=\"412\" data-end=\"424\">- 500 gram<\/p>\n<p data-start=\"426\" data-end=\"441\"><strong data-start=\"426\" data-end=\"441\">Hur du sparar<\/strong><\/p>\n<p data-start=\"443\" data-end=\"522\" data-is-last-node=\"\" data-is-only-node=\"\">- F\u00f6rvaras p\u00e5 en sval och torr plats<br data-start=\"468\" data-end=\"471\" \/>- F\u00f6rslut t\u00e4tt efter \u00f6ppnandet f\u00f6r att bevara smak och krispighet<\/p>","protected":false},"excerpt":{"rendered":"<p>En blandning av rostade n\u00f6tter med en v\u00e4lbalanserad syrlig och kryddig marinad, vilket ger en stark och uppfriskande smak med en uttalad krispighet i varje tugga.<\/p>","protected":false},"featured_media":59639,"template":"","meta":[],"product_brand":[],"product_cat":[347,308],"product_tag":[],"class_list":{"0":"post-59638","1":"product","2":"type-product","3":"status-publish","4":"has-post-thumbnail","6":"product_cat-347","7":"product_cat-308","9":"first","10":"instock","11":"taxable","12":"shipping-taxable","13":"purchasable","14":"product-type-simple"},"_links":{"self":[{"href":"https:\/\/senabel.com\/sv\/wp-json\/wp\/v2\/product\/59638","targetHints":{"allow":["GET"]}}],"collection":[{"href":"https:\/\/senabel.com\/sv\/wp-json\/wp\/v2\/product"}],"about":[{"href":"https:\/\/senabel.com\/sv\/wp-json\/wp\/v2\/types\/product"}],"version-history":[{"count":2,"href":"https:\/\/senabel.com\/sv\/wp-json\/wp\/v2\/product\/59638\/revisions"}],"predecessor-version":[{"id":59641,"href":"https:\/\/senabel.com\/sv\/wp-json\/wp\/v2\/product\/59638\/revisions\/59641"}],"wp:featuredmedia":[{"embeddable":true,"href":"https:\/\/senabel.com\/sv\/wp-json\/wp\/v2\/media\/59639"}],"wp:attachment":[{"href":"https:\/\/senabel.com\/sv\/wp-json\/wp\/v2\/media?parent=59638"}],"wp:term":[{"taxonomy":"product_brand","embeddable":true,"href":"https:\/\/senabel.com\/sv\/wp-json\/wp\/v2\/product_brand?post=59638"},{"taxonomy":"product_cat","embeddable":true,"href":"https:\/\/senabel.com\/sv\/wp-json\/wp\/v2\/product_cat?post=59638"},{"taxonomy":"product_tag","embeddable":true,"href":"https:\/\/senabel.com\/sv\/wp-json\/wp\/v2\/product_tag?post=59638"}],"curies":[{"name":"wp","href":"https:\/\/api.w.org\/{rel}","templated":true}]}}