{"id":59634,"date":"2026-01-04T13:50:29","date_gmt":"2026-01-04T13:50:29","guid":{"rendered":"https:\/\/senabel.com\/?post_type=product&#038;p=59634"},"modified":"2026-03-16T23:05:36","modified_gmt":"2026-03-16T23:05:36","slug":"olx-notter-7","status":"publish","type":"product","link":"https:\/\/senabel.com\/sv\/product\/olx-nuts-7\/","title":{"rendered":"Olex n\u00f6tter med ostsmak - 140 g"},"content":{"rendered":"<p data-start=\"41\" data-end=\"154\">Rostade n\u00f6tter i en rik, ostliknande dressing som ger en distinkt kr\u00e4mig smak med ett behagligt krisp, perfekt f\u00f6r dem som \u00e4lskar den distinkta smaken av ost.<\/p>\n<p data-start=\"156\" data-end=\"275\">- Noggrant rostade blandade n\u00f6tter<br data-start=\"182\" data-end=\"185\" \/>- Rik, uttalad ostsmak<br data-start=\"208\" data-end=\"211\" \/>- Krispig konsistens och balanserad smak<br data-start=\"235\" data-end=\"238\" \/>- Perfekt f\u00f6r underh\u00e5llning och som tillbeh\u00f6r till drinkar<\/p>\n<p data-start=\"277\" data-end=\"294\"><strong data-start=\"277\" data-end=\"294\">Produktinformation<\/strong><\/p>\n<p data-start=\"296\" data-end=\"395\">- Varum\u00e4rke Olex<br data-start=\"320\" data-end=\"323\" \/>- Typ av produkt: Blandade n\u00f6tter<br data-start=\"344\" data-end=\"347\" \/>- Smak: Ost<br data-start=\"361\" data-end=\"364\" \/>- F\u00f6rpackning: F\u00f6rseglad f\u00f6rpackning<\/p>\n<p data-start=\"397\" data-end=\"406\"><strong data-start=\"397\" data-end=\"406\">Vikt<\/strong><\/p>\n<p data-start=\"408\" data-end=\"420\">- 140 gram<\/p>\n<p data-start=\"422\" data-end=\"437\"><strong data-start=\"422\" data-end=\"437\">Hur du sparar<\/strong><\/p>\n<p data-start=\"439\" data-end=\"518\" data-is-last-node=\"\" data-is-only-node=\"\">- F\u00f6rvaras p\u00e5 en sval och torr plats<br data-start=\"464\" data-end=\"467\" \/>- F\u00f6rslut t\u00e4tt efter \u00f6ppnandet f\u00f6r att bevara smak och krispighet<\/p>","protected":false},"excerpt":{"rendered":"<p>Rostade n\u00f6tter i en rik, ostliknande dressing som ger en distinkt kr\u00e4mig smak med ett behagligt krisp, perfekt f\u00f6r dem som \u00e4lskar den distinkta smaken av ost.<\/p>","protected":false},"featured_media":59635,"template":"","meta":[],"product_brand":[],"product_cat":[308,347],"product_tag":[],"class_list":{"0":"post-59634","1":"product","2":"type-product","3":"status-publish","4":"has-post-thumbnail","6":"product_cat-308","7":"product_cat-347","9":"first","10":"instock","11":"taxable","12":"shipping-taxable","13":"purchasable","14":"product-type-simple"},"_links":{"self":[{"href":"https:\/\/senabel.com\/sv\/wp-json\/wp\/v2\/product\/59634","targetHints":{"allow":["GET"]}}],"collection":[{"href":"https:\/\/senabel.com\/sv\/wp-json\/wp\/v2\/product"}],"about":[{"href":"https:\/\/senabel.com\/sv\/wp-json\/wp\/v2\/types\/product"}],"version-history":[{"count":3,"href":"https:\/\/senabel.com\/sv\/wp-json\/wp\/v2\/product\/59634\/revisions"}],"predecessor-version":[{"id":60609,"href":"https:\/\/senabel.com\/sv\/wp-json\/wp\/v2\/product\/59634\/revisions\/60609"}],"wp:featuredmedia":[{"embeddable":true,"href":"https:\/\/senabel.com\/sv\/wp-json\/wp\/v2\/media\/59635"}],"wp:attachment":[{"href":"https:\/\/senabel.com\/sv\/wp-json\/wp\/v2\/media?parent=59634"}],"wp:term":[{"taxonomy":"product_brand","embeddable":true,"href":"https:\/\/senabel.com\/sv\/wp-json\/wp\/v2\/product_brand?post=59634"},{"taxonomy":"product_cat","embeddable":true,"href":"https:\/\/senabel.com\/sv\/wp-json\/wp\/v2\/product_cat?post=59634"},{"taxonomy":"product_tag","embeddable":true,"href":"https:\/\/senabel.com\/sv\/wp-json\/wp\/v2\/product_tag?post=59634"}],"curies":[{"name":"wp","href":"https:\/\/api.w.org\/{rel}","templated":true}]}}