{"id":59630,"date":"2026-01-04T13:53:29","date_gmt":"2026-01-04T13:53:29","guid":{"rendered":"https:\/\/senabel.com\/?post_type=product&#038;p=59630"},"modified":"2026-04-03T08:08:08","modified_gmt":"2026-04-03T08:08:08","slug":"olx-notter-9","status":"publish","type":"product","link":"https:\/\/senabel.com\/sv\/product\/olx-nuts-9\/","title":{"rendered":"Olex sura smaksatta n\u00f6tter - 140 g"},"content":{"rendered":"<p data-start=\"41\" data-end=\"166\">En omsorgsfullt rostad blandning av n\u00f6tter med en syrlig dressing som ger en dj\u00e4rv smak och en balanserad smak som kombinerar mild syra med ett l\u00e4ckert krisp.<\/p>\n<p data-start=\"168\" data-end=\"302\">- Noggrant utvald n\u00f6tblandning<br data-start=\"194\" data-end=\"197\" \/>- Uppfriskande syrlig smak med en l\u00e4tt syrlighet<br data-start=\"226\" data-end=\"229\" \/>- Krispig konsistens och utpr\u00e4glad smak<br data-start=\"251\" data-end=\"254\" \/>- L\u00e4mplig f\u00f6r vardagliga desserter och f\u00f6r dem som \u00e4lskar syrliga smaker<\/p>\n<p data-start=\"304\" data-end=\"321\"><strong data-start=\"304\" data-end=\"321\">Produktinformation<\/strong><\/p>\n<p data-start=\"323\" data-end=\"422\">- Varum\u00e4rke Olex<br data-start=\"347\" data-end=\"350\" \/>- Typ av produkt: Blandade n\u00f6tter<br data-start=\"371\" data-end=\"374\" \/>- Smak: Sur<br data-start=\"388\" data-end=\"391\" \/>- F\u00f6rpackning: F\u00f6rseglad f\u00f6rpackning<\/p>\n<p data-start=\"424\" data-end=\"433\"><strong data-start=\"424\" data-end=\"433\">Vikt<\/strong><\/p>\n<p data-start=\"435\" data-end=\"447\">- 140 gram<\/p>\n<p data-start=\"449\" data-end=\"464\"><strong data-start=\"449\" data-end=\"464\">Hur du sparar<\/strong><\/p>\n<p data-start=\"466\" data-end=\"543\" data-is-last-node=\"\" data-is-only-node=\"\">- F\u00f6rvaras p\u00e5 en sval och torr plats<br data-start=\"491\" data-end=\"494\" \/>- F\u00f6rslut t\u00e4tt efter \u00f6ppnandet f\u00f6r att bevara kvalitet och smak<\/p>","protected":false},"excerpt":{"rendered":"<p>En omsorgsfullt rostad blandning av n\u00f6tter med en syrlig dressing som ger en dj\u00e4rv smak och en balanserad smak som kombinerar mild syra med ett l\u00e4ckert krisp.<\/p>","protected":false},"featured_media":59631,"template":"","meta":[],"product_brand":[],"product_cat":[347,308],"product_tag":[],"class_list":{"0":"post-59630","1":"product","2":"type-product","3":"status-publish","4":"has-post-thumbnail","6":"product_cat-347","7":"product_cat-308","9":"first","10":"instock","11":"taxable","12":"shipping-taxable","13":"purchasable","14":"product-type-simple"},"_links":{"self":[{"href":"https:\/\/senabel.com\/sv\/wp-json\/wp\/v2\/product\/59630","targetHints":{"allow":["GET"]}}],"collection":[{"href":"https:\/\/senabel.com\/sv\/wp-json\/wp\/v2\/product"}],"about":[{"href":"https:\/\/senabel.com\/sv\/wp-json\/wp\/v2\/types\/product"}],"version-history":[{"count":2,"href":"https:\/\/senabel.com\/sv\/wp-json\/wp\/v2\/product\/59630\/revisions"}],"predecessor-version":[{"id":59633,"href":"https:\/\/senabel.com\/sv\/wp-json\/wp\/v2\/product\/59630\/revisions\/59633"}],"wp:featuredmedia":[{"embeddable":true,"href":"https:\/\/senabel.com\/sv\/wp-json\/wp\/v2\/media\/59631"}],"wp:attachment":[{"href":"https:\/\/senabel.com\/sv\/wp-json\/wp\/v2\/media?parent=59630"}],"wp:term":[{"taxonomy":"product_brand","embeddable":true,"href":"https:\/\/senabel.com\/sv\/wp-json\/wp\/v2\/product_brand?post=59630"},{"taxonomy":"product_cat","embeddable":true,"href":"https:\/\/senabel.com\/sv\/wp-json\/wp\/v2\/product_cat?post=59630"},{"taxonomy":"product_tag","embeddable":true,"href":"https:\/\/senabel.com\/sv\/wp-json\/wp\/v2\/product_tag?post=59630"}],"curies":[{"name":"wp","href":"https:\/\/api.w.org\/{rel}","templated":true}]}}