{"id":59626,"date":"2026-01-04T13:53:28","date_gmt":"2026-01-04T13:53:28","guid":{"rendered":"https:\/\/senabel.com\/?post_type=product&#038;p=59626"},"modified":"2026-03-16T02:09:38","modified_gmt":"2026-03-16T02:09:38","slug":"olx-notter-8","status":"publish","type":"product","link":"https:\/\/senabel.com\/sv\/product\/olx-nuts-8\/","title":{"rendered":"Olex n\u00f6tter med saltsmak - 140g"},"content":{"rendered":"<p data-start=\"40\" data-end=\"159\">En premiumn\u00f6tsmix som \u00e4r omsorgsfullt rostad och kryddad med en balanserad touch av salt som framh\u00e4ver den naturliga smaken hos n\u00f6tterna och skapar en krispig och l\u00e4cker upplevelse i varje tugga.<\/p>\n<p data-start=\"161\" data-end=\"298\">- Utvalda n\u00f6tblandningar av h\u00f6g kvalitet<br data-start=\"192\" data-end=\"195\" \/>- Mild och balanserad saltsmak<br data-start=\"220\" data-end=\"223\" \/>- Krispig konsistens och fyllig smak<br data-start=\"244\" data-end=\"247\" \/>- L\u00e4mplig som ett dagligt mellanm\u00e5l eller f\u00f6r servering med drycker<\/p>\n<p data-start=\"300\" data-end=\"317\"><strong data-start=\"300\" data-end=\"317\">Produktinformation<\/strong><\/p>\n<p data-start=\"319\" data-end=\"417\">- Varum\u00e4rke Olex<br data-start=\"343\" data-end=\"346\" \/>- Typ av produkt: Blandade n\u00f6tter<br data-start=\"367\" data-end=\"370\" \/>- Smak: Salt<br data-start=\"383\" data-end=\"386\" \/>- F\u00f6rpackning: F\u00f6rseglad f\u00f6rpackning<\/p>\n<p data-start=\"419\" data-end=\"428\"><strong data-start=\"419\" data-end=\"428\">Vikt<\/strong><\/p>\n<p data-start=\"430\" data-end=\"442\">- 140 gram<\/p>\n<p data-start=\"444\" data-end=\"459\"><strong data-start=\"444\" data-end=\"459\">Hur du sparar<\/strong><\/p>\n<p data-start=\"461\" data-end=\"539\" data-is-last-node=\"\" data-is-only-node=\"\">- F\u00f6rvaras p\u00e5 en sval och torr plats<br data-start=\"486\" data-end=\"489\" \/>- F\u00f6rslut t\u00e4tt efter \u00f6ppnandet f\u00f6r att bevara krispighet och smak<\/p>","protected":false},"excerpt":{"rendered":"<p>En premiumn\u00f6tsmix som \u00e4r omsorgsfullt rostad och kryddad med en balanserad touch av salt som framh\u00e4ver den naturliga smaken hos n\u00f6tterna och skapar en krispig och l\u00e4cker upplevelse i varje tugga.<\/p>","protected":false},"featured_media":59627,"template":"","meta":[],"product_brand":[],"product_cat":[347,308],"product_tag":[],"class_list":{"0":"post-59626","1":"product","2":"type-product","3":"status-publish","4":"has-post-thumbnail","6":"product_cat-347","7":"product_cat-308","9":"first","10":"instock","11":"taxable","12":"shipping-taxable","13":"purchasable","14":"product-type-simple"},"_links":{"self":[{"href":"https:\/\/senabel.com\/sv\/wp-json\/wp\/v2\/product\/59626","targetHints":{"allow":["GET"]}}],"collection":[{"href":"https:\/\/senabel.com\/sv\/wp-json\/wp\/v2\/product"}],"about":[{"href":"https:\/\/senabel.com\/sv\/wp-json\/wp\/v2\/types\/product"}],"version-history":[{"count":2,"href":"https:\/\/senabel.com\/sv\/wp-json\/wp\/v2\/product\/59626\/revisions"}],"predecessor-version":[{"id":59629,"href":"https:\/\/senabel.com\/sv\/wp-json\/wp\/v2\/product\/59626\/revisions\/59629"}],"wp:featuredmedia":[{"embeddable":true,"href":"https:\/\/senabel.com\/sv\/wp-json\/wp\/v2\/media\/59627"}],"wp:attachment":[{"href":"https:\/\/senabel.com\/sv\/wp-json\/wp\/v2\/media?parent=59626"}],"wp:term":[{"taxonomy":"product_brand","embeddable":true,"href":"https:\/\/senabel.com\/sv\/wp-json\/wp\/v2\/product_brand?post=59626"},{"taxonomy":"product_cat","embeddable":true,"href":"https:\/\/senabel.com\/sv\/wp-json\/wp\/v2\/product_cat?post=59626"},{"taxonomy":"product_tag","embeddable":true,"href":"https:\/\/senabel.com\/sv\/wp-json\/wp\/v2\/product_tag?post=59626"}],"curies":[{"name":"wp","href":"https:\/\/api.w.org\/{rel}","templated":true}]}}