{"id":59186,"date":"2025-12-17T20:31:16","date_gmt":"2025-12-17T20:31:16","guid":{"rendered":"https:\/\/senabel.com\/?post_type=product&#038;p=59186"},"modified":"2026-04-20T12:21:05","modified_gmt":"2026-04-20T12:21:05","slug":"kokosnotsbollar-2","status":"publish","type":"product","link":"https:\/\/senabel.com\/sv\/product\/coconut-balls-2\/","title":{"rendered":"Josiah"},"content":{"rendered":"<p data-start=\"814\" data-end=\"955\">En traditionell dessert med rik kokossmak, mjuk konsistens och en balanserad smak som kombinerar s\u00f6tma och naturlig smak, perfekt att servera till kaffet eller som mellanm\u00e5l.<\/p>\n<p data-start=\"957\" data-end=\"1073\">- Mjuk och fast konsistens<br data-start=\"975\" data-end=\"978\" \/>- Kokossmaken \u00e4r uttalad och fyllig<br data-start=\"1006\" data-end=\"1009\" \/>- Praktisk storlek f\u00f6r individuell presentation<br data-start=\"1034\" data-end=\"1037\" \/>- L\u00e4mplig f\u00f6r representation eller vardagsbruk<\/p>\n<p data-start=\"1075\" data-end=\"1092\"><strong data-start=\"1075\" data-end=\"1092\">Produktinformation<\/strong><\/p>\n<p data-start=\"1094\" data-end=\"1186\">- Typ av boll Kokosn\u00f6tsbollar<br data-start=\"1117\" data-end=\"1120\" \/>- Textur: Mjuk<br data-start=\"1133\" data-end=\"1136\" \/>- Smak: Kokosn\u00f6t<br data-start=\"1155\" data-end=\"1158\" \/>- F\u00f6rpackning: Individuellt f\u00f6rpackad<\/p>\n<p data-start=\"1188\" data-end=\"1205\"><strong data-start=\"1188\" data-end=\"1205\">Tillg\u00e4nglig vikt<\/strong><\/p>\n<p data-start=\"1207\" data-end=\"1218\">- 70 gram<\/p>\n<p data-start=\"1220\" data-end=\"1235\"><strong data-start=\"1220\" data-end=\"1235\">Hur du sparar<\/strong><\/p>\n<p data-start=\"1237\" data-end=\"1302\">- F\u00f6rvaras p\u00e5 en sval och torr plats<br data-start=\"1262\" data-end=\"1265\" \/>- F\u00f6rvara den helst borta fr\u00e5n direkt v\u00e4rme<\/p>","protected":false},"excerpt":{"rendered":"<p>En traditionell dessert med rik kokossmak, mjuk konsistens och en balanserad smak som kombinerar s\u00f6tma och naturlig smak, perfekt att servera till kaffet eller som mellanm\u00e5l.<\/p>","protected":false},"featured_media":59187,"template":"","meta":[],"product_brand":[],"product_cat":[377,220,221],"product_tag":[],"class_list":{"0":"post-59186","1":"product","2":"type-product","3":"status-publish","4":"has-post-thumbnail","6":"product_cat-377","7":"product_cat-220","8":"product_cat-221","10":"first","11":"instock","12":"taxable","13":"shipping-taxable","14":"purchasable","15":"product-type-simple"},"_links":{"self":[{"href":"https:\/\/senabel.com\/sv\/wp-json\/wp\/v2\/product\/59186","targetHints":{"allow":["GET"]}}],"collection":[{"href":"https:\/\/senabel.com\/sv\/wp-json\/wp\/v2\/product"}],"about":[{"href":"https:\/\/senabel.com\/sv\/wp-json\/wp\/v2\/types\/product"}],"version-history":[{"count":2,"href":"https:\/\/senabel.com\/sv\/wp-json\/wp\/v2\/product\/59186\/revisions"}],"predecessor-version":[{"id":59403,"href":"https:\/\/senabel.com\/sv\/wp-json\/wp\/v2\/product\/59186\/revisions\/59403"}],"wp:featuredmedia":[{"embeddable":true,"href":"https:\/\/senabel.com\/sv\/wp-json\/wp\/v2\/media\/59187"}],"wp:attachment":[{"href":"https:\/\/senabel.com\/sv\/wp-json\/wp\/v2\/media?parent=59186"}],"wp:term":[{"taxonomy":"product_brand","embeddable":true,"href":"https:\/\/senabel.com\/sv\/wp-json\/wp\/v2\/product_brand?post=59186"},{"taxonomy":"product_cat","embeddable":true,"href":"https:\/\/senabel.com\/sv\/wp-json\/wp\/v2\/product_cat?post=59186"},{"taxonomy":"product_tag","embeddable":true,"href":"https:\/\/senabel.com\/sv\/wp-json\/wp\/v2\/product_tag?post=59186"}],"curies":[{"name":"wp","href":"https:\/\/api.w.org\/{rel}","templated":true}]}}