{"id":59181,"date":"2025-12-17T20:28:27","date_gmt":"2025-12-17T20:28:27","guid":{"rendered":"https:\/\/senabel.com\/?post_type=product&#038;p=59181"},"modified":"2025-12-20T18:39:55","modified_gmt":"2025-12-20T18:39:55","slug":"frystorkad-marshmallow","status":"publish","type":"product","link":"https:\/\/senabel.com\/sv\/product\/freeze-dried-marshmallow\/","title":{"rendered":"Frystorkad marshmallow"},"content":{"rendered":"<p data-start=\"183\" data-end=\"359\">En innovativ marshmallow tillverkad med frystorkningsteknik f\u00f6r att ge en l\u00e4tt och krispig konsistens samtidigt som den s\u00f6ta smaken och de klara f\u00e4rgerna bibeh\u00e5lls, en rolig upplevelse f\u00f6r barn och vuxna som ger en rolig touch till alla tillf\u00e4llen.<\/p>\n<p data-start=\"361\" data-end=\"563\">- L\u00e4tt och krispigt godis tillverkat med frystorkningsteknik<br data-start=\"412\" data-end=\"415\" \/>- Krispig konsistens som sm\u00e4lter i munnen med en uttalad marshmallowsmak<br data-start=\"460\" data-end=\"463\" \/>- Olika former och f\u00e4rger ger visuellt intresse och smak<br data-start=\"514\" data-end=\"517\" \/>- L\u00e4mplig f\u00f6r omedelbar konsumtion eller f\u00f6r garnering och desserter<\/p>\n<p data-start=\"565\" data-end=\"582\"><strong data-start=\"565\" data-end=\"582\">Produktinformation<\/strong><\/p>\n<p data-start=\"584\" data-end=\"692\">- Typ av produkt: Frystorkad marshmallow<br data-start=\"615\" data-end=\"618\" \/>- Konsistens: Knaprig och l\u00e4tt<br data-start=\"639\" data-end=\"642\" \/>- Smak\u00e4mnen: Problem<br data-start=\"658\" data-end=\"661\" \/>- F\u00f6rpackning: F\u00f6rseglad l\u00e5da<\/p>\n<p data-start=\"694\" data-end=\"714\"><strong data-start=\"694\" data-end=\"714\">Tillg\u00e4ngliga vikter<\/strong><\/p>\n<p data-start=\"716\" data-end=\"741\">- 75 gram<br data-start=\"726\" data-end=\"729\" \/>- 150 gram<\/p>\n<p data-start=\"743\" data-end=\"758\"><strong data-start=\"743\" data-end=\"758\">Hur du sparar<\/strong><\/p>\n<p data-start=\"760\" data-end=\"833\">- F\u00f6rvaras p\u00e5 en sval och torr plats<br data-start=\"785\" data-end=\"788\" \/>- F\u00f6rslut t\u00e4tt efter \u00f6ppnandet f\u00f6r att bevara krispigheten<\/p>","protected":false},"excerpt":{"rendered":"<p>En innovativ marshmallow tillverkad med frystorkningsteknik f\u00f6r att ge en l\u00e4tt och krispig konsistens samtidigt som den s\u00f6ta smaken och de klara f\u00e4rgerna bibeh\u00e5lls, en rolig upplevelse f\u00f6r barn och vuxna som ger en rolig touch till alla tillf\u00e4llen.<\/p>","protected":false},"featured_media":59182,"template":"","meta":[],"product_brand":[],"product_cat":[377,349,367],"product_tag":[],"class_list":{"0":"post-59181","1":"product","2":"type-product","3":"status-publish","4":"has-post-thumbnail","6":"product_cat-377","7":"product_cat-349","8":"product_cat-367","10":"first","11":"instock","12":"taxable","13":"shipping-taxable","14":"purchasable","15":"product-type-variable"},"_links":{"self":[{"href":"https:\/\/senabel.com\/sv\/wp-json\/wp\/v2\/product\/59181","targetHints":{"allow":["GET"]}}],"collection":[{"href":"https:\/\/senabel.com\/sv\/wp-json\/wp\/v2\/product"}],"about":[{"href":"https:\/\/senabel.com\/sv\/wp-json\/wp\/v2\/types\/product"}],"version-history":[{"count":2,"href":"https:\/\/senabel.com\/sv\/wp-json\/wp\/v2\/product\/59181\/revisions"}],"predecessor-version":[{"id":59268,"href":"https:\/\/senabel.com\/sv\/wp-json\/wp\/v2\/product\/59181\/revisions\/59268"}],"wp:featuredmedia":[{"embeddable":true,"href":"https:\/\/senabel.com\/sv\/wp-json\/wp\/v2\/media\/59182"}],"wp:attachment":[{"href":"https:\/\/senabel.com\/sv\/wp-json\/wp\/v2\/media?parent=59181"}],"wp:term":[{"taxonomy":"product_brand","embeddable":true,"href":"https:\/\/senabel.com\/sv\/wp-json\/wp\/v2\/product_brand?post=59181"},{"taxonomy":"product_cat","embeddable":true,"href":"https:\/\/senabel.com\/sv\/wp-json\/wp\/v2\/product_cat?post=59181"},{"taxonomy":"product_tag","embeddable":true,"href":"https:\/\/senabel.com\/sv\/wp-json\/wp\/v2\/product_tag?post=59181"}],"curies":[{"name":"wp","href":"https:\/\/api.w.org\/{rel}","templated":true}]}}